{"id":9360,"date":"2026-05-12T13:35:07","date_gmt":"2026-05-12T13:35:07","guid":{"rendered":"https:\/\/educaredigital.online\/loja\/?post_type=product&#038;p=9360"},"modified":"2026-05-12T13:35:07","modified_gmt":"2026-05-12T13:35:07","slug":"memoria-expressoes-e-emocoes","status":"publish","type":"product","link":"https:\/\/educaredigital.online\/loja\/produto\/memoria-expressoes-e-emocoes\/","title":{"rendered":"Mem\u00f3ria Express\u00f5es e Emo\u00e7\u00f5es"},"content":{"rendered":"<p class=\"ds-markdown-paragraph\"><strong><span class=\"\">Mem\u00f3ria Express\u00f5es e Emo\u00e7\u00f5es<\/span><\/strong><span class=\"\">\u00a0<\/span><span class=\"\">Al\u00e9m de trabalhar a\u00a0<\/span><strong><span class=\"\">mem\u00f3ria visual<\/span><\/strong><span class=\"\">\u00a0e a\u00a0<\/span><strong><span class=\"\">concentra\u00e7\u00e3o<\/span><\/strong><span class=\"\">\u00a0de forma l\u00fadica, o jogo tem um forte apelo\u00a0<\/span><strong><span class=\"\">socioemocional<\/span><\/strong><span class=\"\">: ao virar as cartas e encontrar os pares, a crian\u00e7a \u00e9 incentivada a\u00a0<\/span><strong><span class=\"\">nomear e reconhecer as emo\u00e7\u00f5es<\/span><\/strong><span class=\"\">\u00a0representadas, desenvolvendo a\u00a0<\/span><strong><span class=\"\">intelig\u00eancia emocional<\/span><\/strong><span class=\"\">\u00a0e a\u00a0<\/span><strong><span class=\"\">empatia<\/span><\/strong><span class=\"\">. O momento da brincadeira tamb\u00e9m permite que adultos ou educadores conversem sobre cada sentimento, perguntando &#8220;quando voc\u00ea se sentiu assim?&#8221; ou &#8220;o que podemos fazer quando algu\u00e9m est\u00e1 triste?&#8221;. Assim, o Mem\u00f3ria Express\u00f5es e Emo\u00e7\u00f5es se torna uma ferramenta completa para o aprendizado, unindo cogni\u00e7\u00e3o, linguagem e habilidades sociais \u2014 tudo isso com a divers\u00e3o garantida do jogo da mem\u00f3ria.<\/span><\/p>\n<div class=\"details-table-wrapper\">\n<table class=\"product-details-table\">\n<tbody>\n<tr>\n<td>Marca<\/td>\n<td>Maxi Toys<\/td>\n<\/tr>\n<tr>\n<td>Material<\/td>\n<td>Pl\u00e1stico<\/td>\n<\/tr>\n<tr>\n<td>Faixa Et\u00e1ria<\/td>\n<td>A partir de 3 Anos<\/td>\n<\/tr>\n<\/tbody>\n<\/table>\n<\/div>\n","protected":false},"excerpt":{"rendered":"<p>Mem\u00f3ria Express\u00f5es e Emo\u00e7\u00f5es\u00a0Al\u00e9m de trabalhar a\u00a0mem\u00f3ria visual\u00a0e a\u00a0concentra\u00e7\u00e3o\u00a0de forma l\u00fadica, o jogo tem um forte apelo\u00a0socioemocional: ao virar as cartas e encontrar os pares, a crian\u00e7a \u00e9 incentivada a\u00a0nomear e reconhecer as emo\u00e7\u00f5es\u00a0representadas, desenvolvendo a\u00a0intelig\u00eancia emocional\u00a0e a\u00a0empatia. O momento<\/p>\n","protected":false},"featured_media":9361,"comment_status":"open","ping_status":"closed","template":"","meta":[],"product_brand":[238],"product_cat":[211],"product_tag":[],"class_list":{"0":"post-9360","1":"product","2":"type-product","3":"status-publish","6":"product_brand-maxi-toys","7":"product_cat-psicomotricidade-jogos-e-brinquedos","9":"first","10":"instock","11":"shipping-taxable","12":"purchasable","13":"product-type-simple"},"_links":{"self":[{"href":"https:\/\/educaredigital.online\/loja\/wp-json\/wp\/v2\/product\/9360","targetHints":{"allow":["GET"]}}],"collection":[{"href":"https:\/\/educaredigital.online\/loja\/wp-json\/wp\/v2\/product"}],"about":[{"href":"https:\/\/educaredigital.online\/loja\/wp-json\/wp\/v2\/types\/product"}],"replies":[{"embeddable":true,"href":"https:\/\/educaredigital.online\/loja\/wp-json\/wp\/v2\/comments?post=9360"}],"wp:featuredmedia":[{"embeddable":true,"href":"https:\/\/educaredigital.online\/loja\/wp-json\/wp\/v2\/media\/9361"}],"wp:attachment":[{"href":"https:\/\/educaredigital.online\/loja\/wp-json\/wp\/v2\/media?parent=9360"}],"wp:term":[{"taxonomy":"product_brand","embeddable":true,"href":"https:\/\/educaredigital.online\/loja\/wp-json\/wp\/v2\/product_brand?post=9360"},{"taxonomy":"product_cat","embeddable":true,"href":"https:\/\/educaredigital.online\/loja\/wp-json\/wp\/v2\/product_cat?post=9360"},{"taxonomy":"product_tag","embeddable":true,"href":"https:\/\/educaredigital.online\/loja\/wp-json\/wp\/v2\/product_tag?post=9360"}],"curies":[{"name":"wp","href":"https:\/\/api.w.org\/{rel}","templated":true}]}}