{"id":9337,"date":"2026-05-12T12:32:54","date_gmt":"2026-05-12T12:32:54","guid":{"rendered":"https:\/\/educaredigital.online\/loja\/?post_type=product&#038;p=9337"},"modified":"2026-05-12T12:32:54","modified_gmt":"2026-05-12T12:32:54","slug":"blocos-de-encaixe-expressoes-e-emocoes","status":"publish","type":"product","link":"https:\/\/educaredigital.online\/loja\/produto\/blocos-de-encaixe-expressoes-e-emocoes\/","title":{"rendered":"Blocos de Encaixe  Express\u00f5es e Emo\u00e7\u00f5es"},"content":{"rendered":"<p class=\"ds-markdown-paragraph\"><strong><span class=\"\">Blocos de Encaixe Express\u00f5es e Emo\u00e7\u00f5es <\/span><\/strong><span class=\"\">\u00a0\u00e9 um brinquedo vibrante e interativo, confeccionado em\u00a0<\/span><strong><span class=\"\">pl\u00e1stico polipropileno at\u00f3xico de alto brilho<\/span><\/strong><span class=\"\">, garantindo seguran\u00e7a e durabilidade<\/span><span class=\"\">. O conjunto cont\u00e9m\u00a0<\/span><strong><span class=\"\">10 pe\u00e7as coloridas<\/span><\/strong><span class=\"\">, cada uma com aproximadamente\u00a0<\/span><strong><span class=\"\">10&#215;10 cm<\/span><\/strong><span class=\"\">, um tamanho seguro que impede que sejam engolidas<\/span><span class=\"\">. Divididas em duas partes encaix\u00e1veis, cada pe\u00e7a possui ilustra\u00e7\u00f5es nos\u00a0<\/span><strong><span class=\"\">quatro lados<\/span><\/strong><span class=\"\">, formando um total de\u00a0<\/span><strong><span class=\"\">20 desafios de quebra-cabe\u00e7a f\u00e1ceis de montar<\/span><\/strong><span class=\"\">. Al\u00e9m disso, o brinquedo vem em uma pr\u00e1tica\u00a0<\/span><strong><span class=\"\">sacola de PVC cristal com z\u00edper e al\u00e7a<\/span><\/strong><span class=\"\">, perfeita para manter tudo organizado ap\u00f3s a brincadeira<\/span><span class=\"\">.<\/span><\/p>\n<p class=\"ds-markdown-paragraph\"><span class=\"\">Mais do que um simples jogo de encaixar, este \u00e9 um\u00a0<\/span><strong><span class=\"\">brinquedo educativo<\/span><\/strong><span class=\"\">\u00a0pensado para ajudar as crian\u00e7as a\u00a0<\/span><strong><span class=\"\">reconhecer e compreender suas emo\u00e7\u00f5es<\/span><\/strong><span class=\"\">\u00a0de um jeito l\u00fadico, ao mesmo tempo em que estimula a\u00a0<\/span><strong><span class=\"\">coordena\u00e7\u00e3o motora fina e o racioc\u00ednio l\u00f3gico<\/span><\/strong><span class=\"\">. Para completar, sua embalagem n\u00e3o apenas facilita o armazenamento, como tamb\u00e9m incentiva a organiza\u00e7\u00e3o, tornando a hora da brincadeira ainda mais completa.<\/span><\/p>\n<div class=\"details-table-wrapper\">\n<table class=\"product-details-table\">\n<tbody>\n<tr>\n<td>Marca<\/td>\n<td>Maxi Toys<\/td>\n<\/tr>\n<tr>\n<td>Material<\/td>\n<td>Pl\u00e1stico<\/td>\n<\/tr>\n<tr>\n<td>Faixa Et\u00e1ria<\/td>\n<td>A partir de 3 Anos<\/td>\n<\/tr>\n<\/tbody>\n<\/table>\n<\/div>\n","protected":false},"excerpt":{"rendered":"<p>Blocos de Encaixe Express\u00f5es e Emo\u00e7\u00f5es \u00a0\u00e9 um brinquedo vibrante e interativo, confeccionado em\u00a0pl\u00e1stico polipropileno at\u00f3xico de alto brilho, garantindo seguran\u00e7a e durabilidade. O conjunto cont\u00e9m\u00a010 pe\u00e7as coloridas, cada uma com aproximadamente\u00a010&#215;10 cm, um tamanho seguro que impede que sejam<\/p>\n","protected":false},"featured_media":9338,"comment_status":"open","ping_status":"closed","template":"","meta":[],"product_brand":[238],"product_cat":[211],"product_tag":[],"class_list":{"0":"post-9337","1":"product","2":"type-product","3":"status-publish","6":"product_brand-maxi-toys","7":"product_cat-psicomotricidade-jogos-e-brinquedos","9":"first","10":"instock","11":"shipping-taxable","12":"purchasable","13":"product-type-simple"},"_links":{"self":[{"href":"https:\/\/educaredigital.online\/loja\/wp-json\/wp\/v2\/product\/9337","targetHints":{"allow":["GET"]}}],"collection":[{"href":"https:\/\/educaredigital.online\/loja\/wp-json\/wp\/v2\/product"}],"about":[{"href":"https:\/\/educaredigital.online\/loja\/wp-json\/wp\/v2\/types\/product"}],"replies":[{"embeddable":true,"href":"https:\/\/educaredigital.online\/loja\/wp-json\/wp\/v2\/comments?post=9337"}],"wp:featuredmedia":[{"embeddable":true,"href":"https:\/\/educaredigital.online\/loja\/wp-json\/wp\/v2\/media\/9338"}],"wp:attachment":[{"href":"https:\/\/educaredigital.online\/loja\/wp-json\/wp\/v2\/media?parent=9337"}],"wp:term":[{"taxonomy":"product_brand","embeddable":true,"href":"https:\/\/educaredigital.online\/loja\/wp-json\/wp\/v2\/product_brand?post=9337"},{"taxonomy":"product_cat","embeddable":true,"href":"https:\/\/educaredigital.online\/loja\/wp-json\/wp\/v2\/product_cat?post=9337"},{"taxonomy":"product_tag","embeddable":true,"href":"https:\/\/educaredigital.online\/loja\/wp-json\/wp\/v2\/product_tag?post=9337"}],"curies":[{"name":"wp","href":"https:\/\/api.w.org\/{rel}","templated":true}]}}