{"id":9334,"date":"2026-05-12T12:07:17","date_gmt":"2026-05-12T12:07:17","guid":{"rendered":"https:\/\/educaredigital.online\/loja\/?post_type=product&#038;p=9334"},"modified":"2026-05-12T12:17:38","modified_gmt":"2026-05-12T12:17:38","slug":"click-formas","status":"publish","type":"product","link":"https:\/\/educaredigital.online\/loja\/produto\/click-formas\/","title":{"rendered":"Click Formas"},"content":{"rendered":"<div class=\"ds-message _63c77b1\">\n<div class=\"ds-markdown ds-assistant-message-main-content\">\n<p class=\"ds-markdown-paragraph\"><span class=\"\">\u00a0<\/span><strong><span class=\"\">Click Formas <\/span><\/strong><span class=\"\">\u00a0\u00e9 um conjunto de montar composto por\u00a0<\/span><strong><span class=\"\">500 pe\u00e7as de encaixe coloridas<\/span><\/strong><span class=\"\">, todas feitas de pl\u00e1stico at\u00f3xico de alto brilho para seguran\u00e7a e durabilidade<\/span><span class=\"\">. Ele vem em uma pr\u00e1tica\u00a0<\/span><strong><span class=\"\">sacola de PVC transparente com z\u00edper e al\u00e7a<\/span><\/strong><span class=\"\">, ideal para guardar e transportar<\/span><span class=\"\">. As pe\u00e7as v\u00eam em v\u00e1rios formatos e tamanhos, com as medidas aproximadas variando entre\u00a0<\/span><strong><span class=\"\">6 cm e 15 cm<\/span><\/strong><span class=\"\">. O sistema de encaixe \u00e9 por clique, o que facilita a constru\u00e7\u00e3o para as crian\u00e7as e garante a estabilidade das cria\u00e7\u00f5es<\/span><span class=\"\">. Com todas essas caracter\u00edsticas, este \u00e9 um brinquedo que alia divers\u00e3o, praticidade e qualidade.<\/span><\/p>\n<\/div>\n<\/div>\n<div class=\"ds-flex _0a3d93b\">\n<div class=\"ds-flex _965abe9 _54866f7\">\n<div class=\"db183363 ds-icon-button ds-icon-button--m ds-icon-button--sizing-container\" tabindex=\"0\" role=\"button\" aria-disabled=\"false\">\n<p class=\"ds-markdown-paragraph\"><span class=\"\">Mais do que um simples brinquedo, o Click Formas \u00e9 uma poderosa <\/span><strong><span class=\"\">ferramenta educativa<\/span><\/strong><span class=\"\">. Ao manusear as pe\u00e7as e criar as mais variadas formas e estruturas, desde rob\u00f4s e castelos at\u00e9 carrinhos e animais, a crian\u00e7a desenvolve a\u00a0<\/span><strong><span class=\"\">coordena\u00e7\u00e3o motora fina<\/span><\/strong><span class=\"\">, a\u00a0<\/span><strong><span class=\"\">criatividade<\/span><\/strong><span class=\"\">, o\u00a0<\/span><strong><span class=\"\">racioc\u00ednio l\u00f3gico<\/span><\/strong><span class=\"\">\u00a0e a\u00a0<\/span><strong><span class=\"\">percep\u00e7\u00e3o visual<\/span><\/strong><span class=\"\">, habilidades essenciais para o seu desenvolvimento.\u00a0<\/span><\/p>\n<div class=\"details-table-wrapper\">\n<table class=\"product-details-table\">\n<tbody>\n<tr>\n<td>Marca<\/td>\n<td>Maxi Toys<\/td>\n<\/tr>\n<tr>\n<td>Material<\/td>\n<td>Pl\u00e1stico<\/td>\n<\/tr>\n<tr>\n<td>Faixa Et\u00e1ria<\/td>\n<td>A partir de 3 Anos<\/td>\n<\/tr>\n<\/tbody>\n<\/table>\n<\/div>\n<\/div>\n<\/div>\n<\/div>\n","protected":false},"excerpt":{"rendered":"<p>\u00a0Click Formas \u00a0\u00e9 um conjunto de montar composto por\u00a0500 pe\u00e7as de encaixe coloridas, todas feitas de pl\u00e1stico at\u00f3xico de alto brilho para seguran\u00e7a e durabilidade. Ele vem em uma pr\u00e1tica\u00a0sacola de PVC transparente com z\u00edper e al\u00e7a, ideal para guardar<\/p>\n","protected":false},"featured_media":9335,"comment_status":"open","ping_status":"closed","template":"","meta":[],"product_brand":[238],"product_cat":[211],"product_tag":[],"class_list":{"0":"post-9334","1":"product","2":"type-product","3":"status-publish","6":"product_brand-maxi-toys","7":"product_cat-psicomotricidade-jogos-e-brinquedos","9":"first","10":"instock","11":"shipping-taxable","12":"purchasable","13":"product-type-simple"},"_links":{"self":[{"href":"https:\/\/educaredigital.online\/loja\/wp-json\/wp\/v2\/product\/9334","targetHints":{"allow":["GET"]}}],"collection":[{"href":"https:\/\/educaredigital.online\/loja\/wp-json\/wp\/v2\/product"}],"about":[{"href":"https:\/\/educaredigital.online\/loja\/wp-json\/wp\/v2\/types\/product"}],"replies":[{"embeddable":true,"href":"https:\/\/educaredigital.online\/loja\/wp-json\/wp\/v2\/comments?post=9334"}],"wp:featuredmedia":[{"embeddable":true,"href":"https:\/\/educaredigital.online\/loja\/wp-json\/wp\/v2\/media\/9335"}],"wp:attachment":[{"href":"https:\/\/educaredigital.online\/loja\/wp-json\/wp\/v2\/media?parent=9334"}],"wp:term":[{"taxonomy":"product_brand","embeddable":true,"href":"https:\/\/educaredigital.online\/loja\/wp-json\/wp\/v2\/product_brand?post=9334"},{"taxonomy":"product_cat","embeddable":true,"href":"https:\/\/educaredigital.online\/loja\/wp-json\/wp\/v2\/product_cat?post=9334"},{"taxonomy":"product_tag","embeddable":true,"href":"https:\/\/educaredigital.online\/loja\/wp-json\/wp\/v2\/product_tag?post=9334"}],"curies":[{"name":"wp","href":"https:\/\/api.w.org\/{rel}","templated":true}]}}