{"id":9332,"date":"2026-05-12T12:04:25","date_gmt":"2026-05-12T12:04:25","guid":{"rendered":"https:\/\/educaredigital.online\/loja\/?post_type=product&#038;p=9332"},"modified":"2026-05-12T12:04:25","modified_gmt":"2026-05-12T12:04:25","slug":"mil-ideias","status":"publish","type":"product","link":"https:\/\/educaredigital.online\/loja\/produto\/mil-ideias\/","title":{"rendered":"Mil Ideias"},"content":{"rendered":"<p class=\"ds-markdown-paragraph\"><strong><span class=\"\">Mil Ideias<\/span><\/strong><span class=\"\">\u00a0\u00e9 um brinquedo educativo e criativo composto por 160 pe\u00e7as confeccionadas em pl\u00e1stico at\u00f3xico de alto brilho e dimens\u00f5es seguras, que variam de 6&#215;6 cm at\u00e9 20&#215;8 cm<\/span><span class=\"\">. <\/span><span class=\"\">\u00a0Esse conjunto colorido vem acondicionado em uma pr\u00e1tica sacola de PVC resistente com z\u00edper e al\u00e7a (33 cm x 26 cm x 20 cm)<\/span><span class=\"\">, facilitando o transporte e guardar as pe\u00e7as.\u00a0<\/span><\/p>\n<p class=\"ds-markdown-paragraph\"><span class=\"\">\u00c9 projetado para estimular o desenvolvimento cognitivo e motor das crian\u00e7as. As pe\u00e7as de encaixe f\u00e1cil e seguro incentivam a coordena\u00e7\u00e3o motora fina, a concentra\u00e7\u00e3o e a criatividade ao permitir a montagem de in\u00fameras formas e estruturas, desde casas e castelos a ve\u00edculos e animais<\/span><span class=\"\">. A diversidade de modelos e a quantidade generosa de pe\u00e7as tamb\u00e9m promovem a intera\u00e7\u00e3o social e o trabalho em equipe, pois as crian\u00e7as podem colaborar em projetos maiores, compartilhando ideias e desenvolvendo importantes habilidades socioemocionais enquanto brincam.<\/span><\/p>\n<div class=\"details-table-wrapper\">\n<table class=\"product-details-table\">\n<tbody>\n<tr>\n<td>Marca<\/td>\n<td>Maxi Toys<\/td>\n<\/tr>\n<tr>\n<td>Material<\/td>\n<td>Pl\u00e1stico<\/td>\n<\/tr>\n<tr>\n<td>Faixa Et\u00e1ria<\/td>\n<td>A partir de 1 Ano<\/td>\n<\/tr>\n<\/tbody>\n<\/table>\n<\/div>\n","protected":false},"excerpt":{"rendered":"<p>Mil Ideias\u00a0\u00e9 um brinquedo educativo e criativo composto por 160 pe\u00e7as confeccionadas em pl\u00e1stico at\u00f3xico de alto brilho e dimens\u00f5es seguras, que variam de 6&#215;6 cm at\u00e9 20&#215;8 cm. \u00a0Esse conjunto colorido vem acondicionado em uma pr\u00e1tica sacola de PVC<\/p>\n","protected":false},"featured_media":9333,"comment_status":"open","ping_status":"closed","template":"","meta":[],"product_brand":[238],"product_cat":[211],"product_tag":[],"class_list":{"0":"post-9332","1":"product","2":"type-product","3":"status-publish","6":"product_brand-maxi-toys","7":"product_cat-psicomotricidade-jogos-e-brinquedos","9":"first","10":"instock","11":"shipping-taxable","12":"purchasable","13":"product-type-simple"},"_links":{"self":[{"href":"https:\/\/educaredigital.online\/loja\/wp-json\/wp\/v2\/product\/9332","targetHints":{"allow":["GET"]}}],"collection":[{"href":"https:\/\/educaredigital.online\/loja\/wp-json\/wp\/v2\/product"}],"about":[{"href":"https:\/\/educaredigital.online\/loja\/wp-json\/wp\/v2\/types\/product"}],"replies":[{"embeddable":true,"href":"https:\/\/educaredigital.online\/loja\/wp-json\/wp\/v2\/comments?post=9332"}],"wp:featuredmedia":[{"embeddable":true,"href":"https:\/\/educaredigital.online\/loja\/wp-json\/wp\/v2\/media\/9333"}],"wp:attachment":[{"href":"https:\/\/educaredigital.online\/loja\/wp-json\/wp\/v2\/media?parent=9332"}],"wp:term":[{"taxonomy":"product_brand","embeddable":true,"href":"https:\/\/educaredigital.online\/loja\/wp-json\/wp\/v2\/product_brand?post=9332"},{"taxonomy":"product_cat","embeddable":true,"href":"https:\/\/educaredigital.online\/loja\/wp-json\/wp\/v2\/product_cat?post=9332"},{"taxonomy":"product_tag","embeddable":true,"href":"https:\/\/educaredigital.online\/loja\/wp-json\/wp\/v2\/product_tag?post=9332"}],"curies":[{"name":"wp","href":"https:\/\/api.w.org\/{rel}","templated":true}]}}