{"id":9328,"date":"2026-05-11T21:23:23","date_gmt":"2026-05-11T21:23:23","guid":{"rendered":"https:\/\/educaredigital.online\/loja\/?post_type=product&#038;p=9328"},"modified":"2026-05-12T11:51:20","modified_gmt":"2026-05-12T11:51:20","slug":"amiguinhos","status":"publish","type":"product","link":"https:\/\/educaredigital.online\/loja\/produto\/amiguinhos\/","title":{"rendered":"Amiguinhos"},"content":{"rendered":"<p class=\"ds-markdown-paragraph\"><strong><span class=\"\">Amiguinhos <\/span><\/strong><span class=\"\">\u00a0\u00e9 um encantador conjunto de blocos de montar composto por 50 pe\u00e7as coloridas e de tamanho grande, pensado para estimular a criatividade e a coordena\u00e7\u00e3o motora das crian\u00e7as. Confeccionado em pl\u00e1stico at\u00f3xico de alto brilho e com dimens\u00f5es seguras que previnem riscos de ingest\u00e3o, o produto chama a aten\u00e7\u00e3o por suas pe\u00e7as em formato de bichinhos como\u00a0<\/span><strong><span class=\"\">coelho, cachorro, elefante e galinha<\/span><\/strong><span class=\"\">\u00a0<\/span><span class=\"\">. Todo o conjunto vem acondicionado em uma pr\u00e1tica\u00a0<\/span><strong><span class=\"\">sacola de PVC com z\u00edper e al\u00e7a<\/span><\/strong><span class=\"\">\u00a0medindo 32cm x 27cm x 19cm, tornando o transporte e o armazenamento muito mais f\u00e1ceis.<\/span><\/p>\n<p class=\"ds-markdown-paragraph\"><span class=\"\">\u00c9 uma ferramenta pedag\u00f3gica que vai muito al\u00e9m da divers\u00e3o. Ao brincar de encaixar e montar, a crian\u00e7a desenvolve o <\/span><strong><span class=\"\">racioc\u00ednio l\u00f3gico, a percep\u00e7\u00e3o de espa\u00e7o e diferentes formas<\/span><\/strong><span class=\"\">, al\u00e9m de fortalecer a socializa\u00e7\u00e3o ao compartilhar as pe\u00e7as com os amiguinhos\u00a0<\/span><span class=\"\">.<\/span><\/p>\n<div class=\"details-table-wrapper\">\n<table class=\"product-details-table\">\n<tbody>\n<tr>\n<td>Marca<\/td>\n<td>Maxi Toys<\/td>\n<\/tr>\n<tr>\n<td>Material<\/td>\n<td>Pl\u00e1stico<\/td>\n<\/tr>\n<tr>\n<td>Faixa Et\u00e1ria<\/td>\n<td>A partir de 3 Anos<\/td>\n<\/tr>\n<\/tbody>\n<\/table>\n<\/div>\n","protected":false},"excerpt":{"rendered":"<p>Amiguinhos \u00a0\u00e9 um encantador conjunto de blocos de montar composto por 50 pe\u00e7as coloridas e de tamanho grande, pensado para estimular a criatividade e a coordena\u00e7\u00e3o motora das crian\u00e7as. Confeccionado em pl\u00e1stico at\u00f3xico de alto brilho e com dimens\u00f5es seguras<\/p>\n","protected":false},"featured_media":9329,"comment_status":"open","ping_status":"closed","template":"","meta":[],"product_brand":[238],"product_cat":[211],"product_tag":[],"class_list":{"0":"post-9328","1":"product","2":"type-product","3":"status-publish","6":"product_brand-maxi-toys","7":"product_cat-psicomotricidade-jogos-e-brinquedos","9":"first","10":"instock","11":"shipping-taxable","12":"purchasable","13":"product-type-simple"},"_links":{"self":[{"href":"https:\/\/educaredigital.online\/loja\/wp-json\/wp\/v2\/product\/9328","targetHints":{"allow":["GET"]}}],"collection":[{"href":"https:\/\/educaredigital.online\/loja\/wp-json\/wp\/v2\/product"}],"about":[{"href":"https:\/\/educaredigital.online\/loja\/wp-json\/wp\/v2\/types\/product"}],"replies":[{"embeddable":true,"href":"https:\/\/educaredigital.online\/loja\/wp-json\/wp\/v2\/comments?post=9328"}],"wp:featuredmedia":[{"embeddable":true,"href":"https:\/\/educaredigital.online\/loja\/wp-json\/wp\/v2\/media\/9329"}],"wp:attachment":[{"href":"https:\/\/educaredigital.online\/loja\/wp-json\/wp\/v2\/media?parent=9328"}],"wp:term":[{"taxonomy":"product_brand","embeddable":true,"href":"https:\/\/educaredigital.online\/loja\/wp-json\/wp\/v2\/product_brand?post=9328"},{"taxonomy":"product_cat","embeddable":true,"href":"https:\/\/educaredigital.online\/loja\/wp-json\/wp\/v2\/product_cat?post=9328"},{"taxonomy":"product_tag","embeddable":true,"href":"https:\/\/educaredigital.online\/loja\/wp-json\/wp\/v2\/product_tag?post=9328"}],"curies":[{"name":"wp","href":"https:\/\/api.w.org\/{rel}","templated":true}]}}