{"id":9325,"date":"2026-05-11T20:40:44","date_gmt":"2026-05-11T20:40:44","guid":{"rendered":"https:\/\/educaredigital.online\/loja\/produto\/big-construtor-2\/"},"modified":"2026-05-11T21:09:40","modified_gmt":"2026-05-11T21:09:40","slug":"big-construtor-2","status":"publish","type":"product","link":"https:\/\/educaredigital.online\/loja\/produto\/big-construtor-2\/","title":{"rendered":"Big Construtor"},"content":{"rendered":"<p class=\"ds-markdown-paragraph\"><strong><span class=\"\">Big Construtor <\/span><\/strong><span class=\"\">\u00a0um brinquedo educativo e sustent\u00e1vel, perfeito para estimular a criatividade e o racioc\u00ednio l\u00f3gico. Este conjunto \u00e9 confeccionado em\u00a0<\/span><strong><span class=\"\">madeira de lei de alta qualidade<\/span><\/strong><span class=\"\">, com impressionantes 25 mm de espessura, garantindo robustez e durabilidade<\/span><span class=\"\">. As pe\u00e7as s\u00e3o estampadas com a t\u00e9cnica de\u00a0<\/span><strong><span class=\"\">silk screen<\/span><\/strong><span class=\"\">, o que assegura um acabamento impec\u00e1vel e de longa dura\u00e7\u00e3o, resistindo ao desgaste do uso di\u00e1rio<\/span><span class=\"\">. O produto \u00e9 composto por\u00a0<\/span><strong><span class=\"\">47 pe\u00e7as<\/span><\/strong><span class=\"\">\u00a0e vem\u00a0<\/span><strong><span class=\"\">acondicionado em uma pr\u00e1tica caixa de madeira<\/span><\/strong><span class=\"\">, facilitando o armazenamento e a organiza\u00e7\u00e3o<\/span><span class=\"\">.\u00a0<\/span><\/p>\n<p class=\"ds-markdown-paragraph\"><span class=\"\">Mais do que um simples bloco de montar, o Big Construtor \u00e9 uma ferramenta pedag\u00f3gica que auxilia no desenvolvimento da coordena\u00e7\u00e3o motora fina, da percep\u00e7\u00e3o espacial e da resolu\u00e7\u00e3o de problemas.\u00a0<\/span><\/p>\n<div class=\"details-table-wrapper\">\n<table class=\"product-details-table\">\n<tbody>\n<tr>\n<td>Marca<\/td>\n<td>Maxi Toys<\/td>\n<\/tr>\n<tr>\n<td>Material<\/td>\n<td>Madeira<\/td>\n<\/tr>\n<tr>\n<td>Faixa Et\u00e1ria<\/td>\n<td>A partir de 3 Anos<\/td>\n<\/tr>\n<\/tbody>\n<\/table>\n<\/div>\n","protected":false},"excerpt":{"rendered":"<p>Big Construtor \u00a0um brinquedo educativo e sustent\u00e1vel, perfeito para estimular a criatividade e o racioc\u00ednio l\u00f3gico. Este conjunto \u00e9 confeccionado em\u00a0madeira de lei de alta qualidade, com impressionantes 25 mm de espessura, garantindo robustez e durabilidade. As pe\u00e7as s\u00e3o estampadas<\/p>\n","protected":false},"featured_media":9324,"comment_status":"open","ping_status":"closed","template":"","meta":[],"product_brand":[238],"product_cat":[211],"product_tag":[],"class_list":{"0":"post-9325","1":"product","2":"type-product","3":"status-publish","6":"product_brand-maxi-toys","7":"product_cat-psicomotricidade-jogos-e-brinquedos","9":"first","10":"instock","11":"shipping-taxable","12":"purchasable","13":"product-type-simple"},"_links":{"self":[{"href":"https:\/\/educaredigital.online\/loja\/wp-json\/wp\/v2\/product\/9325","targetHints":{"allow":["GET"]}}],"collection":[{"href":"https:\/\/educaredigital.online\/loja\/wp-json\/wp\/v2\/product"}],"about":[{"href":"https:\/\/educaredigital.online\/loja\/wp-json\/wp\/v2\/types\/product"}],"replies":[{"embeddable":true,"href":"https:\/\/educaredigital.online\/loja\/wp-json\/wp\/v2\/comments?post=9325"}],"wp:featuredmedia":[{"embeddable":true,"href":"https:\/\/educaredigital.online\/loja\/wp-json\/wp\/v2\/media\/9324"}],"wp:attachment":[{"href":"https:\/\/educaredigital.online\/loja\/wp-json\/wp\/v2\/media?parent=9325"}],"wp:term":[{"taxonomy":"product_brand","embeddable":true,"href":"https:\/\/educaredigital.online\/loja\/wp-json\/wp\/v2\/product_brand?post=9325"},{"taxonomy":"product_cat","embeddable":true,"href":"https:\/\/educaredigital.online\/loja\/wp-json\/wp\/v2\/product_cat?post=9325"},{"taxonomy":"product_tag","embeddable":true,"href":"https:\/\/educaredigital.online\/loja\/wp-json\/wp\/v2\/product_tag?post=9325"}],"curies":[{"name":"wp","href":"https:\/\/api.w.org\/{rel}","templated":true}]}}