{"id":9323,"date":"2026-05-11T20:40:43","date_gmt":"2026-05-11T20:40:43","guid":{"rendered":"https:\/\/educaredigital.online\/loja\/produto\/polibol-c-65-pecas\/"},"modified":"2026-05-11T21:11:05","modified_gmt":"2026-05-11T21:11:05","slug":"polibol-c-65-pecas","status":"publish","type":"product","link":"https:\/\/educaredigital.online\/loja\/produto\/polibol-c-65-pecas\/","title":{"rendered":"Polibol C\/ 65 Pe\u00e7as"},"content":{"rendered":"<p>Polibol C\/ 65 Pe\u00e7as parece ser um conjunto de blocos de montar e encaixar, desenvolvido para estimular a criatividade e o aprendizado infantil. Confeccionado em pl\u00e1stico at\u00f3xico de alto brilho e com cores vibrantes, o conjunto oferece 65 pe\u00e7as de tamanhos e formatos variados para que as crian\u00e7as possam criar in\u00fameras constru\u00e7\u00f5es.<\/p>\n<p>O brinquedo \u00e9 uma ferramenta educativa que auxilia no desenvolvimento de habilidades importantes nas crian\u00e7as. A a\u00e7\u00e3o de encaixar, montar e construir livremente com as pe\u00e7as ajuda a melhorar a coordena\u00e7\u00e3o motora fina, a percep\u00e7\u00e3o espacial, o racioc\u00ednio l\u00f3gico e a criatividade. Conjuntos de atividades s\u00e3o frequentemente utilizados em contextos pedag\u00f3gicos para promover o desenvolvimento psicomotor e a socializa\u00e7\u00e3o, incentivando a crian\u00e7a a explorar seu corpo e expressar seu potencial por meio do movimento.<\/p>\n<div class=\"details-table-wrapper\">\n<table class=\"product-details-table\">\n<tbody>\n<tr>\n<td>Marca<\/td>\n<td>Maxi Toys<\/td>\n<\/tr>\n<tr>\n<td>Material<\/td>\n<td>Pl\u00e1stico<\/td>\n<\/tr>\n<tr>\n<td>Faixa Et\u00e1ria<\/td>\n<td>A partir de 3 Anos<\/td>\n<\/tr>\n<\/tbody>\n<\/table>\n<\/div>\n","protected":false},"excerpt":{"rendered":"<p>Polibol C\/ 65 Pe\u00e7as parece ser um conjunto de blocos de montar e encaixar, desenvolvido para estimular a criatividade e o aprendizado infantil. Confeccionado em pl\u00e1stico at\u00f3xico de alto brilho e com cores vibrantes, o conjunto oferece 65 pe\u00e7as de<\/p>\n","protected":false},"featured_media":9322,"comment_status":"open","ping_status":"closed","template":"","meta":[],"product_brand":[238],"product_cat":[211],"product_tag":[],"class_list":{"0":"post-9323","1":"product","2":"type-product","3":"status-publish","6":"product_brand-maxi-toys","7":"product_cat-psicomotricidade-jogos-e-brinquedos","9":"first","10":"instock","11":"shipping-taxable","12":"purchasable","13":"product-type-simple"},"_links":{"self":[{"href":"https:\/\/educaredigital.online\/loja\/wp-json\/wp\/v2\/product\/9323","targetHints":{"allow":["GET"]}}],"collection":[{"href":"https:\/\/educaredigital.online\/loja\/wp-json\/wp\/v2\/product"}],"about":[{"href":"https:\/\/educaredigital.online\/loja\/wp-json\/wp\/v2\/types\/product"}],"replies":[{"embeddable":true,"href":"https:\/\/educaredigital.online\/loja\/wp-json\/wp\/v2\/comments?post=9323"}],"wp:featuredmedia":[{"embeddable":true,"href":"https:\/\/educaredigital.online\/loja\/wp-json\/wp\/v2\/media\/9322"}],"wp:attachment":[{"href":"https:\/\/educaredigital.online\/loja\/wp-json\/wp\/v2\/media?parent=9323"}],"wp:term":[{"taxonomy":"product_brand","embeddable":true,"href":"https:\/\/educaredigital.online\/loja\/wp-json\/wp\/v2\/product_brand?post=9323"},{"taxonomy":"product_cat","embeddable":true,"href":"https:\/\/educaredigital.online\/loja\/wp-json\/wp\/v2\/product_cat?post=9323"},{"taxonomy":"product_tag","embeddable":true,"href":"https:\/\/educaredigital.online\/loja\/wp-json\/wp\/v2\/product_tag?post=9323"}],"curies":[{"name":"wp","href":"https:\/\/api.w.org\/{rel}","templated":true}]}}