{"id":9317,"date":"2026-04-29T12:25:12","date_gmt":"2026-04-29T12:25:12","guid":{"rendered":"https:\/\/educaredigital.online\/loja\/?post_type=product&#038;p=9317"},"modified":"2026-04-29T12:25:52","modified_gmt":"2026-04-29T12:25:52","slug":"abaco-aberto","status":"publish","type":"product","link":"https:\/\/educaredigital.online\/loja\/produto\/abaco-aberto\/","title":{"rendered":"\u00c1baco Aberto"},"content":{"rendered":"<ul>\n<li>01 Base de madeira medindo<\/li>\n<li>270 x 79 x 225 mm<\/li>\n<li>Com 50 argolas com di\u00e2metro de 32mm com altura de 13mm de pl\u00e1stico PS.<\/li>\n<li>Embalagem pl\u00e1stica encolh\u00edvel.<\/li>\n<\/ul>\n","protected":false},"excerpt":{"rendered":"<p>01 Base de madeira medindo 270 x 79 x 225 mm Com 50 argolas com di\u00e2metro de 32mm com altura de 13mm de pl\u00e1stico PS. Embalagem pl\u00e1stica encolh\u00edvel.<\/p>\n","protected":false},"featured_media":9318,"comment_status":"open","ping_status":"closed","template":"","meta":[],"product_brand":[229],"product_cat":[210],"product_tag":[],"class_list":{"0":"post-9317","1":"product","2":"type-product","3":"status-publish","6":"product_brand-brinqmutti","7":"product_cat-matematica-jogos-e-brinquedos","9":"first","10":"instock","11":"shipping-taxable","12":"purchasable","13":"product-type-simple"},"_links":{"self":[{"href":"https:\/\/educaredigital.online\/loja\/wp-json\/wp\/v2\/product\/9317","targetHints":{"allow":["GET"]}}],"collection":[{"href":"https:\/\/educaredigital.online\/loja\/wp-json\/wp\/v2\/product"}],"about":[{"href":"https:\/\/educaredigital.online\/loja\/wp-json\/wp\/v2\/types\/product"}],"replies":[{"embeddable":true,"href":"https:\/\/educaredigital.online\/loja\/wp-json\/wp\/v2\/comments?post=9317"}],"wp:featuredmedia":[{"embeddable":true,"href":"https:\/\/educaredigital.online\/loja\/wp-json\/wp\/v2\/media\/9318"}],"wp:attachment":[{"href":"https:\/\/educaredigital.online\/loja\/wp-json\/wp\/v2\/media?parent=9317"}],"wp:term":[{"taxonomy":"product_brand","embeddable":true,"href":"https:\/\/educaredigital.online\/loja\/wp-json\/wp\/v2\/product_brand?post=9317"},{"taxonomy":"product_cat","embeddable":true,"href":"https:\/\/educaredigital.online\/loja\/wp-json\/wp\/v2\/product_cat?post=9317"},{"taxonomy":"product_tag","embeddable":true,"href":"https:\/\/educaredigital.online\/loja\/wp-json\/wp\/v2\/product_tag?post=9317"}],"curies":[{"name":"wp","href":"https:\/\/api.w.org\/{rel}","templated":true}]}}