{"id":9311,"date":"2026-04-27T19:10:36","date_gmt":"2026-04-27T19:10:36","guid":{"rendered":"https:\/\/educaredigital.online\/loja\/?post_type=product&#038;p=9311"},"modified":"2026-05-14T17:25:08","modified_gmt":"2026-05-14T17:25:08","slug":"kit-geometria-geoclick","status":"publish","type":"product","link":"https:\/\/educaredigital.online\/loja\/produto\/kit-geometria-geoclick\/","title":{"rendered":"Livro Manipulativo &#8211; Kit Geometria Geoclick"},"content":{"rendered":"<p class=\"ds-markdown-paragraph\">O Kit Geometria Geoclick \u00e9 um material pedag\u00f3gico vers\u00e1til, focado em um aprendizado mais individualizado e profundo dos conceitos, em vez de um jogo com um n\u00famero definido de participantes. Ele permite que <strong>uma ou mais crian\u00e7as interajam simultaneamente<\/strong>\u00a0com as pe\u00e7as, cada uma construindo suas pr\u00f3prias figuras e explorando os conte\u00fados no seu ritmo, seja sozinho ou dentro de um pequeno grupo. O objetivo central \u00e9 que os estudantes consolidem, por meio da manipula\u00e7\u00e3o direta, no\u00e7\u00f5es fundamentais da geometria, como a constru\u00e7\u00e3o de pol\u00edgonos, a verifica\u00e7\u00e3o de propriedades de figuras planas, o estudo de \u00e2ngulos e at\u00e9 a representa\u00e7\u00e3o do ciclo trigonom\u00e9trico.<\/p>\n<p class=\"ds-markdown-paragraph\">Embalado em uma caixa com\u00a0<strong>35 x 27 x 3 cm,<\/strong>\u00a0o kit \u00e9 composto por\u00a0<strong>78 pe\u00e7as coloridas de pl\u00e1stico injetado<\/strong>. Essas pe\u00e7as se dividem entre partes retas, que lembram palitos de sorvete, em tr\u00eas tamanhos, e pe\u00e7as circulares (1\/4 de circunfer\u00eancia), ambas desenvolvidas com um sistema pr\u00f3prio de encaixe por pinos e furos. Al\u00e9m das pe\u00e7as mont\u00e1veis, o kit tamb\u00e9m inclui uma r\u00e9gua, um esquadro, um transferidor, um saquinho para armazenamento e um manual com\u00a0<strong>43 sugest\u00f5es de atividades<\/strong>.<\/p>\n<div class=\"details-table-wrapper\">\n<table class=\"product-details-table\">\n<tbody>\n<tr>\n<td>Marca<\/td>\n<td>MMP<\/td>\n<\/tr>\n<tr>\n<td>Material<\/td>\n<td>\u00a0Pl\u00e1stico<\/td>\n<\/tr>\n<tr>\n<td>Faixa Et\u00e1ria<\/td>\n<td>A partir de 5 Anos<\/td>\n<\/tr>\n<\/tbody>\n<\/table>\n<\/div>\n","protected":false},"excerpt":{"rendered":"<p>O Kit Geometria Geoclick \u00e9 um material pedag\u00f3gico vers\u00e1til, focado em um aprendizado mais individualizado e profundo dos conceitos, em vez de um jogo com um n\u00famero definido de participantes. Ele permite que uma ou mais crian\u00e7as interajam simultaneamente\u00a0com as<\/p>\n","protected":false},"featured_media":9312,"comment_status":"open","ping_status":"closed","template":"","meta":[],"product_brand":[235],"product_cat":[210],"product_tag":[],"class_list":{"0":"post-9311","1":"product","2":"type-product","3":"status-publish","6":"product_brand-mmp","7":"product_cat-matematica-jogos-e-brinquedos","9":"first","10":"instock","11":"shipping-taxable","12":"purchasable","13":"product-type-simple"},"_links":{"self":[{"href":"https:\/\/educaredigital.online\/loja\/wp-json\/wp\/v2\/product\/9311","targetHints":{"allow":["GET"]}}],"collection":[{"href":"https:\/\/educaredigital.online\/loja\/wp-json\/wp\/v2\/product"}],"about":[{"href":"https:\/\/educaredigital.online\/loja\/wp-json\/wp\/v2\/types\/product"}],"replies":[{"embeddable":true,"href":"https:\/\/educaredigital.online\/loja\/wp-json\/wp\/v2\/comments?post=9311"}],"wp:featuredmedia":[{"embeddable":true,"href":"https:\/\/educaredigital.online\/loja\/wp-json\/wp\/v2\/media\/9312"}],"wp:attachment":[{"href":"https:\/\/educaredigital.online\/loja\/wp-json\/wp\/v2\/media?parent=9311"}],"wp:term":[{"taxonomy":"product_brand","embeddable":true,"href":"https:\/\/educaredigital.online\/loja\/wp-json\/wp\/v2\/product_brand?post=9311"},{"taxonomy":"product_cat","embeddable":true,"href":"https:\/\/educaredigital.online\/loja\/wp-json\/wp\/v2\/product_cat?post=9311"},{"taxonomy":"product_tag","embeddable":true,"href":"https:\/\/educaredigital.online\/loja\/wp-json\/wp\/v2\/product_tag?post=9311"}],"curies":[{"name":"wp","href":"https:\/\/api.w.org\/{rel}","templated":true}]}}