{"id":9305,"date":"2026-04-27T18:19:58","date_gmt":"2026-04-27T18:19:58","guid":{"rendered":"https:\/\/educaredigital.online\/loja\/?post_type=product&#038;p=9305"},"modified":"2026-05-14T17:31:28","modified_gmt":"2026-05-14T17:31:28","slug":"kit-multiplicacao-produtos-cruzados","status":"publish","type":"product","link":"https:\/\/educaredigital.online\/loja\/produto\/kit-multiplicacao-produtos-cruzados\/","title":{"rendered":"Livro Manipulativo &#8211; Kit Multiplica\u00e7\u00e3o Produtos Cruzados"},"content":{"rendered":"<div class=\"ds-message _63c77b1\">\n<div class=\"ds-markdown\">\n<p class=\"ds-markdown-paragraph\"><strong>Kit Multiplica\u00e7\u00e3o Produtos Cruzados<\/strong>, \u00e9 um material pedag\u00f3gico concreto que transforma o estudo da multiplica\u00e7\u00e3o em uma atividade visual e t\u00e1til. O kit \u00e9 composto por uma base quadrada de aproximadamente 20 cm de lado, confeccionada em EVA, e varetas coloridas (amarela: 1 unidade; azul: 1 dezena; vermelha: 1 centena) que se encaixam nessa base. Para realizar uma opera\u00e7\u00e3o, o aluno insere as varetas na base de forma que elas se cruzem, representando os fatores de uma multiplica\u00e7\u00e3o. O resultado \u00e9 encontrado na intersec\u00e7\u00e3o entre as linhas e colunas formadas pelas varetas, onde o aluno deve efetuar produtos simples e, em seguida, realizar a soma dos valores parciais para chegar ao produto final.<\/p>\n<p class=\"ds-markdown-paragraph\">Ideal para alunos que est\u00e3o come\u00e7ando a aprender as opera\u00e7\u00f5es, o kit permite calcular o produto de n\u00fameros com at\u00e9 tr\u00eas algarismos, abrangendo desde contas mais simples at\u00e9 as que exigem o conceito de &#8220;vai um&#8221;. Dessa forma, o aluno fixa o conceito da multiplica\u00e7\u00e3o de maneira l\u00fadica e aut\u00f4noma, tornando o aprendizado mais significativo e prazeroso.<\/p>\n<div class=\"details-table-wrapper\">\n<table class=\"product-details-table\">\n<tbody>\n<tr>\n<td>Marca<\/td>\n<td>MMP<\/td>\n<\/tr>\n<tr>\n<td>Material<\/td>\n<td>EVA<\/td>\n<\/tr>\n<tr>\n<td>Faixa Et\u00e1ria<\/td>\n<td>A partir de 10 Anos<\/td>\n<\/tr>\n<tr>\n<td>Quantidade De Jogadores<\/td>\n<td>1 a 2 Jogadores<\/td>\n<\/tr>\n<\/tbody>\n<\/table>\n<\/div>\n<\/div>\n<\/div>\n","protected":false},"excerpt":{"rendered":"<p>Kit Multiplica\u00e7\u00e3o Produtos Cruzados, \u00e9 um material pedag\u00f3gico concreto que transforma o estudo da multiplica\u00e7\u00e3o em uma atividade visual e t\u00e1til. O kit \u00e9 composto por uma base quadrada de aproximadamente 20 cm de lado, confeccionada em EVA, e varetas<\/p>\n","protected":false},"featured_media":9306,"comment_status":"open","ping_status":"closed","template":"","meta":[],"product_brand":[235],"product_cat":[210],"product_tag":[],"class_list":{"0":"post-9305","1":"product","2":"type-product","3":"status-publish","6":"product_brand-mmp","7":"product_cat-matematica-jogos-e-brinquedos","9":"first","10":"instock","11":"shipping-taxable","12":"purchasable","13":"product-type-simple"},"_links":{"self":[{"href":"https:\/\/educaredigital.online\/loja\/wp-json\/wp\/v2\/product\/9305","targetHints":{"allow":["GET"]}}],"collection":[{"href":"https:\/\/educaredigital.online\/loja\/wp-json\/wp\/v2\/product"}],"about":[{"href":"https:\/\/educaredigital.online\/loja\/wp-json\/wp\/v2\/types\/product"}],"replies":[{"embeddable":true,"href":"https:\/\/educaredigital.online\/loja\/wp-json\/wp\/v2\/comments?post=9305"}],"wp:featuredmedia":[{"embeddable":true,"href":"https:\/\/educaredigital.online\/loja\/wp-json\/wp\/v2\/media\/9306"}],"wp:attachment":[{"href":"https:\/\/educaredigital.online\/loja\/wp-json\/wp\/v2\/media?parent=9305"}],"wp:term":[{"taxonomy":"product_brand","embeddable":true,"href":"https:\/\/educaredigital.online\/loja\/wp-json\/wp\/v2\/product_brand?post=9305"},{"taxonomy":"product_cat","embeddable":true,"href":"https:\/\/educaredigital.online\/loja\/wp-json\/wp\/v2\/product_cat?post=9305"},{"taxonomy":"product_tag","embeddable":true,"href":"https:\/\/educaredigital.online\/loja\/wp-json\/wp\/v2\/product_tag?post=9305"}],"curies":[{"name":"wp","href":"https:\/\/api.w.org\/{rel}","templated":true}]}}