{"id":9302,"date":"2026-04-27T18:02:18","date_gmt":"2026-04-27T18:02:18","guid":{"rendered":"https:\/\/educaredigital.online\/loja\/?post_type=product&#038;p=9302"},"modified":"2026-05-14T17:31:40","modified_gmt":"2026-05-14T17:31:40","slug":"jogo-cinco-em-linhas","status":"publish","type":"product","link":"https:\/\/educaredigital.online\/loja\/produto\/jogo-cinco-em-linhas\/","title":{"rendered":"Livro Manipulativo &#8211; Jogo Cinco em Linhas"},"content":{"rendered":"<p class=\"ds-markdown-paragraph\">\u00a0<strong>Jogo Cinco em Linha<\/strong>\u00a0 \u00e9 um material pedag\u00f3gico focado no <strong>ensino da adi\u00e7\u00e3o<\/strong>. A din\u00e2mica \u00e9 desafiadora: o jogador utiliza dois aros para selecionar dois n\u00fameros, e a\u00a0<strong>soma<\/strong>\u00a0das duas escolhas indica exatamente a casa do tabuleiro onde sua ficha ser\u00e1 colocada.<\/p>\n<p class=\"ds-markdown-paragraph\">O objetivo \u00e9 ser o primeiro a\u00a0<strong>alinhar cinco fichas<\/strong> da sua cor na horizontal, vertical ou diagonal. Assim, al\u00e9m de praticar o c\u00e1lculo mental, o jogo estimula o racioc\u00ednio l\u00f3gico e o pensamento estrat\u00e9gico para vencer.<\/p>\n<div class=\"details-table-wrapper\">\n<table class=\"product-details-table\">\n<tbody>\n<tr>\n<td>Marca<\/td>\n<td>MMP<\/td>\n<\/tr>\n<tr>\n<td>Material<\/td>\n<td>Pl\u00e1stico<\/td>\n<\/tr>\n<tr>\n<td>Faixa Et\u00e1ria<\/td>\n<td>A partir de 8 Anos<\/td>\n<\/tr>\n<tr>\n<td>Quantidade De Jogadores<\/td>\n<td>2 Jogadores<\/td>\n<\/tr>\n<\/tbody>\n<\/table>\n<\/div>\n","protected":false},"excerpt":{"rendered":"<p>\u00a0Jogo Cinco em Linha\u00a0 \u00e9 um material pedag\u00f3gico focado no ensino da adi\u00e7\u00e3o. A din\u00e2mica \u00e9 desafiadora: o jogador utiliza dois aros para selecionar dois n\u00fameros, e a\u00a0soma\u00a0das duas escolhas indica exatamente a casa do tabuleiro onde sua ficha ser\u00e1<\/p>\n","protected":false},"featured_media":9303,"comment_status":"open","ping_status":"closed","template":"","meta":[],"product_brand":[235],"product_cat":[210],"product_tag":[],"class_list":{"0":"post-9302","1":"product","2":"type-product","3":"status-publish","6":"product_brand-mmp","7":"product_cat-matematica-jogos-e-brinquedos","9":"first","10":"instock","11":"shipping-taxable","12":"purchasable","13":"product-type-simple"},"_links":{"self":[{"href":"https:\/\/educaredigital.online\/loja\/wp-json\/wp\/v2\/product\/9302","targetHints":{"allow":["GET"]}}],"collection":[{"href":"https:\/\/educaredigital.online\/loja\/wp-json\/wp\/v2\/product"}],"about":[{"href":"https:\/\/educaredigital.online\/loja\/wp-json\/wp\/v2\/types\/product"}],"replies":[{"embeddable":true,"href":"https:\/\/educaredigital.online\/loja\/wp-json\/wp\/v2\/comments?post=9302"}],"wp:featuredmedia":[{"embeddable":true,"href":"https:\/\/educaredigital.online\/loja\/wp-json\/wp\/v2\/media\/9303"}],"wp:attachment":[{"href":"https:\/\/educaredigital.online\/loja\/wp-json\/wp\/v2\/media?parent=9302"}],"wp:term":[{"taxonomy":"product_brand","embeddable":true,"href":"https:\/\/educaredigital.online\/loja\/wp-json\/wp\/v2\/product_brand?post=9302"},{"taxonomy":"product_cat","embeddable":true,"href":"https:\/\/educaredigital.online\/loja\/wp-json\/wp\/v2\/product_cat?post=9302"},{"taxonomy":"product_tag","embeddable":true,"href":"https:\/\/educaredigital.online\/loja\/wp-json\/wp\/v2\/product_tag?post=9302"}],"curies":[{"name":"wp","href":"https:\/\/api.w.org\/{rel}","templated":true}]}}