{"id":9288,"date":"2026-04-24T14:34:33","date_gmt":"2026-04-24T14:34:33","guid":{"rendered":"https:\/\/educaredigital.online\/loja\/?post_type=product&#038;p=9288"},"modified":"2026-04-24T18:21:02","modified_gmt":"2026-04-24T18:21:02","slug":"material-dourado-em-plastico-111-pecas","status":"publish","type":"product","link":"https:\/\/educaredigital.online\/loja\/produto\/material-dourado-em-plastico-111-pecas\/","title":{"rendered":"Material Dourado em Pl\u00e1stico &#8211; 111 pe\u00e7as"},"content":{"rendered":"<ul>\n<li>Trabalha as opera\u00e7\u00f5es matem\u00e1ticas.<\/li>\n<\/ul>\n","protected":false},"excerpt":{"rendered":"<p>Trabalha as opera\u00e7\u00f5es matem\u00e1ticas.<\/p>\n","protected":false},"featured_media":9289,"comment_status":"open","ping_status":"closed","template":"","meta":[],"product_brand":[227],"product_cat":[210],"product_tag":[],"class_list":{"0":"post-9288","1":"product","2":"type-product","3":"status-publish","6":"product_brand-carimbras","7":"product_cat-matematica-jogos-e-brinquedos","9":"first","10":"instock","11":"shipping-taxable","12":"purchasable","13":"product-type-simple"},"_links":{"self":[{"href":"https:\/\/educaredigital.online\/loja\/wp-json\/wp\/v2\/product\/9288","targetHints":{"allow":["GET"]}}],"collection":[{"href":"https:\/\/educaredigital.online\/loja\/wp-json\/wp\/v2\/product"}],"about":[{"href":"https:\/\/educaredigital.online\/loja\/wp-json\/wp\/v2\/types\/product"}],"replies":[{"embeddable":true,"href":"https:\/\/educaredigital.online\/loja\/wp-json\/wp\/v2\/comments?post=9288"}],"wp:featuredmedia":[{"embeddable":true,"href":"https:\/\/educaredigital.online\/loja\/wp-json\/wp\/v2\/media\/9289"}],"wp:attachment":[{"href":"https:\/\/educaredigital.online\/loja\/wp-json\/wp\/v2\/media?parent=9288"}],"wp:term":[{"taxonomy":"product_brand","embeddable":true,"href":"https:\/\/educaredigital.online\/loja\/wp-json\/wp\/v2\/product_brand?post=9288"},{"taxonomy":"product_cat","embeddable":true,"href":"https:\/\/educaredigital.online\/loja\/wp-json\/wp\/v2\/product_cat?post=9288"},{"taxonomy":"product_tag","embeddable":true,"href":"https:\/\/educaredigital.online\/loja\/wp-json\/wp\/v2\/product_tag?post=9288"}],"curies":[{"name":"wp","href":"https:\/\/api.w.org\/{rel}","templated":true}]}}