{"id":9285,"date":"2026-04-24T14:30:05","date_gmt":"2026-04-24T14:30:05","guid":{"rendered":"https:\/\/educaredigital.online\/loja\/?post_type=product&#038;p=9285"},"modified":"2026-04-24T19:37:53","modified_gmt":"2026-04-24T19:37:53","slug":"caixa-de-estimulos","status":"publish","type":"product","link":"https:\/\/educaredigital.online\/loja\/produto\/caixa-de-estimulos\/","title":{"rendered":"Caixa de Est\u00edmulos"},"content":{"rendered":"<div class=\"ds-message _63c77b1\">\n<div class=\"ds-markdown\">\n<p class=\"ds-markdown-paragraph\"><strong>Caixa de Est\u00edmulos<\/strong> \u00e9 um jogo de madeira composto por 17 pe\u00e7as e tampas coloridas que escondem diferentes desafios. O objetivo principal \u00e9 escolher uma das tampas e encontrar a pe\u00e7a correspondente por meio da associa\u00e7\u00e3o de formas, cores e texturas, transformando o aprendizado em uma aventura t\u00e1til e visual. Com dimens\u00f5es compactas de 155x155x110mm.<\/p>\n<p class=\"ds-markdown-paragraph\">Projetado como uma ferramenta pedag\u00f3gica multissensorial, o jogo desenvolve habilidades essenciais como\u00a0<strong>coordena\u00e7\u00e3o motora fina, racioc\u00ednio l\u00f3gico, concentra\u00e7\u00e3o e percep\u00e7\u00e3o visual<\/strong>. Ao manusear as pe\u00e7as e resolver os encaixes, a crian\u00e7a estimula a criatividade, a imagina\u00e7\u00e3o e a intera\u00e7\u00e3o social. Cada atividade tamb\u00e9m promove o reconhecimento de cores, formas e no\u00e7\u00f5es de causa e efeito, tornando a Caixa de Est\u00edmulos um recurso eficaz para o desenvolvimento cognitivo e motor na primeira inf\u00e2ncia, dentro da proposta educacional da marca.<\/p>\n<div class=\"details-table-wrapper\">\n<table class=\"product-details-table\">\n<tbody>\n<tr>\n<td>Marca<\/td>\n<td>BrinqMutti<\/td>\n<\/tr>\n<tr>\n<td>Material<\/td>\n<td>\u00a0MDF<\/td>\n<\/tr>\n<tr>\n<td>Faixa Et\u00e1ria<\/td>\n<td>A partir de 1 Ano<\/td>\n<\/tr>\n<\/tbody>\n<\/table>\n<\/div>\n<\/div>\n<\/div>\n","protected":false},"excerpt":{"rendered":"<p>Caixa de Est\u00edmulos \u00e9 um jogo de madeira composto por 17 pe\u00e7as e tampas coloridas que escondem diferentes desafios. O objetivo principal \u00e9 escolher uma das tampas e encontrar a pe\u00e7a correspondente por meio da associa\u00e7\u00e3o de formas, cores e<\/p>\n","protected":false},"featured_media":9287,"comment_status":"open","ping_status":"closed","template":"","meta":[],"product_brand":[229],"product_cat":[211],"product_tag":[],"class_list":{"0":"post-9285","1":"product","2":"type-product","3":"status-publish","6":"product_brand-brinqmutti","7":"product_cat-psicomotricidade-jogos-e-brinquedos","9":"first","10":"instock","11":"shipping-taxable","12":"purchasable","13":"product-type-simple"},"_links":{"self":[{"href":"https:\/\/educaredigital.online\/loja\/wp-json\/wp\/v2\/product\/9285","targetHints":{"allow":["GET"]}}],"collection":[{"href":"https:\/\/educaredigital.online\/loja\/wp-json\/wp\/v2\/product"}],"about":[{"href":"https:\/\/educaredigital.online\/loja\/wp-json\/wp\/v2\/types\/product"}],"replies":[{"embeddable":true,"href":"https:\/\/educaredigital.online\/loja\/wp-json\/wp\/v2\/comments?post=9285"}],"wp:featuredmedia":[{"embeddable":true,"href":"https:\/\/educaredigital.online\/loja\/wp-json\/wp\/v2\/media\/9287"}],"wp:attachment":[{"href":"https:\/\/educaredigital.online\/loja\/wp-json\/wp\/v2\/media?parent=9285"}],"wp:term":[{"taxonomy":"product_brand","embeddable":true,"href":"https:\/\/educaredigital.online\/loja\/wp-json\/wp\/v2\/product_brand?post=9285"},{"taxonomy":"product_cat","embeddable":true,"href":"https:\/\/educaredigital.online\/loja\/wp-json\/wp\/v2\/product_cat?post=9285"},{"taxonomy":"product_tag","embeddable":true,"href":"https:\/\/educaredigital.online\/loja\/wp-json\/wp\/v2\/product_tag?post=9285"}],"curies":[{"name":"wp","href":"https:\/\/api.w.org\/{rel}","templated":true}]}}