{"id":9280,"date":"2026-04-24T14:24:06","date_gmt":"2026-04-24T14:24:06","guid":{"rendered":"https:\/\/educaredigital.online\/loja\/?post_type=product&#038;p=9280"},"modified":"2026-04-24T19:37:53","modified_gmt":"2026-04-24T19:37:53","slug":"painel-sensorial","status":"publish","type":"product","link":"https:\/\/educaredigital.online\/loja\/produto\/painel-sensorial\/","title":{"rendered":"Painel Sensorial"},"content":{"rendered":"<p class=\"ds-markdown-paragraph\"><strong>Painel Sensorial <\/strong>\u00a0\u00e9 uma ferramenta educativa de madeira extensa (1,20 m x 0,70 m), que re\u00fane 22 atividades l\u00fadicas em um \u00fanico produto. Projetado para transformar o aprendizado em uma experi\u00eancia de descoberta completa, ele convida a crian\u00e7a a explorar texturas, formas, cores e mecanismos diversos em um s\u00f3 lugar, tornando cada toque uma nova forma de aprender de maneira independente.<\/p>\n<p class=\"ds-markdown-paragraph\">Este painel \u00e9 um est\u00edmulo poderoso para o desenvolvimento de m\u00faltiplas habilidades. Com ele, a crian\u00e7a exercita a <strong>coordena\u00e7\u00e3o motora, a cogni\u00e7\u00e3o, a percep\u00e7\u00e3o visual e o tato<\/strong>, al\u00e9m de agu\u00e7ar a imagina\u00e7\u00e3o, a criatividade e a aten\u00e7\u00e3o. Por trabalhar diversos conceitos de forma integrada, desde a alfabetiza\u00e7\u00e3o e matem\u00e1tica at\u00e9 a intera\u00e7\u00e3o social, ele \u00e9 um excelente recurso para escolas, cl\u00ednicas e lares que buscam um aprendizado global e divertido.<\/p>\n<div class=\"details-table-wrapper\">\n<table class=\"product-details-table\">\n<tbody>\n<tr>\n<td>Marca<\/td>\n<td>BrinqMutti<\/td>\n<\/tr>\n<tr>\n<td>Material<\/td>\n<td>\u00a0MDF<\/td>\n<\/tr>\n<tr>\n<td>Faixa Et\u00e1ria<\/td>\n<td>A partir de 3 Anos<\/td>\n<\/tr>\n<\/tbody>\n<\/table>\n<\/div>\n","protected":false},"excerpt":{"rendered":"<p>Painel Sensorial \u00a0\u00e9 uma ferramenta educativa de madeira extensa (1,20 m x 0,70 m), que re\u00fane 22 atividades l\u00fadicas em um \u00fanico produto. Projetado para transformar o aprendizado em uma experi\u00eancia de descoberta completa, ele convida a crian\u00e7a a explorar<\/p>\n","protected":false},"featured_media":9284,"comment_status":"open","ping_status":"closed","template":"","meta":[],"product_brand":[229],"product_cat":[211],"product_tag":[],"class_list":{"0":"post-9280","1":"product","2":"type-product","3":"status-publish","6":"product_brand-brinqmutti","7":"product_cat-psicomotricidade-jogos-e-brinquedos","9":"first","10":"instock","11":"shipping-taxable","12":"purchasable","13":"product-type-simple"},"_links":{"self":[{"href":"https:\/\/educaredigital.online\/loja\/wp-json\/wp\/v2\/product\/9280","targetHints":{"allow":["GET"]}}],"collection":[{"href":"https:\/\/educaredigital.online\/loja\/wp-json\/wp\/v2\/product"}],"about":[{"href":"https:\/\/educaredigital.online\/loja\/wp-json\/wp\/v2\/types\/product"}],"replies":[{"embeddable":true,"href":"https:\/\/educaredigital.online\/loja\/wp-json\/wp\/v2\/comments?post=9280"}],"wp:featuredmedia":[{"embeddable":true,"href":"https:\/\/educaredigital.online\/loja\/wp-json\/wp\/v2\/media\/9284"}],"wp:attachment":[{"href":"https:\/\/educaredigital.online\/loja\/wp-json\/wp\/v2\/media?parent=9280"}],"wp:term":[{"taxonomy":"product_brand","embeddable":true,"href":"https:\/\/educaredigital.online\/loja\/wp-json\/wp\/v2\/product_brand?post=9280"},{"taxonomy":"product_cat","embeddable":true,"href":"https:\/\/educaredigital.online\/loja\/wp-json\/wp\/v2\/product_cat?post=9280"},{"taxonomy":"product_tag","embeddable":true,"href":"https:\/\/educaredigital.online\/loja\/wp-json\/wp\/v2\/product_tag?post=9280"}],"curies":[{"name":"wp","href":"https:\/\/api.w.org\/{rel}","templated":true}]}}