{"id":9277,"date":"2026-04-24T13:26:19","date_gmt":"2026-04-24T13:26:19","guid":{"rendered":"https:\/\/educaredigital.online\/loja\/?post_type=product&#038;p=9277"},"modified":"2026-04-24T19:37:53","modified_gmt":"2026-04-24T19:37:53","slug":"pescaria-magnetica","status":"publish","type":"product","link":"https:\/\/educaredigital.online\/loja\/produto\/pescaria-magnetica\/","title":{"rendered":"Pescaria Magn\u00e9tica"},"content":{"rendered":"<div class=\"ds-message _63c77b1\">\n<div class=\"ds-markdown\">\n<p class=\"ds-markdown-paragraph\"><strong>Pescaria Magn\u00e9tica<\/strong>\u00a0 \u00e9 um brinquedo interativo de madeira que transporta as crian\u00e7as para uma divertida aventura no fundo do mar. O jogo convida os pequenos a usarem a vara de pescar com ponta magn\u00e9tica para fisgar peixes coloridos, desafiando a precis\u00e3o e a paci\u00eancia a cada tentativa.<\/p>\n<p class=\"ds-markdown-paragraph\">\u00a0Esta brincadeira cl\u00e1ssica \u00e9 uma poderosa ferramenta para o desenvolvimento de habilidades essenciais. A cada movimento preciso, a crian\u00e7a estimula a <strong>coordena\u00e7\u00e3o motora fina, a percep\u00e7\u00e3o visual, o racioc\u00ednio e a concentra\u00e7\u00e3o<\/strong>. Al\u00e9m disso, o jogo tamb\u00e9m \u00e9 uma excelente oportunidade para promover a\u00a0<strong>intera\u00e7\u00e3o social e a coopera\u00e7\u00e3o<\/strong>, tornando o aprendizado uma experi\u00eancia ainda mais rica.<\/p>\n<div class=\"details-table-wrapper\">\n<table class=\"product-details-table\">\n<tbody>\n<tr>\n<td>Marca<\/td>\n<td>BrinqMutti<\/td>\n<\/tr>\n<tr>\n<td>Material<\/td>\n<td>\u00a0MDF<\/td>\n<\/tr>\n<tr>\n<td>Faixa Et\u00e1ria<\/td>\n<td>A partir de 3 Anos<\/td>\n<\/tr>\n<\/tbody>\n<\/table>\n<\/div>\n<\/div>\n<\/div>\n","protected":false},"excerpt":{"rendered":"<p>Pescaria Magn\u00e9tica\u00a0 \u00e9 um brinquedo interativo de madeira que transporta as crian\u00e7as para uma divertida aventura no fundo do mar. O jogo convida os pequenos a usarem a vara de pescar com ponta magn\u00e9tica para fisgar peixes coloridos, desafiando a<\/p>\n","protected":false},"featured_media":9278,"comment_status":"open","ping_status":"closed","template":"","meta":[],"product_brand":[229],"product_cat":[211],"product_tag":[],"class_list":{"0":"post-9277","1":"product","2":"type-product","3":"status-publish","6":"product_brand-brinqmutti","7":"product_cat-psicomotricidade-jogos-e-brinquedos","9":"first","10":"instock","11":"shipping-taxable","12":"purchasable","13":"product-type-simple"},"_links":{"self":[{"href":"https:\/\/educaredigital.online\/loja\/wp-json\/wp\/v2\/product\/9277","targetHints":{"allow":["GET"]}}],"collection":[{"href":"https:\/\/educaredigital.online\/loja\/wp-json\/wp\/v2\/product"}],"about":[{"href":"https:\/\/educaredigital.online\/loja\/wp-json\/wp\/v2\/types\/product"}],"replies":[{"embeddable":true,"href":"https:\/\/educaredigital.online\/loja\/wp-json\/wp\/v2\/comments?post=9277"}],"wp:featuredmedia":[{"embeddable":true,"href":"https:\/\/educaredigital.online\/loja\/wp-json\/wp\/v2\/media\/9278"}],"wp:attachment":[{"href":"https:\/\/educaredigital.online\/loja\/wp-json\/wp\/v2\/media?parent=9277"}],"wp:term":[{"taxonomy":"product_brand","embeddable":true,"href":"https:\/\/educaredigital.online\/loja\/wp-json\/wp\/v2\/product_brand?post=9277"},{"taxonomy":"product_cat","embeddable":true,"href":"https:\/\/educaredigital.online\/loja\/wp-json\/wp\/v2\/product_cat?post=9277"},{"taxonomy":"product_tag","embeddable":true,"href":"https:\/\/educaredigital.online\/loja\/wp-json\/wp\/v2\/product_tag?post=9277"}],"curies":[{"name":"wp","href":"https:\/\/api.w.org\/{rel}","templated":true}]}}