{"id":9275,"date":"2026-04-24T13:22:37","date_gmt":"2026-04-24T13:22:37","guid":{"rendered":"https:\/\/educaredigital.online\/loja\/?post_type=product&#038;p=9275"},"modified":"2026-04-24T19:37:53","modified_gmt":"2026-04-24T19:37:53","slug":"bate-pinos","status":"publish","type":"product","link":"https:\/\/educaredigital.online\/loja\/produto\/bate-pinos\/","title":{"rendered":"Bate Pinos"},"content":{"rendered":"<p class=\"ds-markdown-paragraph\">\u00a0<strong>Bate Pinos <\/strong>\u00a0\u00e9 um cl\u00e1ssico brinquedo de madeira que une divers\u00e3o e desenvolvimento de forma simples e envolvente. Composto por uma bancada colorida com pinos e um martelinho feito sob medida para as m\u00e3os pequenas, ele convida a crian\u00e7a a bater, encaixar e descobrir. Ao martelar os pinos at\u00e9 que eles afundem na base, o pequeno pode ent\u00e3o virar a bancada e recome\u00e7ar a brincadeira, explorando livremente o movimento e a repeti\u00e7\u00e3o. Essa din\u00e2mica l\u00fadica transforma cada batida em uma conquista, refor\u00e7ando a autoconfian\u00e7a e a curiosidade da crian\u00e7a de forma natural e prazerosa.<\/p>\n<p class=\"ds-markdown-paragraph\">Mais do que um passatempo, o Bate Pinos \u00e9 uma poderosa ferramenta pedag\u00f3gica. Ao manusear o martelo e mirar nos pinos, a crian\u00e7a exercita intensamente a\u00a0<strong>coordena\u00e7\u00e3o motora (fina e ampla), a concentra\u00e7\u00e3o, a aten\u00e7\u00e3o e a percep\u00e7\u00e3o visual<\/strong>. A brincadeira tamb\u00e9m estimula o racioc\u00ednio l\u00f3gico, o reconhecimento de cores e o controle da for\u00e7a muscular.<\/p>\n<div class=\"details-table-wrapper\">\n<table class=\"product-details-table\">\n<tbody>\n<tr>\n<td>Marca<\/td>\n<td>BrinqMutti<\/td>\n<\/tr>\n<tr>\n<td>Material<\/td>\n<td>\u00a0MDF<\/td>\n<\/tr>\n<tr>\n<td>Faixa Et\u00e1ria<\/td>\n<td>A partir de 1 Ano<\/td>\n<\/tr>\n<\/tbody>\n<\/table>\n<\/div>\n","protected":false},"excerpt":{"rendered":"<p>\u00a0Bate Pinos \u00a0\u00e9 um cl\u00e1ssico brinquedo de madeira que une divers\u00e3o e desenvolvimento de forma simples e envolvente. Composto por uma bancada colorida com pinos e um martelinho feito sob medida para as m\u00e3os pequenas, ele convida a crian\u00e7a a<\/p>\n","protected":false},"featured_media":9276,"comment_status":"open","ping_status":"closed","template":"","meta":[],"product_brand":[229],"product_cat":[211],"product_tag":[],"class_list":{"0":"post-9275","1":"product","2":"type-product","3":"status-publish","6":"product_brand-brinqmutti","7":"product_cat-psicomotricidade-jogos-e-brinquedos","9":"first","10":"instock","11":"shipping-taxable","12":"purchasable","13":"product-type-simple"},"_links":{"self":[{"href":"https:\/\/educaredigital.online\/loja\/wp-json\/wp\/v2\/product\/9275","targetHints":{"allow":["GET"]}}],"collection":[{"href":"https:\/\/educaredigital.online\/loja\/wp-json\/wp\/v2\/product"}],"about":[{"href":"https:\/\/educaredigital.online\/loja\/wp-json\/wp\/v2\/types\/product"}],"replies":[{"embeddable":true,"href":"https:\/\/educaredigital.online\/loja\/wp-json\/wp\/v2\/comments?post=9275"}],"wp:featuredmedia":[{"embeddable":true,"href":"https:\/\/educaredigital.online\/loja\/wp-json\/wp\/v2\/media\/9276"}],"wp:attachment":[{"href":"https:\/\/educaredigital.online\/loja\/wp-json\/wp\/v2\/media?parent=9275"}],"wp:term":[{"taxonomy":"product_brand","embeddable":true,"href":"https:\/\/educaredigital.online\/loja\/wp-json\/wp\/v2\/product_brand?post=9275"},{"taxonomy":"product_cat","embeddable":true,"href":"https:\/\/educaredigital.online\/loja\/wp-json\/wp\/v2\/product_cat?post=9275"},{"taxonomy":"product_tag","embeddable":true,"href":"https:\/\/educaredigital.online\/loja\/wp-json\/wp\/v2\/product_tag?post=9275"}],"curies":[{"name":"wp","href":"https:\/\/api.w.org\/{rel}","templated":true}]}}