{"id":9272,"date":"2026-04-24T13:16:25","date_gmt":"2026-04-24T13:16:25","guid":{"rendered":"https:\/\/educaredigital.online\/loja\/?post_type=product&#038;p=9272"},"modified":"2026-04-24T19:37:53","modified_gmt":"2026-04-24T19:37:53","slug":"goleada-de-pontos","status":"publish","type":"product","link":"https:\/\/educaredigital.online\/loja\/produto\/goleada-de-pontos\/","title":{"rendered":"Goleada de Pontos"},"content":{"rendered":"<div class=\"ds-message _63c77b1\">\n<div class=\"ds-markdown\">\n<p class=\"ds-markdown-paragraph\">\u00a0<strong>Goleada de Pontos<\/strong>\u00a0 \u00e9 um jogo de arremesso que simula uma competi\u00e7\u00e3o emocionante entre amigos e familiares. O tabuleiro de madeira mede 455mm x 220mm x 36mm e possui uma pista serigrafada colorida com marca\u00e7\u00f5es de pontua\u00e7\u00e3o. O jogo acompanha 6 discos: 3 pretos e 3 vermelhos. O funcionamento \u00e9 simples e din\u00e2mico: cada jogador segura um disco com os dedos e, utilizando o mecanismo de el\u00e1stico existente no tabuleiro, o lan\u00e7a em dire\u00e7\u00e3o \u00e0 pista. Ao cair na pista, o disco para em uma \u00e1rea que determina a pontua\u00e7\u00e3o obtida. Os participantes se revezam, contando com 3 discos por rodada, e os discos que caem fora da pista s\u00e3o considerados nulos. O grande objetivo \u00e9 acumular a maior quantidade de pontos e demonstrar superioridade nos arremessos.<\/p>\n<p class=\"ds-markdown-paragraph\">Mais do que entretenimento, o Goleada de Pontos \u00e9 uma ferramenta pedag\u00f3gica que estimula habilidades importantes como a\u00a0<strong>coordena\u00e7\u00e3o motora, a precis\u00e3o e a aten\u00e7\u00e3o<\/strong>. Ao planejar cada arremesso e controlar a for\u00e7a aplicada para acertar os alvos de maior valor, a crian\u00e7a trabalha o racioc\u00ednio l\u00f3gico e a percep\u00e7\u00e3o visual. O jogo tamb\u00e9m promove a intera\u00e7\u00e3o social e momentos de lazer em fam\u00edlia, pois \u00e9 indicado para crian\u00e7as e adultos.<\/p>\n<div class=\"details-table-wrapper\">\n<table class=\"product-details-table\">\n<tbody>\n<tr>\n<td>Marca<\/td>\n<td>BrinqMutti<\/td>\n<\/tr>\n<tr>\n<td>Material<\/td>\n<td>\u00a0MDF<\/td>\n<\/tr>\n<tr>\n<td>Faixa Et\u00e1ria<\/td>\n<td>A partir de 4 Anos<\/td>\n<\/tr>\n<\/tbody>\n<\/table>\n<\/div>\n<\/div>\n<\/div>\n","protected":false},"excerpt":{"rendered":"<p>\u00a0Goleada de Pontos\u00a0 \u00e9 um jogo de arremesso que simula uma competi\u00e7\u00e3o emocionante entre amigos e familiares. O tabuleiro de madeira mede 455mm x 220mm x 36mm e possui uma pista serigrafada colorida com marca\u00e7\u00f5es de pontua\u00e7\u00e3o. O jogo acompanha<\/p>\n","protected":false},"featured_media":9274,"comment_status":"open","ping_status":"closed","template":"","meta":[],"product_brand":[229],"product_cat":[212],"product_tag":[],"class_list":{"0":"post-9272","1":"product","2":"type-product","3":"status-publish","6":"product_brand-brinqmutti","7":"product_cat-tabuleiros-jogos-e-brinquedos","9":"first","10":"instock","11":"shipping-taxable","12":"purchasable","13":"product-type-simple"},"_links":{"self":[{"href":"https:\/\/educaredigital.online\/loja\/wp-json\/wp\/v2\/product\/9272","targetHints":{"allow":["GET"]}}],"collection":[{"href":"https:\/\/educaredigital.online\/loja\/wp-json\/wp\/v2\/product"}],"about":[{"href":"https:\/\/educaredigital.online\/loja\/wp-json\/wp\/v2\/types\/product"}],"replies":[{"embeddable":true,"href":"https:\/\/educaredigital.online\/loja\/wp-json\/wp\/v2\/comments?post=9272"}],"wp:featuredmedia":[{"embeddable":true,"href":"https:\/\/educaredigital.online\/loja\/wp-json\/wp\/v2\/media\/9274"}],"wp:attachment":[{"href":"https:\/\/educaredigital.online\/loja\/wp-json\/wp\/v2\/media?parent=9272"}],"wp:term":[{"taxonomy":"product_brand","embeddable":true,"href":"https:\/\/educaredigital.online\/loja\/wp-json\/wp\/v2\/product_brand?post=9272"},{"taxonomy":"product_cat","embeddable":true,"href":"https:\/\/educaredigital.online\/loja\/wp-json\/wp\/v2\/product_cat?post=9272"},{"taxonomy":"product_tag","embeddable":true,"href":"https:\/\/educaredigital.online\/loja\/wp-json\/wp\/v2\/product_tag?post=9272"}],"curies":[{"name":"wp","href":"https:\/\/api.w.org\/{rel}","templated":true}]}}