{"id":9271,"date":"2026-04-24T13:09:24","date_gmt":"2026-04-24T13:09:24","guid":{"rendered":"https:\/\/educaredigital.online\/loja\/?post_type=product&#038;p=9271"},"modified":"2026-04-24T17:23:14","modified_gmt":"2026-04-24T17:23:14","slug":"caminhao-boiadeiro","status":"publish","type":"product","link":"https:\/\/educaredigital.online\/loja\/produto\/caminhao-boiadeiro\/","title":{"rendered":"Caminh\u00e3o Boiadeiro"},"content":{"rendered":"<ul>\n<li>01 caminh\u00e3o (Cavalinho e Carreta) medindo 450mm X 150mm X 100mm, em madeira.<\/li>\n<li>09 animais representativos em MDF, medindo aproximadamente 80mm X 70mm X 15mm cada.<\/li>\n<li>01 cartela com 18 adesivos para ilustrar os animais.<\/li>\n<\/ul>\n","protected":false},"excerpt":{"rendered":"<p>Trabalha a descri\u00e7\u00e3o de cenas, percep\u00e7\u00e3o, dificuldades progressivas, nomea\u00e7\u00e3o e o faz de conta.<\/p>\n","protected":false},"featured_media":9273,"comment_status":"open","ping_status":"closed","template":"","meta":[],"product_brand":[227],"product_cat":[213],"product_tag":[],"class_list":{"0":"post-9271","1":"product","2":"type-product","3":"status-publish","6":"product_brand-carimbras","7":"product_cat-brinquedos-jogos-e-brinquedos","9":"first","10":"instock","11":"shipping-taxable","12":"purchasable","13":"product-type-simple"},"_links":{"self":[{"href":"https:\/\/educaredigital.online\/loja\/wp-json\/wp\/v2\/product\/9271","targetHints":{"allow":["GET"]}}],"collection":[{"href":"https:\/\/educaredigital.online\/loja\/wp-json\/wp\/v2\/product"}],"about":[{"href":"https:\/\/educaredigital.online\/loja\/wp-json\/wp\/v2\/types\/product"}],"replies":[{"embeddable":true,"href":"https:\/\/educaredigital.online\/loja\/wp-json\/wp\/v2\/comments?post=9271"}],"wp:featuredmedia":[{"embeddable":true,"href":"https:\/\/educaredigital.online\/loja\/wp-json\/wp\/v2\/media\/9273"}],"wp:attachment":[{"href":"https:\/\/educaredigital.online\/loja\/wp-json\/wp\/v2\/media?parent=9271"}],"wp:term":[{"taxonomy":"product_brand","embeddable":true,"href":"https:\/\/educaredigital.online\/loja\/wp-json\/wp\/v2\/product_brand?post=9271"},{"taxonomy":"product_cat","embeddable":true,"href":"https:\/\/educaredigital.online\/loja\/wp-json\/wp\/v2\/product_cat?post=9271"},{"taxonomy":"product_tag","embeddable":true,"href":"https:\/\/educaredigital.online\/loja\/wp-json\/wp\/v2\/product_tag?post=9271"}],"curies":[{"name":"wp","href":"https:\/\/api.w.org\/{rel}","templated":true}]}}