{"id":9267,"date":"2026-04-24T13:04:14","date_gmt":"2026-04-24T13:04:14","guid":{"rendered":"https:\/\/educaredigital.online\/loja\/?post_type=product&#038;p=9267"},"modified":"2026-04-24T19:37:53","modified_gmt":"2026-04-24T19:37:53","slug":"explorador-sensorial","status":"publish","type":"product","link":"https:\/\/educaredigital.online\/loja\/produto\/explorador-sensorial\/","title":{"rendered":"Explorador Sensorial"},"content":{"rendered":"<p class=\"ds-markdown-paragraph\"><strong>Explorador Sensorial <\/strong>\u00e9 um produto voltado para o desenvolvimento das habilidades sensoriais e motoras das crian\u00e7as, seguindo a linha pedag\u00f3gica da marca. Embora n\u00e3o tenha conseguido acessar uma p\u00e1gina de detalhes completa, ele \u00e9 citado no site oficial da empresa como um de seus produtos em destaque, o que indica que faz parte de seu cat\u00e1logo de brinquedos inteligentes.<\/p>\n<p class=\"ds-markdown-paragraph\">Geralmente, um brinquedo com esse nome \u00e9 composto por elementos que estimulam os sentidos, como texturas variadas (\u00e1spero, macio, liso), formas geom\u00e9tricas, cores vibrantes e, possivelmente, pe\u00e7as que produzem sons ou se encaixam de maneiras diferentes. O objetivo \u00e9 convidar o pequeno explorador a tocar, observar, classificar e experimentar, promovendo o aprendizado por meio da a\u00e7\u00e3o e da descoberta aut\u00f4noma \u2013 valores essenciais da metodologia Montessori, adotada pela Brinqmutti.<\/p>\n<div class=\"details-table-wrapper\">\n<table class=\"product-details-table\">\n<tbody>\n<tr>\n<td>Marca<\/td>\n<td>BrinqMutti<\/td>\n<\/tr>\n<tr>\n<td>Material<\/td>\n<td>\u00a0MDF<\/td>\n<\/tr>\n<tr>\n<td>Faixa Et\u00e1ria<\/td>\n<td>A partir de 1 Ano<\/td>\n<\/tr>\n<\/tbody>\n<\/table>\n<\/div>\n","protected":false},"excerpt":{"rendered":"<p>Explorador Sensorial \u00e9 um produto voltado para o desenvolvimento das habilidades sensoriais e motoras das crian\u00e7as, seguindo a linha pedag\u00f3gica da marca. Embora n\u00e3o tenha conseguido acessar uma p\u00e1gina de detalhes completa, ele \u00e9 citado no site oficial da empresa<\/p>\n","protected":false},"featured_media":9268,"comment_status":"open","ping_status":"closed","template":"","meta":[],"product_brand":[229],"product_cat":[211],"product_tag":[],"class_list":{"0":"post-9267","1":"product","2":"type-product","3":"status-publish","6":"product_brand-brinqmutti","7":"product_cat-psicomotricidade-jogos-e-brinquedos","9":"first","10":"instock","11":"shipping-taxable","12":"purchasable","13":"product-type-simple"},"_links":{"self":[{"href":"https:\/\/educaredigital.online\/loja\/wp-json\/wp\/v2\/product\/9267","targetHints":{"allow":["GET"]}}],"collection":[{"href":"https:\/\/educaredigital.online\/loja\/wp-json\/wp\/v2\/product"}],"about":[{"href":"https:\/\/educaredigital.online\/loja\/wp-json\/wp\/v2\/types\/product"}],"replies":[{"embeddable":true,"href":"https:\/\/educaredigital.online\/loja\/wp-json\/wp\/v2\/comments?post=9267"}],"wp:featuredmedia":[{"embeddable":true,"href":"https:\/\/educaredigital.online\/loja\/wp-json\/wp\/v2\/media\/9268"}],"wp:attachment":[{"href":"https:\/\/educaredigital.online\/loja\/wp-json\/wp\/v2\/media?parent=9267"}],"wp:term":[{"taxonomy":"product_brand","embeddable":true,"href":"https:\/\/educaredigital.online\/loja\/wp-json\/wp\/v2\/product_brand?post=9267"},{"taxonomy":"product_cat","embeddable":true,"href":"https:\/\/educaredigital.online\/loja\/wp-json\/wp\/v2\/product_cat?post=9267"},{"taxonomy":"product_tag","embeddable":true,"href":"https:\/\/educaredigital.online\/loja\/wp-json\/wp\/v2\/product_tag?post=9267"}],"curies":[{"name":"wp","href":"https:\/\/api.w.org\/{rel}","templated":true}]}}