{"id":9265,"date":"2026-04-24T12:57:55","date_gmt":"2026-04-24T12:57:55","guid":{"rendered":"https:\/\/educaredigital.online\/loja\/?post_type=product&#038;p=9265"},"modified":"2026-04-24T19:37:53","modified_gmt":"2026-04-24T19:37:53","slug":"montanha-russa-baby","status":"publish","type":"product","link":"https:\/\/educaredigital.online\/loja\/produto\/montanha-russa-baby\/","title":{"rendered":"Montanha Russa Baby"},"content":{"rendered":"<p class=\"ds-markdown-paragraph\"><strong>Montanha Russa Baby<\/strong>\u00a0\u00e9 um brinquedo especialmente criado para os primeiros passos da crian\u00e7a no universo do movimento e da l\u00f3gica. Este brinquedo educativo \u00e9 um conjunto de aramados feito em madeira, dispon\u00edvel em tr\u00eas modelos de base com formatos l\u00fadicos:\u00a0<strong>Osso, P\u00e9 e Peixe<\/strong>\u00a0(cada um medindo aproximadamente 22cm x 22cm x 22cm). Cada modelo vem com 10 pe\u00e7as coloridas (como contas ou animais) divididas em\u00a0<strong>dois circuitos de arame<\/strong>, que formam um labirinto tridimensional onde as pe\u00e7as devem ser conduzidas do in\u00edcio ao fim.\u00a0 E \u00e9 uma excelente introdu\u00e7\u00e3o ao mundo dos brinquedos de encaixe, explorando no\u00e7\u00f5es de dire\u00e7\u00e3o e coordena\u00e7\u00e3o.<\/p>\n<p class=\"ds-markdown-paragraph\">Ao deslizar as pe\u00e7as pelos arames sinuosos, o pequeno exercita o movimento de pin\u00e7a e a precis\u00e3o das m\u00e3os, desenvolvendo a\u00a0<strong>coordena\u00e7\u00e3o motora fina, a percep\u00e7\u00e3o visual e no\u00e7\u00f5es de dire\u00e7\u00e3o como para frente, para tr\u00e1s, para cima e para baixo<\/strong>. A brincadeira tamb\u00e9m estimula a\u00a0<strong>concentra\u00e7\u00e3o, a paci\u00eancia e o racioc\u00ednio l\u00f3gico<\/strong>\u00a0para resolver o percurso, introduzindo conceitos de causa e efeito. Feito com materiais seguros e dur\u00e1veis, \u00e9 um brinquedo atemporal da metodologia Montessori que promove a autonomia enquanto diverte e educa.<\/p>\n<div class=\"details-table-wrapper\">\n<table class=\"product-details-table\">\n<tbody>\n<tr>\n<td>Marca<\/td>\n<td>BrinqMutti<\/td>\n<\/tr>\n<tr>\n<td>Material<\/td>\n<td>\u00a0MDF<\/td>\n<\/tr>\n<tr>\n<td>Faixa Et\u00e1ria<\/td>\n<td>A partir de 1 Ano<\/td>\n<\/tr>\n<\/tbody>\n<\/table>\n<\/div>\n","protected":false},"excerpt":{"rendered":"<p>Montanha Russa Baby\u00a0\u00e9 um brinquedo especialmente criado para os primeiros passos da crian\u00e7a no universo do movimento e da l\u00f3gica. Este brinquedo educativo \u00e9 um conjunto de aramados feito em madeira, dispon\u00edvel em tr\u00eas modelos de base com formatos l\u00fadicos:\u00a0Osso,<\/p>\n","protected":false},"featured_media":9266,"comment_status":"open","ping_status":"closed","template":"","meta":[],"product_brand":[229],"product_cat":[211],"product_tag":[],"class_list":{"0":"post-9265","1":"product","2":"type-product","3":"status-publish","6":"product_brand-brinqmutti","7":"product_cat-psicomotricidade-jogos-e-brinquedos","9":"first","10":"instock","11":"shipping-taxable","12":"purchasable","13":"product-type-simple"},"_links":{"self":[{"href":"https:\/\/educaredigital.online\/loja\/wp-json\/wp\/v2\/product\/9265","targetHints":{"allow":["GET"]}}],"collection":[{"href":"https:\/\/educaredigital.online\/loja\/wp-json\/wp\/v2\/product"}],"about":[{"href":"https:\/\/educaredigital.online\/loja\/wp-json\/wp\/v2\/types\/product"}],"replies":[{"embeddable":true,"href":"https:\/\/educaredigital.online\/loja\/wp-json\/wp\/v2\/comments?post=9265"}],"wp:featuredmedia":[{"embeddable":true,"href":"https:\/\/educaredigital.online\/loja\/wp-json\/wp\/v2\/media\/9266"}],"wp:attachment":[{"href":"https:\/\/educaredigital.online\/loja\/wp-json\/wp\/v2\/media?parent=9265"}],"wp:term":[{"taxonomy":"product_brand","embeddable":true,"href":"https:\/\/educaredigital.online\/loja\/wp-json\/wp\/v2\/product_brand?post=9265"},{"taxonomy":"product_cat","embeddable":true,"href":"https:\/\/educaredigital.online\/loja\/wp-json\/wp\/v2\/product_cat?post=9265"},{"taxonomy":"product_tag","embeddable":true,"href":"https:\/\/educaredigital.online\/loja\/wp-json\/wp\/v2\/product_tag?post=9265"}],"curies":[{"name":"wp","href":"https:\/\/api.w.org\/{rel}","templated":true}]}}