{"id":9251,"date":"2026-04-24T12:52:42","date_gmt":"2026-04-24T12:52:42","guid":{"rendered":"https:\/\/educaredigital.online\/loja\/?post_type=product&#038;p=9251"},"modified":"2026-04-24T19:37:53","modified_gmt":"2026-04-24T19:37:53","slug":"desafio-dos-numeros","status":"publish","type":"product","link":"https:\/\/educaredigital.online\/loja\/produto\/desafio-dos-numeros\/","title":{"rendered":"Desafio dos N\u00fameros"},"content":{"rendered":"<p class=\"ds-markdown-paragraph\"><strong>Desafio dos N\u00fameros <\/strong>\u00e9 um jogo de madeira criado para transformar os primeiros passos da matem\u00e1tica em uma aventura empolgante. Com pe\u00e7as coloridas e numeradas de 0 a 50, o conjunto desafia a crian\u00e7a a ordenar a sequ\u00eancia num\u00e9rica, associar quantidades aos respectivos algarismos e at\u00e9 mesmo combinar sinais matem\u00e1ticos para formar pequenas opera\u00e7\u00f5es. A din\u00e2mica l\u00fadica convida os pequenos a explorar o mundo dos n\u00fameros de forma independente, seja encaixando pe\u00e7as em uma base, organizando-as em ordem crescente ou completando desafios propostos por um adulto.<\/p>\n<p class=\"ds-markdown-paragraph\">Mais do que um simples jogo de tabuleiro, esta ferramenta pedag\u00f3gica foi projetada para fortalecer habilidades fundamentais como o\u00a0<strong>racioc\u00ednio l\u00f3gico-matem\u00e1tico, a coordena\u00e7\u00e3o motora fina e a percep\u00e7\u00e3o visual<\/strong>. Ao manusear as pe\u00e7as e resolver cada etapa, a crian\u00e7a tamb\u00e9m exercita a concentra\u00e7\u00e3o, a paci\u00eancia e a capacidade de resolver problemas de maneira criativa.\u00a0 Desafio dos N\u00fameros \u00e9 um excelente recurso para introduzir conceitos de contagem, seria\u00e7\u00e3o e quantifica\u00e7\u00e3o de forma natural e divertida.<\/p>\n<div class=\"details-table-wrapper\">\n<table class=\"product-details-table\">\n<tbody>\n<tr>\n<td>Marca<\/td>\n<td>BrinqMutti<\/td>\n<\/tr>\n<tr>\n<td>Material<\/td>\n<td>\u00a0MDF<\/td>\n<\/tr>\n<tr>\n<td>Faixa Et\u00e1ria<\/td>\n<td>A partir de 3 Anos<\/td>\n<\/tr>\n<\/tbody>\n<\/table>\n<\/div>\n","protected":false},"excerpt":{"rendered":"<p>Desafio dos N\u00fameros \u00e9 um jogo de madeira criado para transformar os primeiros passos da matem\u00e1tica em uma aventura empolgante. Com pe\u00e7as coloridas e numeradas de 0 a 50, o conjunto desafia a crian\u00e7a a ordenar a sequ\u00eancia num\u00e9rica, associar<\/p>\n","protected":false},"featured_media":9263,"comment_status":"open","ping_status":"closed","template":"","meta":[],"product_brand":[229],"product_cat":[210],"product_tag":[],"class_list":{"0":"post-9251","1":"product","2":"type-product","3":"status-publish","6":"product_brand-brinqmutti","7":"product_cat-matematica-jogos-e-brinquedos","9":"first","10":"instock","11":"shipping-taxable","12":"purchasable","13":"product-type-simple"},"_links":{"self":[{"href":"https:\/\/educaredigital.online\/loja\/wp-json\/wp\/v2\/product\/9251","targetHints":{"allow":["GET"]}}],"collection":[{"href":"https:\/\/educaredigital.online\/loja\/wp-json\/wp\/v2\/product"}],"about":[{"href":"https:\/\/educaredigital.online\/loja\/wp-json\/wp\/v2\/types\/product"}],"replies":[{"embeddable":true,"href":"https:\/\/educaredigital.online\/loja\/wp-json\/wp\/v2\/comments?post=9251"}],"wp:featuredmedia":[{"embeddable":true,"href":"https:\/\/educaredigital.online\/loja\/wp-json\/wp\/v2\/media\/9263"}],"wp:attachment":[{"href":"https:\/\/educaredigital.online\/loja\/wp-json\/wp\/v2\/media?parent=9251"}],"wp:term":[{"taxonomy":"product_brand","embeddable":true,"href":"https:\/\/educaredigital.online\/loja\/wp-json\/wp\/v2\/product_brand?post=9251"},{"taxonomy":"product_cat","embeddable":true,"href":"https:\/\/educaredigital.online\/loja\/wp-json\/wp\/v2\/product_cat?post=9251"},{"taxonomy":"product_tag","embeddable":true,"href":"https:\/\/educaredigital.online\/loja\/wp-json\/wp\/v2\/product_tag?post=9251"}],"curies":[{"name":"wp","href":"https:\/\/api.w.org\/{rel}","templated":true}]}}