{"id":9246,"date":"2026-04-24T12:37:16","date_gmt":"2026-04-24T12:37:16","guid":{"rendered":"https:\/\/educaredigital.online\/loja\/?post_type=product&#038;p=9246"},"modified":"2026-04-24T19:37:53","modified_gmt":"2026-04-24T19:37:53","slug":"octa-aramado","status":"publish","type":"product","link":"https:\/\/educaredigital.online\/loja\/produto\/octa-aramado\/","title":{"rendered":"Octa Aramado"},"content":{"rendered":"<p class=\"ds-markdown-paragraph\"><strong>Octa Aramado <\/strong>\u00a0\u00e9 um jogo de madeira que re\u00fane duas atividades cl\u00e1ssicas do universo pedag\u00f3gico: um aramado com 10 esferas coloridas e uma torre composta por 5 pe\u00e7as octogonais para encaixar. Com um design que lembra um simp\u00e1tico polvo, o brinquedo convida os pequenos a conduzir as bolinhas pelos trilhos de arame e a empilhar os blocos na base central, desafiando a l\u00f3gica e a destreza de forma l\u00fadica e independente.<\/p>\n<p class=\"ds-markdown-paragraph\">Cada movimento nesse tabuleiro \u00e9 um exerc\u00edcio fundamental para o desenvolvimento infantil, estimulando a\u00a0<strong>coordena\u00e7\u00e3o motora fina, a percep\u00e7\u00e3o visual, a aten\u00e7\u00e3o e o racioc\u00ednio l\u00f3gico<\/strong>. Ao planejar a melhor forma de deslocar as pe\u00e7as ou decidir a ordem correta para encaixar a torre, a crian\u00e7a trabalha habilidades visomotoras e de resolu\u00e7\u00e3o de problemas de maneira prazerosa.\u00a0 <strong>Octa Aramado<\/strong>\u00a0\u00e9 uma ferramenta Montessori completa que transforma o aprendizado em uma experi\u00eancia sensorial rica e duradoura.<\/p>\n<div class=\"details-table-wrapper\">\n<table class=\"product-details-table\">\n<tbody>\n<tr>\n<td>Marca<\/td>\n<td>BrinqMutti<\/td>\n<\/tr>\n<tr>\n<td>Material<\/td>\n<td>\u00a0MDF<\/td>\n<\/tr>\n<tr>\n<td>Faixa Et\u00e1ria<\/td>\n<td>A partir de 3 Anos<\/td>\n<\/tr>\n<\/tbody>\n<\/table>\n<\/div>\n","protected":false},"excerpt":{"rendered":"<p>Octa Aramado \u00a0\u00e9 um jogo de madeira que re\u00fane duas atividades cl\u00e1ssicas do universo pedag\u00f3gico: um aramado com 10 esferas coloridas e uma torre composta por 5 pe\u00e7as octogonais para encaixar. Com um design que lembra um simp\u00e1tico polvo, o<\/p>\n","protected":false},"featured_media":9247,"comment_status":"open","ping_status":"closed","template":"","meta":[],"product_brand":[229],"product_cat":[211],"product_tag":[],"class_list":{"0":"post-9246","1":"product","2":"type-product","3":"status-publish","6":"product_brand-brinqmutti","7":"product_cat-psicomotricidade-jogos-e-brinquedos","9":"first","10":"instock","11":"shipping-taxable","12":"purchasable","13":"product-type-simple"},"_links":{"self":[{"href":"https:\/\/educaredigital.online\/loja\/wp-json\/wp\/v2\/product\/9246","targetHints":{"allow":["GET"]}}],"collection":[{"href":"https:\/\/educaredigital.online\/loja\/wp-json\/wp\/v2\/product"}],"about":[{"href":"https:\/\/educaredigital.online\/loja\/wp-json\/wp\/v2\/types\/product"}],"replies":[{"embeddable":true,"href":"https:\/\/educaredigital.online\/loja\/wp-json\/wp\/v2\/comments?post=9246"}],"wp:featuredmedia":[{"embeddable":true,"href":"https:\/\/educaredigital.online\/loja\/wp-json\/wp\/v2\/media\/9247"}],"wp:attachment":[{"href":"https:\/\/educaredigital.online\/loja\/wp-json\/wp\/v2\/media?parent=9246"}],"wp:term":[{"taxonomy":"product_brand","embeddable":true,"href":"https:\/\/educaredigital.online\/loja\/wp-json\/wp\/v2\/product_brand?post=9246"},{"taxonomy":"product_cat","embeddable":true,"href":"https:\/\/educaredigital.online\/loja\/wp-json\/wp\/v2\/product_cat?post=9246"},{"taxonomy":"product_tag","embeddable":true,"href":"https:\/\/educaredigital.online\/loja\/wp-json\/wp\/v2\/product_tag?post=9246"}],"curies":[{"name":"wp","href":"https:\/\/api.w.org\/{rel}","templated":true}]}}