{"id":9240,"date":"2026-04-24T12:22:53","date_gmt":"2026-04-24T12:22:53","guid":{"rendered":"https:\/\/educaredigital.online\/loja\/?post_type=product&#038;p=9240"},"modified":"2026-04-24T19:37:53","modified_gmt":"2026-04-24T19:37:53","slug":"mesa-psicomotora","status":"publish","type":"product","link":"https:\/\/educaredigital.online\/loja\/produto\/mesa-psicomotora\/","title":{"rendered":"Mesa Psicomotora"},"content":{"rendered":"<p class=\"ds-markdown-paragraph\"><strong>Mesa Psicomotora<\/strong>\u00a0 \u00e9 uma ferramenta l\u00fadica completa, confeccionada em madeira, que re\u00fane cinco atividades sensoriais e motoras em um \u00fanico m\u00f3vel. Com dimens\u00f5es de 40x40x31 cm, e conta com elementos como engrenagens girat\u00f3rias, cursores com pe\u00e7as deslizantes, um cilindro com chocalho, um \u00e1baco e teclas coloridas, proporcionando uma experi\u00eancia rica em est\u00edmulos.<\/p>\n<p class=\"ds-markdown-paragraph\">Esta mesa \u00e9 uma convite \u00e0 explora\u00e7\u00e3o e ao desenvolvimento de v\u00e1rias habilidades. Ao interagir com as diferentes atividades, a pequena trabalha a\u00a0<strong>coordena\u00e7\u00e3o motora (fina e grossa), a percep\u00e7\u00e3o visual e o racioc\u00ednio l\u00f3gico<\/strong>\u00a0de forma integrada. Al\u00e9m disso, o brinquedo estimula a criatividade, a aten\u00e7\u00e3o, a agilidade e at\u00e9 a intera\u00e7\u00e3o social, tornando-se um excelente recurso para o desenvolvimento psicomotor infantil.<\/p>\n<div class=\"details-table-wrapper\">\n<table class=\"product-details-table\">\n<tbody>\n<tr>\n<td>Marca<\/td>\n<td>BrinqMutti<\/td>\n<\/tr>\n<tr>\n<td>Material<\/td>\n<td>\u00a0Madeira<\/td>\n<\/tr>\n<tr>\n<td>Faixa Et\u00e1ria<\/td>\n<td>A partir de 3 Anos<\/td>\n<\/tr>\n<\/tbody>\n<\/table>\n<\/div>\n","protected":false},"excerpt":{"rendered":"<p>Mesa Psicomotora\u00a0 \u00e9 uma ferramenta l\u00fadica completa, confeccionada em madeira, que re\u00fane cinco atividades sensoriais e motoras em um \u00fanico m\u00f3vel. Com dimens\u00f5es de 40x40x31 cm, e conta com elementos como engrenagens girat\u00f3rias, cursores com pe\u00e7as deslizantes, um cilindro com<\/p>\n","protected":false},"featured_media":9241,"comment_status":"open","ping_status":"closed","template":"","meta":[],"product_brand":[229],"product_cat":[211],"product_tag":[],"class_list":{"0":"post-9240","1":"product","2":"type-product","3":"status-publish","6":"product_brand-brinqmutti","7":"product_cat-psicomotricidade-jogos-e-brinquedos","9":"first","10":"instock","11":"shipping-taxable","12":"purchasable","13":"product-type-simple"},"_links":{"self":[{"href":"https:\/\/educaredigital.online\/loja\/wp-json\/wp\/v2\/product\/9240","targetHints":{"allow":["GET"]}}],"collection":[{"href":"https:\/\/educaredigital.online\/loja\/wp-json\/wp\/v2\/product"}],"about":[{"href":"https:\/\/educaredigital.online\/loja\/wp-json\/wp\/v2\/types\/product"}],"replies":[{"embeddable":true,"href":"https:\/\/educaredigital.online\/loja\/wp-json\/wp\/v2\/comments?post=9240"}],"wp:featuredmedia":[{"embeddable":true,"href":"https:\/\/educaredigital.online\/loja\/wp-json\/wp\/v2\/media\/9241"}],"wp:attachment":[{"href":"https:\/\/educaredigital.online\/loja\/wp-json\/wp\/v2\/media?parent=9240"}],"wp:term":[{"taxonomy":"product_brand","embeddable":true,"href":"https:\/\/educaredigital.online\/loja\/wp-json\/wp\/v2\/product_brand?post=9240"},{"taxonomy":"product_cat","embeddable":true,"href":"https:\/\/educaredigital.online\/loja\/wp-json\/wp\/v2\/product_cat?post=9240"},{"taxonomy":"product_tag","embeddable":true,"href":"https:\/\/educaredigital.online\/loja\/wp-json\/wp\/v2\/product_tag?post=9240"}],"curies":[{"name":"wp","href":"https:\/\/api.w.org\/{rel}","templated":true}]}}