{"id":9238,"date":"2026-04-24T12:18:56","date_gmt":"2026-04-24T12:18:56","guid":{"rendered":"https:\/\/educaredigital.online\/loja\/?post_type=product&#038;p=9238"},"modified":"2026-04-24T19:37:53","modified_gmt":"2026-04-24T19:37:53","slug":"os-sentidos","status":"publish","type":"product","link":"https:\/\/educaredigital.online\/loja\/produto\/os-sentidos\/","title":{"rendered":"Os Sentidos"},"content":{"rendered":"<p class=\"ds-markdown-paragraph\"><strong>Os Sentidos<\/strong> Ele \u00e9 um jogo de madeira que convida os pequenos para uma verdadeira aventura de descobertas. Composto por 5 caixas de madeira, cada uma representando um dos sentidos (vis\u00e3o, audi\u00e7\u00e3o, olfato, paladar e tato), e 45 fichas ilustradas com diferentes objetos e situa\u00e7\u00f5es do dia a dia.<\/p>\n<p class=\"ds-markdown-paragraph\">A brincadeira funciona como um jogo de associa\u00e7\u00e3o: a crian\u00e7a deve analisar a imagem de cada ficha e &#8220;alimentar&#8221; a caixinha do sentido que mais se relaciona com ela. Essa din\u00e2mica l\u00fadica ajuda a desenvolver o\u00a0<strong>reconhecimento e a nomea\u00e7\u00e3o dos cinco sentidos, al\u00e9m de estimular a classifica\u00e7\u00e3o de elementos com base em est\u00edmulos sensoriais<\/strong>\u00a0\u2013 como saber se uma fruta \u00e9 mais identificada pelo paladar ou pelo tato. \u00c9 uma ferramenta incr\u00edvel para professores e pais promoverem a conscientiza\u00e7\u00e3o corporal e a percep\u00e7\u00e3o do mundo de forma interativa!<\/p>\n<div class=\"details-table-wrapper\">\n<table class=\"product-details-table\">\n<tbody>\n<tr>\n<td>Marca<\/td>\n<td>BrinqMutti<\/td>\n<\/tr>\n<tr>\n<td>Material<\/td>\n<td>\u00a0MDF<\/td>\n<\/tr>\n<tr>\n<td>Faixa Et\u00e1ria<\/td>\n<td>A partir de 3 Anos<\/td>\n<\/tr>\n<\/tbody>\n<\/table>\n<\/div>\n","protected":false},"excerpt":{"rendered":"<p>Os Sentidos Ele \u00e9 um jogo de madeira que convida os pequenos para uma verdadeira aventura de descobertas. Composto por 5 caixas de madeira, cada uma representando um dos sentidos (vis\u00e3o, audi\u00e7\u00e3o, olfato, paladar e tato), e 45 fichas ilustradas<\/p>\n","protected":false},"featured_media":9239,"comment_status":"open","ping_status":"closed","template":"","meta":[],"product_brand":[229],"product_cat":[211],"product_tag":[],"class_list":{"0":"post-9238","1":"product","2":"type-product","3":"status-publish","6":"product_brand-brinqmutti","7":"product_cat-psicomotricidade-jogos-e-brinquedos","9":"first","10":"instock","11":"shipping-taxable","12":"purchasable","13":"product-type-simple"},"_links":{"self":[{"href":"https:\/\/educaredigital.online\/loja\/wp-json\/wp\/v2\/product\/9238","targetHints":{"allow":["GET"]}}],"collection":[{"href":"https:\/\/educaredigital.online\/loja\/wp-json\/wp\/v2\/product"}],"about":[{"href":"https:\/\/educaredigital.online\/loja\/wp-json\/wp\/v2\/types\/product"}],"replies":[{"embeddable":true,"href":"https:\/\/educaredigital.online\/loja\/wp-json\/wp\/v2\/comments?post=9238"}],"wp:featuredmedia":[{"embeddable":true,"href":"https:\/\/educaredigital.online\/loja\/wp-json\/wp\/v2\/media\/9239"}],"wp:attachment":[{"href":"https:\/\/educaredigital.online\/loja\/wp-json\/wp\/v2\/media?parent=9238"}],"wp:term":[{"taxonomy":"product_brand","embeddable":true,"href":"https:\/\/educaredigital.online\/loja\/wp-json\/wp\/v2\/product_brand?post=9238"},{"taxonomy":"product_cat","embeddable":true,"href":"https:\/\/educaredigital.online\/loja\/wp-json\/wp\/v2\/product_cat?post=9238"},{"taxonomy":"product_tag","embeddable":true,"href":"https:\/\/educaredigital.online\/loja\/wp-json\/wp\/v2\/product_tag?post=9238"}],"curies":[{"name":"wp","href":"https:\/\/api.w.org\/{rel}","templated":true}]}}