{"id":9236,"date":"2026-04-24T12:14:50","date_gmt":"2026-04-24T12:14:50","guid":{"rendered":"https:\/\/educaredigital.online\/loja\/?post_type=product&#038;p=9236"},"modified":"2026-04-24T19:37:53","modified_gmt":"2026-04-24T19:37:53","slug":"macaco-balance","status":"publish","type":"product","link":"https:\/\/educaredigital.online\/loja\/produto\/macaco-balance\/","title":{"rendered":"Macaco Balance"},"content":{"rendered":"<p class=\"ds-markdown-paragraph\">\u00a0<strong>Macaco Balance<\/strong>\u00a0\u00e9 uma prancha de equil\u00edbrio de madeira que convida a crian\u00e7a a viver uma experi\u00eancia l\u00fadica desafiadora. Inspirado no personagem de um macaquinho alegre e sapeca, o jogo consiste em pisar sobre a base e manter o corpo est\u00e1vel, sem deixar a prancha tombar para os lados. Com essa din\u00e2mica simples e cativante, a brincadeira se transforma em uma miss\u00e3o divertida de foco e persist\u00eancia, onde cada tentativa \u00e9 um passo para superar os pr\u00f3prios limites.<\/p>\n<p class=\"ds-markdown-paragraph\">Este brinquedo educativo foi projetado para promover o desenvolvimento motor e cognitivo dos pequenos por meio do movimento e do equil\u00edbrio. Ao se desafiar a controlar o corpo sobre a prancha, a crian\u00e7a trabalha intensamente a coordena\u00e7\u00e3o motora, a concentra\u00e7\u00e3o e o fortalecimento f\u00edsico. Macaco Balance \u00e9 uma ferramenta muito utilizada por pedagogos para trabalhar a psicomotricidade, sendo igualmente eficaz para brincadeiras individuais ou em grupo, dentro de casa ou em \u00e1reas externas.<\/p>\n<div class=\"details-table-wrapper\">\n<table class=\"product-details-table\">\n<tbody>\n<tr>\n<td>Marca<\/td>\n<td>BrinqMutti<\/td>\n<\/tr>\n<tr>\n<td>Material<\/td>\n<td>\u00a0Madeira<\/td>\n<\/tr>\n<tr>\n<td>Faixa Et\u00e1ria<\/td>\n<td>A partir de 3 Anos<\/td>\n<\/tr>\n<\/tbody>\n<\/table>\n<\/div>\n","protected":false},"excerpt":{"rendered":"<p>\u00a0Macaco Balance\u00a0\u00e9 uma prancha de equil\u00edbrio de madeira que convida a crian\u00e7a a viver uma experi\u00eancia l\u00fadica desafiadora. Inspirado no personagem de um macaquinho alegre e sapeca, o jogo consiste em pisar sobre a base e manter o corpo est\u00e1vel,<\/p>\n","protected":false},"featured_media":9237,"comment_status":"open","ping_status":"closed","template":"","meta":[],"product_brand":[229],"product_cat":[211],"product_tag":[],"class_list":{"0":"post-9236","1":"product","2":"type-product","3":"status-publish","6":"product_brand-brinqmutti","7":"product_cat-psicomotricidade-jogos-e-brinquedos","9":"first","10":"instock","11":"shipping-taxable","12":"purchasable","13":"product-type-simple"},"_links":{"self":[{"href":"https:\/\/educaredigital.online\/loja\/wp-json\/wp\/v2\/product\/9236","targetHints":{"allow":["GET"]}}],"collection":[{"href":"https:\/\/educaredigital.online\/loja\/wp-json\/wp\/v2\/product"}],"about":[{"href":"https:\/\/educaredigital.online\/loja\/wp-json\/wp\/v2\/types\/product"}],"replies":[{"embeddable":true,"href":"https:\/\/educaredigital.online\/loja\/wp-json\/wp\/v2\/comments?post=9236"}],"wp:featuredmedia":[{"embeddable":true,"href":"https:\/\/educaredigital.online\/loja\/wp-json\/wp\/v2\/media\/9237"}],"wp:attachment":[{"href":"https:\/\/educaredigital.online\/loja\/wp-json\/wp\/v2\/media?parent=9236"}],"wp:term":[{"taxonomy":"product_brand","embeddable":true,"href":"https:\/\/educaredigital.online\/loja\/wp-json\/wp\/v2\/product_brand?post=9236"},{"taxonomy":"product_cat","embeddable":true,"href":"https:\/\/educaredigital.online\/loja\/wp-json\/wp\/v2\/product_cat?post=9236"},{"taxonomy":"product_tag","embeddable":true,"href":"https:\/\/educaredigital.online\/loja\/wp-json\/wp\/v2\/product_tag?post=9236"}],"curies":[{"name":"wp","href":"https:\/\/api.w.org\/{rel}","templated":true}]}}