{"id":9230,"date":"2026-04-24T11:59:51","date_gmt":"2026-04-24T11:59:51","guid":{"rendered":"https:\/\/educaredigital.online\/loja\/?post_type=product&#038;p=9230"},"modified":"2026-04-24T19:37:54","modified_gmt":"2026-04-24T19:37:54","slug":"controle-de-funcoes","status":"publish","type":"product","link":"https:\/\/educaredigital.online\/loja\/produto\/controle-de-funcoes\/","title":{"rendered":"Controle de Fun\u00e7\u00f5es"},"content":{"rendered":"<p class=\"ds-markdown-paragraph\"><strong>Controle de Fun\u00e7\u00f5es <\/strong>\u00e9 um jogo de tabuleiro pedag\u00f3gico que desafia a mem\u00f3ria e a percep\u00e7\u00e3o visual. O objetivo \u00e9 simples e cativante: replicar, na parte inferior do tabuleiro, a sequ\u00eancia de cores das bolinhas que est\u00e3o alojadas na parte superior. Para iniciar, a crian\u00e7a deve puxar uma alavanca, que mistura e posiciona as bolinhas em uma ordem aleat\u00f3ria.<\/p>\n<p class=\"ds-markdown-paragraph\">Mais do que um passatempo, este jogo \u00e9 uma ferramenta para o desenvolvimento de fun\u00e7\u00f5es executivas essenciais. Ao tentar reproduzir a sequ\u00eancia exata, a crian\u00e7a exercita a\u00a0<strong>aten\u00e7\u00e3o, a concentra\u00e7\u00e3o, o racioc\u00ednio l\u00f3gico, a paci\u00eancia e o autocontrole<\/strong>. A brincadeira tamb\u00e9m trabalha a coordena\u00e7\u00e3o motora e a coordena\u00e7\u00e3o visomotora, sendo uma excelente op\u00e7\u00e3o para estimular o cognitivo de forma l\u00fadica e desafiadora.<\/p>\n<div class=\"details-table-wrapper\">\n<table class=\"product-details-table\">\n<tbody>\n<tr>\n<td>Marca<\/td>\n<td>BrinqMutti<\/td>\n<\/tr>\n<tr>\n<td>Material<\/td>\n<td>\u00a0MDF<\/td>\n<\/tr>\n<tr>\n<td>Faixa Et\u00e1ria<\/td>\n<td>A partir de 4 Anos<\/td>\n<\/tr>\n<\/tbody>\n<\/table>\n<\/div>\n","protected":false},"excerpt":{"rendered":"<p>Controle de Fun\u00e7\u00f5es \u00e9 um jogo de tabuleiro pedag\u00f3gico que desafia a mem\u00f3ria e a percep\u00e7\u00e3o visual. O objetivo \u00e9 simples e cativante: replicar, na parte inferior do tabuleiro, a sequ\u00eancia de cores das bolinhas que est\u00e3o alojadas na parte<\/p>\n","protected":false},"featured_media":9231,"comment_status":"open","ping_status":"closed","template":"","meta":[],"product_brand":[229],"product_cat":[211],"product_tag":[],"class_list":{"0":"post-9230","1":"product","2":"type-product","3":"status-publish","6":"product_brand-brinqmutti","7":"product_cat-psicomotricidade-jogos-e-brinquedos","9":"first","10":"instock","11":"shipping-taxable","12":"purchasable","13":"product-type-simple"},"_links":{"self":[{"href":"https:\/\/educaredigital.online\/loja\/wp-json\/wp\/v2\/product\/9230","targetHints":{"allow":["GET"]}}],"collection":[{"href":"https:\/\/educaredigital.online\/loja\/wp-json\/wp\/v2\/product"}],"about":[{"href":"https:\/\/educaredigital.online\/loja\/wp-json\/wp\/v2\/types\/product"}],"replies":[{"embeddable":true,"href":"https:\/\/educaredigital.online\/loja\/wp-json\/wp\/v2\/comments?post=9230"}],"wp:featuredmedia":[{"embeddable":true,"href":"https:\/\/educaredigital.online\/loja\/wp-json\/wp\/v2\/media\/9231"}],"wp:attachment":[{"href":"https:\/\/educaredigital.online\/loja\/wp-json\/wp\/v2\/media?parent=9230"}],"wp:term":[{"taxonomy":"product_brand","embeddable":true,"href":"https:\/\/educaredigital.online\/loja\/wp-json\/wp\/v2\/product_brand?post=9230"},{"taxonomy":"product_cat","embeddable":true,"href":"https:\/\/educaredigital.online\/loja\/wp-json\/wp\/v2\/product_cat?post=9230"},{"taxonomy":"product_tag","embeddable":true,"href":"https:\/\/educaredigital.online\/loja\/wp-json\/wp\/v2\/product_tag?post=9230"}],"curies":[{"name":"wp","href":"https:\/\/api.w.org\/{rel}","templated":true}]}}