{"id":9226,"date":"2026-04-24T11:49:06","date_gmt":"2026-04-24T11:49:06","guid":{"rendered":"https:\/\/educaredigital.online\/loja\/?post_type=product&#038;p=9226"},"modified":"2026-04-24T19:37:54","modified_gmt":"2026-04-24T19:37:54","slug":"jipe-safari","status":"publish","type":"product","link":"https:\/\/educaredigital.online\/loja\/produto\/jipe-safari\/","title":{"rendered":"Jipe Safari"},"content":{"rendered":"<p class=\"ds-markdown-paragraph\"><strong>Jipe Safari <\/strong>\u00a0\u00e9 um brinquedo educativo de madeira que transporta as crian\u00e7as para o cora\u00e7\u00e3o da selva. Composto por um jipe e seis animais de madeira, o conjunto convida os pequenos a embarcar em um saf\u00e1ri de imagina\u00e7\u00e3o, observando e descrevando as caracter\u00edsticas de animais de grande porte enquanto &#8220;passam figuras&#8221;.<\/p>\n<p class=\"ds-markdown-paragraph\">Mais do que um simples ve\u00edculo, este jipe \u00e9 uma ferramenta l\u00fadica que visa o desenvolvimento infantil de forma ampla. Ao interagir com o brinquedo, a crian\u00e7a exercita a\u00a0<strong>coordena\u00e7\u00e3o motora, o racioc\u00ednio l\u00f3gico, a imagina\u00e7\u00e3o, a criatividade e a percep\u00e7\u00e3o visual<\/strong>. A brincadeira tamb\u00e9m estimula a identifica\u00e7\u00e3o de cores e formas, a aten\u00e7\u00e3o e a intera\u00e7\u00e3o social, tornando o aprendizado uma experi\u00eancia natural e divertida.<\/p>\n<div class=\"details-table-wrapper\">\n<table class=\"product-details-table\">\n<tbody>\n<tr>\n<td>Marca<\/td>\n<td>BrinqMutti<\/td>\n<\/tr>\n<tr>\n<td>Material<\/td>\n<td>\u00a0Madeira<\/td>\n<\/tr>\n<tr>\n<td>Faixa Et\u00e1ria<\/td>\n<td>A partir de 3 Anos<\/td>\n<\/tr>\n<\/tbody>\n<\/table>\n<\/div>\n","protected":false},"excerpt":{"rendered":"<p>Jipe Safari \u00a0\u00e9 um brinquedo educativo de madeira que transporta as crian\u00e7as para o cora\u00e7\u00e3o da selva. Composto por um jipe e seis animais de madeira, o conjunto convida os pequenos a embarcar em um saf\u00e1ri de imagina\u00e7\u00e3o, observando e<\/p>\n","protected":false},"featured_media":9227,"comment_status":"open","ping_status":"closed","template":"","meta":[],"product_brand":[229],"product_cat":[213],"product_tag":[],"class_list":{"0":"post-9226","1":"product","2":"type-product","3":"status-publish","6":"product_brand-brinqmutti","7":"product_cat-brinquedos-jogos-e-brinquedos","9":"first","10":"instock","11":"shipping-taxable","12":"purchasable","13":"product-type-simple"},"_links":{"self":[{"href":"https:\/\/educaredigital.online\/loja\/wp-json\/wp\/v2\/product\/9226","targetHints":{"allow":["GET"]}}],"collection":[{"href":"https:\/\/educaredigital.online\/loja\/wp-json\/wp\/v2\/product"}],"about":[{"href":"https:\/\/educaredigital.online\/loja\/wp-json\/wp\/v2\/types\/product"}],"replies":[{"embeddable":true,"href":"https:\/\/educaredigital.online\/loja\/wp-json\/wp\/v2\/comments?post=9226"}],"wp:featuredmedia":[{"embeddable":true,"href":"https:\/\/educaredigital.online\/loja\/wp-json\/wp\/v2\/media\/9227"}],"wp:attachment":[{"href":"https:\/\/educaredigital.online\/loja\/wp-json\/wp\/v2\/media?parent=9226"}],"wp:term":[{"taxonomy":"product_brand","embeddable":true,"href":"https:\/\/educaredigital.online\/loja\/wp-json\/wp\/v2\/product_brand?post=9226"},{"taxonomy":"product_cat","embeddable":true,"href":"https:\/\/educaredigital.online\/loja\/wp-json\/wp\/v2\/product_cat?post=9226"},{"taxonomy":"product_tag","embeddable":true,"href":"https:\/\/educaredigital.online\/loja\/wp-json\/wp\/v2\/product_tag?post=9226"}],"curies":[{"name":"wp","href":"https:\/\/api.w.org\/{rel}","templated":true}]}}