{"id":9224,"date":"2026-04-23T21:18:51","date_gmt":"2026-04-23T21:18:51","guid":{"rendered":"https:\/\/educaredigital.online\/loja\/?post_type=product&#038;p=9224"},"modified":"2026-04-24T19:37:54","modified_gmt":"2026-04-24T19:37:54","slug":"neuro-estimulos","status":"publish","type":"product","link":"https:\/\/educaredigital.online\/loja\/produto\/neuro-estimulos\/","title":{"rendered":"Neuro Est\u00edmulos"},"content":{"rendered":"<div class=\"ds-message _63c77b1\">\n<div class=\"ds-markdown\">\n<p class=\"ds-markdown-paragraph\"><strong>Neuro Est\u00edmulos <\/strong>\u00e9 um jogo completo que transforma o desenvolvimento de habilidades motoras finas em uma atividade l\u00fadica. Composto por\u00a0<strong>8 copos coloridos, 48 esferas, uma colher e uma pin\u00e7a<\/strong>, o desafio \u00e9 conduzir cada bolinha at\u00e9 o copo da cor correspondente utilizando a pin\u00e7a ou a colher, ou ainda inventar novas formas de brincar, criando padr\u00f5es, classificando as cores e explorando diferentes possibilidades.<\/p>\n<p class=\"ds-markdown-paragraph\">\u00a0O brinquedo trabalha a <strong>coordena\u00e7\u00e3o motora fina, a concentra\u00e7\u00e3o e o controle emocional<\/strong> de maneira divertida, preparando a crian\u00e7a para atividades do dia a dia como segurar o l\u00e1pis corretamente ou manusear objetos pequenos.<\/p>\n<div class=\"details-table-wrapper\">\n<table class=\"product-details-table\">\n<tbody>\n<tr>\n<td>Marca<\/td>\n<td>BrinqMutti<\/td>\n<\/tr>\n<tr>\n<td>Material<\/td>\n<td>\u00a0MDF<\/td>\n<\/tr>\n<tr>\n<td>Faixa Et\u00e1ria<\/td>\n<td>A partir de 3 Anos<\/td>\n<\/tr>\n<\/tbody>\n<\/table>\n<\/div>\n<\/div>\n<\/div>\n","protected":false},"excerpt":{"rendered":"<p>Neuro Est\u00edmulos \u00e9 um jogo completo que transforma o desenvolvimento de habilidades motoras finas em uma atividade l\u00fadica. Composto por\u00a08 copos coloridos, 48 esferas, uma colher e uma pin\u00e7a, o desafio \u00e9 conduzir cada bolinha at\u00e9 o copo da cor<\/p>\n","protected":false},"featured_media":9225,"comment_status":"open","ping_status":"closed","template":"","meta":[],"product_brand":[229],"product_cat":[211],"product_tag":[],"class_list":{"0":"post-9224","1":"product","2":"type-product","3":"status-publish","6":"product_brand-brinqmutti","7":"product_cat-psicomotricidade-jogos-e-brinquedos","9":"first","10":"instock","11":"shipping-taxable","12":"purchasable","13":"product-type-simple"},"_links":{"self":[{"href":"https:\/\/educaredigital.online\/loja\/wp-json\/wp\/v2\/product\/9224","targetHints":{"allow":["GET"]}}],"collection":[{"href":"https:\/\/educaredigital.online\/loja\/wp-json\/wp\/v2\/product"}],"about":[{"href":"https:\/\/educaredigital.online\/loja\/wp-json\/wp\/v2\/types\/product"}],"replies":[{"embeddable":true,"href":"https:\/\/educaredigital.online\/loja\/wp-json\/wp\/v2\/comments?post=9224"}],"wp:featuredmedia":[{"embeddable":true,"href":"https:\/\/educaredigital.online\/loja\/wp-json\/wp\/v2\/media\/9225"}],"wp:attachment":[{"href":"https:\/\/educaredigital.online\/loja\/wp-json\/wp\/v2\/media?parent=9224"}],"wp:term":[{"taxonomy":"product_brand","embeddable":true,"href":"https:\/\/educaredigital.online\/loja\/wp-json\/wp\/v2\/product_brand?post=9224"},{"taxonomy":"product_cat","embeddable":true,"href":"https:\/\/educaredigital.online\/loja\/wp-json\/wp\/v2\/product_cat?post=9224"},{"taxonomy":"product_tag","embeddable":true,"href":"https:\/\/educaredigital.online\/loja\/wp-json\/wp\/v2\/product_tag?post=9224"}],"curies":[{"name":"wp","href":"https:\/\/api.w.org\/{rel}","templated":true}]}}