{"id":9222,"date":"2026-04-23T21:13:04","date_gmt":"2026-04-23T21:13:04","guid":{"rendered":"https:\/\/educaredigital.online\/loja\/?post_type=product&#038;p=9222"},"modified":"2026-04-24T19:37:54","modified_gmt":"2026-04-24T19:37:54","slug":"geometricos-aramados","status":"publish","type":"product","link":"https:\/\/educaredigital.online\/loja\/produto\/geometricos-aramados\/","title":{"rendered":"Geom\u00e9tricos Aramados"},"content":{"rendered":"<p class=\"ds-markdown-paragraph\"><strong>Geom\u00e9tricos Aramados <\/strong>\u00e9 um brinquedo multi-atividades que combina um aramado e um quebra-cabe\u00e7a de formas. Confeccionado com base de madeira, arames coloridos\u00a0e 13 pe\u00e7as, ele convida o pequeno a guiar as pe\u00e7as pelos caminhos do aramado enquanto tamb\u00e9m descobre como encaixar formas geom\u00e9tricas na base.<\/p>\n<p class=\"ds-markdown-paragraph\">\u00a0\u00c9 um excelente aliado no desenvolvimento motor e cognitivo. Ao brincar, a crian\u00e7a exercita a <strong>coordena\u00e7\u00e3o motora fina<\/strong>, a\u00a0<strong>motricidade<\/strong>, a\u00a0<strong>concentra\u00e7\u00e3o<\/strong>\u00a0e o\u00a0<strong>reconhecimento de formas e cores<\/strong>.<\/p>\n<div class=\"details-table-wrapper\">\n<table class=\"product-details-table\">\n<tbody>\n<tr>\n<td>Marca<\/td>\n<td>BrinqMutti<\/td>\n<\/tr>\n<tr>\n<td>Material<\/td>\n<td>\u00a0Madeira<\/td>\n<\/tr>\n<tr>\n<td>Faixa Et\u00e1ria<\/td>\n<td>A partir de 2 Anos<\/td>\n<\/tr>\n<\/tbody>\n<\/table>\n<\/div>\n","protected":false},"excerpt":{"rendered":"<p>Geom\u00e9tricos Aramados \u00e9 um brinquedo multi-atividades que combina um aramado e um quebra-cabe\u00e7a de formas. Confeccionado com base de madeira, arames coloridos\u00a0e 13 pe\u00e7as, ele convida o pequeno a guiar as pe\u00e7as pelos caminhos do aramado enquanto tamb\u00e9m descobre como<\/p>\n","protected":false},"featured_media":9223,"comment_status":"open","ping_status":"closed","template":"","meta":[],"product_brand":[229],"product_cat":[211],"product_tag":[],"class_list":{"0":"post-9222","1":"product","2":"type-product","3":"status-publish","6":"product_brand-brinqmutti","7":"product_cat-psicomotricidade-jogos-e-brinquedos","9":"first","10":"instock","11":"shipping-taxable","12":"purchasable","13":"product-type-simple"},"_links":{"self":[{"href":"https:\/\/educaredigital.online\/loja\/wp-json\/wp\/v2\/product\/9222","targetHints":{"allow":["GET"]}}],"collection":[{"href":"https:\/\/educaredigital.online\/loja\/wp-json\/wp\/v2\/product"}],"about":[{"href":"https:\/\/educaredigital.online\/loja\/wp-json\/wp\/v2\/types\/product"}],"replies":[{"embeddable":true,"href":"https:\/\/educaredigital.online\/loja\/wp-json\/wp\/v2\/comments?post=9222"}],"wp:featuredmedia":[{"embeddable":true,"href":"https:\/\/educaredigital.online\/loja\/wp-json\/wp\/v2\/media\/9223"}],"wp:attachment":[{"href":"https:\/\/educaredigital.online\/loja\/wp-json\/wp\/v2\/media?parent=9222"}],"wp:term":[{"taxonomy":"product_brand","embeddable":true,"href":"https:\/\/educaredigital.online\/loja\/wp-json\/wp\/v2\/product_brand?post=9222"},{"taxonomy":"product_cat","embeddable":true,"href":"https:\/\/educaredigital.online\/loja\/wp-json\/wp\/v2\/product_cat?post=9222"},{"taxonomy":"product_tag","embeddable":true,"href":"https:\/\/educaredigital.online\/loja\/wp-json\/wp\/v2\/product_tag?post=9222"}],"curies":[{"name":"wp","href":"https:\/\/api.w.org\/{rel}","templated":true}]}}