{"id":9219,"date":"2026-04-23T21:06:30","date_gmt":"2026-04-23T21:06:30","guid":{"rendered":"https:\/\/educaredigital.online\/loja\/?post_type=product&#038;p=9219"},"modified":"2026-04-24T19:37:54","modified_gmt":"2026-04-24T19:37:54","slug":"quebra-cabeca-montessori","status":"publish","type":"product","link":"https:\/\/educaredigital.online\/loja\/produto\/quebra-cabeca-montessori\/","title":{"rendered":"Quebra &#8211; Cabe\u00e7a Montessori"},"content":{"rendered":"<p class=\"ds-markdown-paragraph\">\u00a0<strong>Quebra-Cabe\u00e7a Montessori <\/strong>\u00e9 um brinquedo educativo que transforma o aprendizado em uma atividade criativa e sensorial. Confeccionado em madeira reflorestada com pintura at\u00f3xica, ele acompanha\u00a0<strong>39 pe\u00e7as coloridas em formato de arco-\u00edris<\/strong>\u00a0e 16 fichas com figuras variadas. A proposta vai al\u00e9m do encaixe tradicional: a crian\u00e7a pode montar formas de diversos animais e objetos em 2D seguindo os modelos das fichas ou, simplesmente, soltar a imagina\u00e7\u00e3o para criar suas pr\u00f3prias composi\u00e7\u00f5es. As pe\u00e7as se conectam de maneira livre, permitindo a\u00a0<strong>autocorre\u00e7\u00e3o<\/strong>\u00a0e o desenvolvimento da percep\u00e7\u00e3o sobre as formas, cores e padr\u00f5es.<\/p>\n<p class=\"ds-markdown-paragraph\">Este produto \u00e9 um cl\u00e1ssico da metodologia Montessori que estimula principalmente a <strong>criatividade e a imagina\u00e7\u00e3o<\/strong>, ao mesmo tempo que trabalha o\u00a0<strong>racioc\u00ednio l\u00f3gico, a coordena\u00e7\u00e3o motora fina e a percep\u00e7\u00e3o visual<\/strong>. Ele se destaca por ser um material que incentiva o &#8220;faz de conta&#8221;, a livre explora\u00e7\u00e3o e a resolu\u00e7\u00e3o de problemas (como encontrar formas de equilibrar ou encaixar os arcos para formar uma figura).<\/p>\n<div class=\"details-table-wrapper\">\n<table class=\"product-details-table\">\n<tbody>\n<tr>\n<td>Marca<\/td>\n<td>BrinqMutti<\/td>\n<\/tr>\n<tr>\n<td>Material<\/td>\n<td>\u00a0MDF<\/td>\n<\/tr>\n<tr>\n<td>Faixa Et\u00e1ria<\/td>\n<td>A partir de 3 Anos<\/td>\n<\/tr>\n<\/tbody>\n<\/table>\n<\/div>\n","protected":false},"excerpt":{"rendered":"<p>\u00a0Quebra-Cabe\u00e7a Montessori \u00e9 um brinquedo educativo que transforma o aprendizado em uma atividade criativa e sensorial. Confeccionado em madeira reflorestada com pintura at\u00f3xica, ele acompanha\u00a039 pe\u00e7as coloridas em formato de arco-\u00edris\u00a0e 16 fichas com figuras variadas. A proposta vai al\u00e9m<\/p>\n","protected":false},"featured_media":9220,"comment_status":"open","ping_status":"closed","template":"","meta":[],"product_brand":[229],"product_cat":[211],"product_tag":[],"class_list":{"0":"post-9219","1":"product","2":"type-product","3":"status-publish","6":"product_brand-brinqmutti","7":"product_cat-psicomotricidade-jogos-e-brinquedos","9":"first","10":"instock","11":"shipping-taxable","12":"purchasable","13":"product-type-simple"},"_links":{"self":[{"href":"https:\/\/educaredigital.online\/loja\/wp-json\/wp\/v2\/product\/9219","targetHints":{"allow":["GET"]}}],"collection":[{"href":"https:\/\/educaredigital.online\/loja\/wp-json\/wp\/v2\/product"}],"about":[{"href":"https:\/\/educaredigital.online\/loja\/wp-json\/wp\/v2\/types\/product"}],"replies":[{"embeddable":true,"href":"https:\/\/educaredigital.online\/loja\/wp-json\/wp\/v2\/comments?post=9219"}],"wp:featuredmedia":[{"embeddable":true,"href":"https:\/\/educaredigital.online\/loja\/wp-json\/wp\/v2\/media\/9220"}],"wp:attachment":[{"href":"https:\/\/educaredigital.online\/loja\/wp-json\/wp\/v2\/media?parent=9219"}],"wp:term":[{"taxonomy":"product_brand","embeddable":true,"href":"https:\/\/educaredigital.online\/loja\/wp-json\/wp\/v2\/product_brand?post=9219"},{"taxonomy":"product_cat","embeddable":true,"href":"https:\/\/educaredigital.online\/loja\/wp-json\/wp\/v2\/product_cat?post=9219"},{"taxonomy":"product_tag","embeddable":true,"href":"https:\/\/educaredigital.online\/loja\/wp-json\/wp\/v2\/product_tag?post=9219"}],"curies":[{"name":"wp","href":"https:\/\/api.w.org\/{rel}","templated":true}]}}