{"id":9214,"date":"2026-04-23T20:44:28","date_gmt":"2026-04-23T20:44:28","guid":{"rendered":"https:\/\/educaredigital.online\/loja\/?post_type=product&#038;p=9214"},"modified":"2026-04-24T19:37:54","modified_gmt":"2026-04-24T19:37:54","slug":"sequencias-direcionadas","status":"publish","type":"product","link":"https:\/\/educaredigital.online\/loja\/produto\/sequencias-direcionadas\/","title":{"rendered":"Sequ\u00eancias Direcionadas"},"content":{"rendered":"<p class=\"ds-markdown-paragraph\"><strong>Sequ\u00eancias Direcionadas <\/strong>\u00e9 um jogo educativo de madeira que desafia a crian\u00e7a a reproduzir no tabuleiro as sequ\u00eancias de cores apresentadas nas fichas modelo\u00a0. O conjunto \u00e9 composto por\u00a0<strong>1 tabuleiro de encaixe, 6 fichas modelo frente e verso e 16 cubos coloridos<\/strong>\u00a0com ilustra\u00e7\u00f5es de sentido\u00a0. A din\u00e2mica \u00e9 simples e intuitiva: a crian\u00e7a deve observar a ficha sorteada e posicionar os cubos coloridos no tabuleiro seguindo exatamente a sequ\u00eancia de cores indicada\u00a0.<\/p>\n<p class=\"ds-markdown-paragraph\">\u00a0Desenvolvem habilidades como <strong>reconhecimento de cores, coordena\u00e7\u00e3o motora fina, percep\u00e7\u00e3o visual e espacial, racioc\u00ednio l\u00f3gico, aten\u00e7\u00e3o e concentra\u00e7\u00e3o<\/strong>\u00a0. Al\u00e9m da reprodu\u00e7\u00e3o das sequ\u00eancias existentes, o brinquedo permite que a crian\u00e7a crie suas pr\u00f3prias sequ\u00eancias livremente, estimulando a\u00a0<strong>criatividade<\/strong> . Possui dimens\u00f5es aproximadas de 20 x 20 x 8 cm e pode ser jogado sozinho ou em grupo\u00a0.<\/p>\n","protected":false},"excerpt":{"rendered":"<p>Sequ\u00eancias Direcionadas \u00e9 um jogo educativo de madeira que desafia a crian\u00e7a a reproduzir no tabuleiro as sequ\u00eancias de cores apresentadas nas fichas modelo\u00a0. O conjunto \u00e9 composto por\u00a01 tabuleiro de encaixe, 6 fichas modelo frente e verso e 16<\/p>\n","protected":false},"featured_media":9215,"comment_status":"open","ping_status":"closed","template":"","meta":[],"product_brand":[229],"product_cat":[211],"product_tag":[],"class_list":{"0":"post-9214","1":"product","2":"type-product","3":"status-publish","6":"product_brand-brinqmutti","7":"product_cat-psicomotricidade-jogos-e-brinquedos","9":"first","10":"instock","11":"shipping-taxable","12":"purchasable","13":"product-type-simple"},"_links":{"self":[{"href":"https:\/\/educaredigital.online\/loja\/wp-json\/wp\/v2\/product\/9214","targetHints":{"allow":["GET"]}}],"collection":[{"href":"https:\/\/educaredigital.online\/loja\/wp-json\/wp\/v2\/product"}],"about":[{"href":"https:\/\/educaredigital.online\/loja\/wp-json\/wp\/v2\/types\/product"}],"replies":[{"embeddable":true,"href":"https:\/\/educaredigital.online\/loja\/wp-json\/wp\/v2\/comments?post=9214"}],"wp:featuredmedia":[{"embeddable":true,"href":"https:\/\/educaredigital.online\/loja\/wp-json\/wp\/v2\/media\/9215"}],"wp:attachment":[{"href":"https:\/\/educaredigital.online\/loja\/wp-json\/wp\/v2\/media?parent=9214"}],"wp:term":[{"taxonomy":"product_brand","embeddable":true,"href":"https:\/\/educaredigital.online\/loja\/wp-json\/wp\/v2\/product_brand?post=9214"},{"taxonomy":"product_cat","embeddable":true,"href":"https:\/\/educaredigital.online\/loja\/wp-json\/wp\/v2\/product_cat?post=9214"},{"taxonomy":"product_tag","embeddable":true,"href":"https:\/\/educaredigital.online\/loja\/wp-json\/wp\/v2\/product_tag?post=9214"}],"curies":[{"name":"wp","href":"https:\/\/api.w.org\/{rel}","templated":true}]}}