{"id":9212,"date":"2026-04-23T20:39:31","date_gmt":"2026-04-23T20:39:31","guid":{"rendered":"https:\/\/educaredigital.online\/loja\/?post_type=product&#038;p=9212"},"modified":"2026-04-24T19:37:54","modified_gmt":"2026-04-24T19:37:54","slug":"torre-de-londres","status":"publish","type":"product","link":"https:\/\/educaredigital.online\/loja\/produto\/torre-de-londres\/","title":{"rendered":"Torre de Londres"},"content":{"rendered":"<div class=\"ds-message _63c77b1\">\n<div class=\"ds-markdown\">\n<p class=\"ds-markdown-paragraph\"><strong>Torre de Londres <\/strong>\u00a0\u00e9 um brinquedo educativo de madeira que desafia o racioc\u00ednio l\u00f3gico e as fun\u00e7\u00f5es executivas das crian\u00e7as. O conjunto \u00e9 composto por\u00a0<strong>1 base de madeira com tr\u00eas hastes<\/strong>\u00a0(de comprimentos diferentes) e\u00a0<strong>3 esferas coloridas<\/strong>\u00a0(verde, azul e vermelha), al\u00e9m de\u00a0<strong>12 a 16 fichas<\/strong>\u00a0que apresentam problemas com n\u00edveis progressivos de dificuldade\u00a0. O objetivo \u00e9 transpor as esferas de uma posi\u00e7\u00e3o inicial para uma posi\u00e7\u00e3o alvo, movendo uma pe\u00e7a por vez e respeitando as regras (a haste mais curta sustenta apenas 1 esfera, a m\u00e9dia at\u00e9 2 e a mais longa at\u00e9 3), sempre tentando completar o desafio com o menor n\u00famero de movimentos\u00a0.<\/p>\n<p class=\"ds-markdown-paragraph\">A Torre de Londres desenvolve habilidades essenciais como <strong>racioc\u00ednio r\u00e1pido, planejamento estrat\u00e9gico, resolu\u00e7\u00e3o de problemas, coordena\u00e7\u00e3o motora fina, aten\u00e7\u00e3o, mem\u00f3ria operacional e percep\u00e7\u00e3o visoespacial<\/strong> . \u00a0O produto possui aproximadamente <strong>19 pe\u00e7as<\/strong> e vem em uma embalagem tipo caixa de madeira, sendo amplamente utilizada em contextos cl\u00ednicos, educacionais e pedag\u00f3gicos.<\/p>\n<div class=\"details-table-wrapper\">\n<table class=\"product-details-table\">\n<tbody>\n<tr>\n<td>Marca<\/td>\n<td>BrinqMutti<\/td>\n<\/tr>\n<tr>\n<td>Material<\/td>\n<td>\u00a0Madeira<\/td>\n<\/tr>\n<tr>\n<td>Faixa Et\u00e1ria<\/td>\n<td>A partir de 3 Anos<\/td>\n<\/tr>\n<\/tbody>\n<\/table>\n<\/div>\n<\/div>\n<\/div>\n","protected":false},"excerpt":{"rendered":"<p>Torre de Londres \u00a0\u00e9 um brinquedo educativo de madeira que desafia o racioc\u00ednio l\u00f3gico e as fun\u00e7\u00f5es executivas das crian\u00e7as. O conjunto \u00e9 composto por\u00a01 base de madeira com tr\u00eas hastes\u00a0(de comprimentos diferentes) e\u00a03 esferas coloridas\u00a0(verde, azul e vermelha), al\u00e9m<\/p>\n","protected":false},"featured_media":9213,"comment_status":"open","ping_status":"closed","template":"","meta":[],"product_brand":[229],"product_cat":[211],"product_tag":[],"class_list":{"0":"post-9212","1":"product","2":"type-product","3":"status-publish","6":"product_brand-brinqmutti","7":"product_cat-psicomotricidade-jogos-e-brinquedos","9":"first","10":"instock","11":"shipping-taxable","12":"purchasable","13":"product-type-simple"},"_links":{"self":[{"href":"https:\/\/educaredigital.online\/loja\/wp-json\/wp\/v2\/product\/9212","targetHints":{"allow":["GET"]}}],"collection":[{"href":"https:\/\/educaredigital.online\/loja\/wp-json\/wp\/v2\/product"}],"about":[{"href":"https:\/\/educaredigital.online\/loja\/wp-json\/wp\/v2\/types\/product"}],"replies":[{"embeddable":true,"href":"https:\/\/educaredigital.online\/loja\/wp-json\/wp\/v2\/comments?post=9212"}],"wp:featuredmedia":[{"embeddable":true,"href":"https:\/\/educaredigital.online\/loja\/wp-json\/wp\/v2\/media\/9213"}],"wp:attachment":[{"href":"https:\/\/educaredigital.online\/loja\/wp-json\/wp\/v2\/media?parent=9212"}],"wp:term":[{"taxonomy":"product_brand","embeddable":true,"href":"https:\/\/educaredigital.online\/loja\/wp-json\/wp\/v2\/product_brand?post=9212"},{"taxonomy":"product_cat","embeddable":true,"href":"https:\/\/educaredigital.online\/loja\/wp-json\/wp\/v2\/product_cat?post=9212"},{"taxonomy":"product_tag","embeddable":true,"href":"https:\/\/educaredigital.online\/loja\/wp-json\/wp\/v2\/product_tag?post=9212"}],"curies":[{"name":"wp","href":"https:\/\/api.w.org\/{rel}","templated":true}]}}