{"id":9210,"date":"2026-04-23T20:34:45","date_gmt":"2026-04-23T20:34:45","guid":{"rendered":"https:\/\/educaredigital.online\/loja\/?post_type=product&#038;p=9210"},"modified":"2026-04-24T19:37:54","modified_gmt":"2026-04-24T19:37:54","slug":"formas-sensoriais","status":"publish","type":"product","link":"https:\/\/educaredigital.online\/loja\/produto\/formas-sensoriais\/","title":{"rendered":"Formas Sensoriais"},"content":{"rendered":"<p class=\"ds-markdown-paragraph\"><strong>Formas Sensoriais<\/strong>\u00a0\u00e9 um brinquedo educativo composto por\u00a0<strong>pe\u00e7as t\u00e1teis em relevo<\/strong>, desenvolvido para estimular a percep\u00e7\u00e3o sensorial e o reconhecimento de formas geom\u00e9tricas e cores\u00a0. A crian\u00e7a pode encaixar as pe\u00e7as no suporte ou explor\u00e1-las livremente, sentindo os diferentes relevos e descobrindo as texturas e formatos de maneira l\u00fadica\u00a0.<\/p>\n<p class=\"ds-markdown-paragraph\">O brinquedo desenvolve a <strong>coordena\u00e7\u00e3o motora fina<\/strong>, a\u00a0<strong>percep\u00e7\u00e3o t\u00e1til<\/strong>\u00a0(ao explorar diferentes texturas), o\u00a0<strong>reconhecimento de formas e cores<\/strong>, al\u00e9m de promover <strong>curiosidade, concentra\u00e7\u00e3o e experimenta\u00e7\u00e3o sensorial<\/strong> , e\u00a0dimens\u00f5es aproximadas de 20 x 20 x 5 cm\u00a0.<\/p>\n<div class=\"details-table-wrapper\">\n<table class=\"product-details-table\">\n<tbody>\n<tr>\n<td>Marca<\/td>\n<td>BrinqMutti<\/td>\n<\/tr>\n<tr>\n<td>Material<\/td>\n<td>\u00a0Pl\u00e1stico<\/td>\n<\/tr>\n<tr>\n<td>Faixa Et\u00e1ria<\/td>\n<td>A partir de 1 Ano<\/td>\n<\/tr>\n<\/tbody>\n<\/table>\n<\/div>\n","protected":false},"excerpt":{"rendered":"<p>Formas Sensoriais\u00a0\u00e9 um brinquedo educativo composto por\u00a0pe\u00e7as t\u00e1teis em relevo, desenvolvido para estimular a percep\u00e7\u00e3o sensorial e o reconhecimento de formas geom\u00e9tricas e cores\u00a0. A crian\u00e7a pode encaixar as pe\u00e7as no suporte ou explor\u00e1-las livremente, sentindo os diferentes relevos e<\/p>\n","protected":false},"featured_media":9211,"comment_status":"open","ping_status":"closed","template":"","meta":[],"product_brand":[229],"product_cat":[211],"product_tag":[],"class_list":{"0":"post-9210","1":"product","2":"type-product","3":"status-publish","6":"product_brand-brinqmutti","7":"product_cat-psicomotricidade-jogos-e-brinquedos","9":"first","10":"instock","11":"shipping-taxable","12":"purchasable","13":"product-type-simple"},"_links":{"self":[{"href":"https:\/\/educaredigital.online\/loja\/wp-json\/wp\/v2\/product\/9210","targetHints":{"allow":["GET"]}}],"collection":[{"href":"https:\/\/educaredigital.online\/loja\/wp-json\/wp\/v2\/product"}],"about":[{"href":"https:\/\/educaredigital.online\/loja\/wp-json\/wp\/v2\/types\/product"}],"replies":[{"embeddable":true,"href":"https:\/\/educaredigital.online\/loja\/wp-json\/wp\/v2\/comments?post=9210"}],"wp:featuredmedia":[{"embeddable":true,"href":"https:\/\/educaredigital.online\/loja\/wp-json\/wp\/v2\/media\/9211"}],"wp:attachment":[{"href":"https:\/\/educaredigital.online\/loja\/wp-json\/wp\/v2\/media?parent=9210"}],"wp:term":[{"taxonomy":"product_brand","embeddable":true,"href":"https:\/\/educaredigital.online\/loja\/wp-json\/wp\/v2\/product_brand?post=9210"},{"taxonomy":"product_cat","embeddable":true,"href":"https:\/\/educaredigital.online\/loja\/wp-json\/wp\/v2\/product_cat?post=9210"},{"taxonomy":"product_tag","embeddable":true,"href":"https:\/\/educaredigital.online\/loja\/wp-json\/wp\/v2\/product_tag?post=9210"}],"curies":[{"name":"wp","href":"https:\/\/api.w.org\/{rel}","templated":true}]}}