{"id":9208,"date":"2026-04-23T20:30:09","date_gmt":"2026-04-23T20:30:09","guid":{"rendered":"https:\/\/educaredigital.online\/loja\/?post_type=product&#038;p=9208"},"modified":"2026-04-24T19:37:54","modified_gmt":"2026-04-24T19:37:54","slug":"caixa-das-letras","status":"publish","type":"product","link":"https:\/\/educaredigital.online\/loja\/produto\/caixa-das-letras\/","title":{"rendered":"Caixa das Letras"},"content":{"rendered":"<p class=\"ds-markdown-paragraph\"><strong>Caixa das Letras <\/strong>\u00a0\u00e9 um brinquedo educativo de madeira que torna o processo de alfabetiza\u00e7\u00e3o uma atividade l\u00fadica e envolvente. O conjunto \u00e9 composto por\u00a0<strong>100 pe\u00e7as com letras<\/strong>\u00a0acondicionadas em uma caixa de madeira de\u00a0<strong>25,5 x 25,5 x 4 cm<\/strong>, cuja tampa possui um\u00a0<strong>painel demarcado<\/strong>\u00a0que funciona como suporte para formar palavras e at\u00e9 mesmo cruzadinhas\u00a0. A crian\u00e7a pode explorar livremente a forma\u00e7\u00e3o de palavras, organizando as letras no painel da tampa e desenvolvendo o reconhecimento dos fonemas de maneira natural e divertida.<\/p>\n<p class=\"ds-markdown-paragraph\">Trabalha habilidades essenciais como <strong>alfabetiza\u00e7\u00e3o, amplia\u00e7\u00e3o do vocabul\u00e1rio, memoriza\u00e7\u00e3o, coordena\u00e7\u00e3o motora fina, percep\u00e7\u00e3o visual e no\u00e7\u00e3o de forma\u00e7\u00e3o de palavras<\/strong> .<\/p>\n<div class=\"details-table-wrapper\">\n<table class=\"product-details-table\">\n<tbody>\n<tr>\n<td>Marca<\/td>\n<td>BrinqMutti<\/td>\n<\/tr>\n<tr>\n<td>Material<\/td>\n<td>\u00a0MDF<\/td>\n<\/tr>\n<tr>\n<td>Faixa Et\u00e1ria<\/td>\n<td>A partir de 3 Anos<\/td>\n<\/tr>\n<\/tbody>\n<\/table>\n<\/div>\n","protected":false},"excerpt":{"rendered":"<p>Caixa das Letras \u00a0\u00e9 um brinquedo educativo de madeira que torna o processo de alfabetiza\u00e7\u00e3o uma atividade l\u00fadica e envolvente. O conjunto \u00e9 composto por\u00a0100 pe\u00e7as com letras\u00a0acondicionadas em uma caixa de madeira de\u00a025,5 x 25,5 x 4 cm, cuja<\/p>\n","protected":false},"featured_media":9209,"comment_status":"open","ping_status":"closed","template":"","meta":[],"product_brand":[229],"product_cat":[209],"product_tag":[],"class_list":{"0":"post-9208","1":"product","2":"type-product","3":"status-publish","6":"product_brand-brinqmutti","7":"product_cat-letramento-jogos-e-brinquedos","9":"first","10":"instock","11":"shipping-taxable","12":"purchasable","13":"product-type-simple"},"_links":{"self":[{"href":"https:\/\/educaredigital.online\/loja\/wp-json\/wp\/v2\/product\/9208","targetHints":{"allow":["GET"]}}],"collection":[{"href":"https:\/\/educaredigital.online\/loja\/wp-json\/wp\/v2\/product"}],"about":[{"href":"https:\/\/educaredigital.online\/loja\/wp-json\/wp\/v2\/types\/product"}],"replies":[{"embeddable":true,"href":"https:\/\/educaredigital.online\/loja\/wp-json\/wp\/v2\/comments?post=9208"}],"wp:featuredmedia":[{"embeddable":true,"href":"https:\/\/educaredigital.online\/loja\/wp-json\/wp\/v2\/media\/9209"}],"wp:attachment":[{"href":"https:\/\/educaredigital.online\/loja\/wp-json\/wp\/v2\/media?parent=9208"}],"wp:term":[{"taxonomy":"product_brand","embeddable":true,"href":"https:\/\/educaredigital.online\/loja\/wp-json\/wp\/v2\/product_brand?post=9208"},{"taxonomy":"product_cat","embeddable":true,"href":"https:\/\/educaredigital.online\/loja\/wp-json\/wp\/v2\/product_cat?post=9208"},{"taxonomy":"product_tag","embeddable":true,"href":"https:\/\/educaredigital.online\/loja\/wp-json\/wp\/v2\/product_tag?post=9208"}],"curies":[{"name":"wp","href":"https:\/\/api.w.org\/{rel}","templated":true}]}}