{"id":9204,"date":"2026-04-23T20:19:35","date_gmt":"2026-04-23T20:19:35","guid":{"rendered":"https:\/\/educaredigital.online\/loja\/?post_type=product&#038;p=9204"},"modified":"2026-04-24T19:37:54","modified_gmt":"2026-04-24T19:37:54","slug":"mosaico-de-palitos","status":"publish","type":"product","link":"https:\/\/educaredigital.online\/loja\/produto\/mosaico-de-palitos\/","title":{"rendered":"Mosaico de Palitos"},"content":{"rendered":"<div class=\"ds-message _63c77b1\">\n<div class=\"ds-markdown\">\n<p class=\"ds-markdown-paragraph\"><strong>Mosaico de Palitos <\/strong>\u00a0\u00e9 um jogo de constru\u00e7\u00e3o criativa que combina arte, l\u00f3gica e express\u00e3o emocional. O conjunto \u00e9 composto por\u00a0<strong>48 palitos coloridos<\/strong>\u00a0(em madeira MDF),\u00a0<strong>9 fichas com express\u00f5es faciais<\/strong>\u00a0(carinhas) e\u00a0<strong>9 fichas modelo<\/strong>\u00a0com figuras para montar\u00a0. A proposta principal \u00e9 utilizar os palitos para formar os bonequinhos seguindo os modelos das fichas, representando diferentes emo\u00e7\u00f5es &#8211; uma forma divertida de perguntar \u00e0 crian\u00e7a &#8220;como voc\u00ea est\u00e1 hoje?&#8221; e trabalhar o reconhecimento das express\u00f5es faciais\u00a0.<\/p>\n<p class=\"ds-markdown-paragraph\">\u00a0Desenvolve uma ampla gama de habilidades: <strong>coordena\u00e7\u00e3o motora fina, aten\u00e7\u00e3o, concentra\u00e7\u00e3o, racioc\u00ednio l\u00f3gico, perseveran\u00e7a e criatividade<\/strong>\u00a0. Al\u00e9m da montagem dos bonequinhos, os palitos podem ser usados livremente para ensinar\u00a0<strong>cores, contagem, formas geom\u00e9tricas e at\u00e9 letras<\/strong>, permitindo que a crian\u00e7a explore diferentes possibilidades de cria\u00e7\u00e3o \u00a0vem em uma embalagem compacta de 17x17x4,5cm\u00a0, sendo uma excelente ferramenta pedag\u00f3gica para casa ou escola.<\/p>\n<div class=\"details-table-wrapper\">\n<table class=\"product-details-table\">\n<tbody>\n<tr>\n<td>Marca<\/td>\n<td>BrinqMutti<\/td>\n<\/tr>\n<tr>\n<td>Material<\/td>\n<td>\u00a0MDF<\/td>\n<\/tr>\n<tr>\n<td>Faixa Et\u00e1ria<\/td>\n<td>A partir de 3 Anos<\/td>\n<\/tr>\n<\/tbody>\n<\/table>\n<\/div>\n<\/div>\n<\/div>\n","protected":false},"excerpt":{"rendered":"<p>Mosaico de Palitos \u00a0\u00e9 um jogo de constru\u00e7\u00e3o criativa que combina arte, l\u00f3gica e express\u00e3o emocional. O conjunto \u00e9 composto por\u00a048 palitos coloridos\u00a0(em madeira MDF),\u00a09 fichas com express\u00f5es faciais\u00a0(carinhas) e\u00a09 fichas modelo\u00a0com figuras para montar\u00a0. A proposta principal \u00e9 utilizar<\/p>\n","protected":false},"featured_media":9205,"comment_status":"open","ping_status":"closed","template":"","meta":[],"product_brand":[229],"product_cat":[211],"product_tag":[],"class_list":{"0":"post-9204","1":"product","2":"type-product","3":"status-publish","6":"product_brand-brinqmutti","7":"product_cat-psicomotricidade-jogos-e-brinquedos","9":"first","10":"instock","11":"shipping-taxable","12":"purchasable","13":"product-type-simple"},"_links":{"self":[{"href":"https:\/\/educaredigital.online\/loja\/wp-json\/wp\/v2\/product\/9204","targetHints":{"allow":["GET"]}}],"collection":[{"href":"https:\/\/educaredigital.online\/loja\/wp-json\/wp\/v2\/product"}],"about":[{"href":"https:\/\/educaredigital.online\/loja\/wp-json\/wp\/v2\/types\/product"}],"replies":[{"embeddable":true,"href":"https:\/\/educaredigital.online\/loja\/wp-json\/wp\/v2\/comments?post=9204"}],"wp:featuredmedia":[{"embeddable":true,"href":"https:\/\/educaredigital.online\/loja\/wp-json\/wp\/v2\/media\/9205"}],"wp:attachment":[{"href":"https:\/\/educaredigital.online\/loja\/wp-json\/wp\/v2\/media?parent=9204"}],"wp:term":[{"taxonomy":"product_brand","embeddable":true,"href":"https:\/\/educaredigital.online\/loja\/wp-json\/wp\/v2\/product_brand?post=9204"},{"taxonomy":"product_cat","embeddable":true,"href":"https:\/\/educaredigital.online\/loja\/wp-json\/wp\/v2\/product_cat?post=9204"},{"taxonomy":"product_tag","embeddable":true,"href":"https:\/\/educaredigital.online\/loja\/wp-json\/wp\/v2\/product_tag?post=9204"}],"curies":[{"name":"wp","href":"https:\/\/api.w.org\/{rel}","templated":true}]}}