{"id":9202,"date":"2026-04-23T20:10:01","date_gmt":"2026-04-23T20:10:01","guid":{"rendered":"https:\/\/educaredigital.online\/loja\/?post_type=product&#038;p=9202"},"modified":"2026-04-24T19:37:54","modified_gmt":"2026-04-24T19:37:54","slug":"alfabetizando","status":"publish","type":"product","link":"https:\/\/educaredigital.online\/loja\/produto\/alfabetizando\/","title":{"rendered":"Alfabetizando"},"content":{"rendered":"<p class=\"ds-markdown-paragraph\"><strong>Alfabetizando <\/strong>\u00e9 um material pedag\u00f3gico completo, fabricado em madeira, ideal para os primeiros passos da alfabetiza\u00e7\u00e3o de forma l\u00fadica e interativa. O jogo \u00e9 composto por\u00a0<strong>136 pe\u00e7as<\/strong>, incluindo\u00a0<strong>26 fichas ilustradas<\/strong>\u00a0que possuem espa\u00e7os para encaixe das letras que formam a palavra correspondente a cada figura\u00a0. A crian\u00e7a deve associar cada letra \u00e0 sua posi\u00e7\u00e3o correta, montando as palavras enquanto explora as imagens, trabalhando a percep\u00e7\u00e3o visual, a concentra\u00e7\u00e3o e a associa\u00e7\u00e3o entre letras, sons e figuras\u00a0.<\/p>\n<p class=\"ds-markdown-paragraph\">\u00a0Este brinquedo desenvolve habilidades essenciais como <strong>coordena\u00e7\u00e3o motora fina<\/strong>\u00a0(ao manusear e encaixar as pe\u00e7as),\u00a0<strong>integra\u00e7\u00e3o visoespacial<\/strong>,\u00a0<strong>aten\u00e7\u00e3o<\/strong>,\u00a0<strong>regras<\/strong>\u00a0e\u00a0<strong>racioc\u00ednio l\u00f3gico<\/strong>\u00a0. Todo o conjunto \u00e9 armazenado em um pr\u00e1tico\u00a0<strong>estojo<\/strong>, facilitando a organiza\u00e7\u00e3o e o transporte. \u00a0\u00c9 uma excelente ferramenta para uso em casa ou na escola, tornando o aprendizado do alfabeto uma experi\u00eancia divertida e envolvente .<\/p>\n<div class=\"details-table-wrapper\">\n<table class=\"product-details-table\">\n<tbody>\n<tr>\n<td>Marca<\/td>\n<td>BrinqMutti<\/td>\n<\/tr>\n<tr>\n<td>Material<\/td>\n<td>\u00a0MDF<\/td>\n<\/tr>\n<tr>\n<td>Faixa Et\u00e1ria<\/td>\n<td>A partir de 3 Anos<\/td>\n<\/tr>\n<\/tbody>\n<\/table>\n<\/div>\n","protected":false},"excerpt":{"rendered":"<p>Alfabetizando \u00e9 um material pedag\u00f3gico completo, fabricado em madeira, ideal para os primeiros passos da alfabetiza\u00e7\u00e3o de forma l\u00fadica e interativa. O jogo \u00e9 composto por\u00a0136 pe\u00e7as, incluindo\u00a026 fichas ilustradas\u00a0que possuem espa\u00e7os para encaixe das letras que formam a palavra<\/p>\n","protected":false},"featured_media":9203,"comment_status":"open","ping_status":"closed","template":"","meta":[],"product_brand":[229],"product_cat":[209],"product_tag":[],"class_list":{"0":"post-9202","1":"product","2":"type-product","3":"status-publish","6":"product_brand-brinqmutti","7":"product_cat-letramento-jogos-e-brinquedos","9":"first","10":"instock","11":"shipping-taxable","12":"purchasable","13":"product-type-simple"},"_links":{"self":[{"href":"https:\/\/educaredigital.online\/loja\/wp-json\/wp\/v2\/product\/9202","targetHints":{"allow":["GET"]}}],"collection":[{"href":"https:\/\/educaredigital.online\/loja\/wp-json\/wp\/v2\/product"}],"about":[{"href":"https:\/\/educaredigital.online\/loja\/wp-json\/wp\/v2\/types\/product"}],"replies":[{"embeddable":true,"href":"https:\/\/educaredigital.online\/loja\/wp-json\/wp\/v2\/comments?post=9202"}],"wp:featuredmedia":[{"embeddable":true,"href":"https:\/\/educaredigital.online\/loja\/wp-json\/wp\/v2\/media\/9203"}],"wp:attachment":[{"href":"https:\/\/educaredigital.online\/loja\/wp-json\/wp\/v2\/media?parent=9202"}],"wp:term":[{"taxonomy":"product_brand","embeddable":true,"href":"https:\/\/educaredigital.online\/loja\/wp-json\/wp\/v2\/product_brand?post=9202"},{"taxonomy":"product_cat","embeddable":true,"href":"https:\/\/educaredigital.online\/loja\/wp-json\/wp\/v2\/product_cat?post=9202"},{"taxonomy":"product_tag","embeddable":true,"href":"https:\/\/educaredigital.online\/loja\/wp-json\/wp\/v2\/product_tag?post=9202"}],"curies":[{"name":"wp","href":"https:\/\/api.w.org\/{rel}","templated":true}]}}