{"id":9200,"date":"2026-04-23T20:05:42","date_gmt":"2026-04-23T20:05:42","guid":{"rendered":"https:\/\/educaredigital.online\/loja\/?post_type=product&#038;p=9200"},"modified":"2026-04-24T19:37:54","modified_gmt":"2026-04-24T19:37:54","slug":"mini-cegonha","status":"publish","type":"product","link":"https:\/\/educaredigital.online\/loja\/produto\/mini-cegonha\/","title":{"rendered":"Mini Cegonha"},"content":{"rendered":"<div class=\"ds-message _63c77b1\">\n<div class=\"ds-markdown\">\n<p class=\"ds-markdown-paragraph\"><strong>MINI CEGONHA <\/strong>\u00e9 um brinquedo educativo de madeira que simula um caminh\u00e3o reboque para transportar carrinhos. O conjunto \u00e9 composto por\u00a0<strong>1 caminh\u00e3o cegonha<\/strong>\u00a0e\u00a0<strong>6 carrinhos coloridos<\/strong>, todos fabricados em madeira, com dimens\u00f5es aproximadas de\u00a0<strong>30 x 11 x 9,7 cm<\/strong>\u00a0. A brincadeira consiste em carregar e descarregar os carrinhos na cegonha, estimulando o faz de conta e a coordena\u00e7\u00e3o motora enquanto a crian\u00e7a organiza o transporte dos ve\u00edculos.<\/p>\n<p class=\"ds-markdown-paragraph\">\u00a0Desenvolve habilidades como <strong>coordena\u00e7\u00e3o motora fina, criatividade, no\u00e7\u00f5es de cores e tamanhos, percep\u00e7\u00e3o espacial e paci\u00eancia<\/strong> . Fabricado com madeira de reflorestamento e tintas at\u00f3xicas, garantindo seguran\u00e7a e durabilidade para os pequenos que adoram criar suas pr\u00f3prias estradas e aventuras com os carrinhos.<\/p>\n<div class=\"details-table-wrapper\">\n<table class=\"product-details-table\">\n<tbody>\n<tr>\n<td>Marca<\/td>\n<td>BrinqMutti<\/td>\n<\/tr>\n<tr>\n<td>Material<\/td>\n<td>\u00a0Madeira<\/td>\n<\/tr>\n<tr>\n<td>Faixa Et\u00e1ria<\/td>\n<td>A partir de 2 Anos<\/td>\n<\/tr>\n<\/tbody>\n<\/table>\n<\/div>\n<\/div>\n<\/div>\n","protected":false},"excerpt":{"rendered":"<p>MINI CEGONHA \u00e9 um brinquedo educativo de madeira que simula um caminh\u00e3o reboque para transportar carrinhos. O conjunto \u00e9 composto por\u00a01 caminh\u00e3o cegonha\u00a0e\u00a06 carrinhos coloridos, todos fabricados em madeira, com dimens\u00f5es aproximadas de\u00a030 x 11 x 9,7 cm\u00a0. A brincadeira<\/p>\n","protected":false},"featured_media":9201,"comment_status":"open","ping_status":"closed","template":"","meta":[],"product_brand":[229],"product_cat":[213],"product_tag":[],"class_list":{"0":"post-9200","1":"product","2":"type-product","3":"status-publish","6":"product_brand-brinqmutti","7":"product_cat-brinquedos-jogos-e-brinquedos","9":"first","10":"instock","11":"shipping-taxable","12":"purchasable","13":"product-type-simple"},"_links":{"self":[{"href":"https:\/\/educaredigital.online\/loja\/wp-json\/wp\/v2\/product\/9200","targetHints":{"allow":["GET"]}}],"collection":[{"href":"https:\/\/educaredigital.online\/loja\/wp-json\/wp\/v2\/product"}],"about":[{"href":"https:\/\/educaredigital.online\/loja\/wp-json\/wp\/v2\/types\/product"}],"replies":[{"embeddable":true,"href":"https:\/\/educaredigital.online\/loja\/wp-json\/wp\/v2\/comments?post=9200"}],"wp:featuredmedia":[{"embeddable":true,"href":"https:\/\/educaredigital.online\/loja\/wp-json\/wp\/v2\/media\/9201"}],"wp:attachment":[{"href":"https:\/\/educaredigital.online\/loja\/wp-json\/wp\/v2\/media?parent=9200"}],"wp:term":[{"taxonomy":"product_brand","embeddable":true,"href":"https:\/\/educaredigital.online\/loja\/wp-json\/wp\/v2\/product_brand?post=9200"},{"taxonomy":"product_cat","embeddable":true,"href":"https:\/\/educaredigital.online\/loja\/wp-json\/wp\/v2\/product_cat?post=9200"},{"taxonomy":"product_tag","embeddable":true,"href":"https:\/\/educaredigital.online\/loja\/wp-json\/wp\/v2\/product_tag?post=9200"}],"curies":[{"name":"wp","href":"https:\/\/api.w.org\/{rel}","templated":true}]}}