{"id":9198,"date":"2026-04-23T20:02:18","date_gmt":"2026-04-23T20:02:18","guid":{"rendered":"https:\/\/educaredigital.online\/loja\/?post_type=product&#038;p=9198"},"modified":"2026-04-24T19:37:54","modified_gmt":"2026-04-24T19:37:54","slug":"encaixe-caracol","status":"publish","type":"product","link":"https:\/\/educaredigital.online\/loja\/produto\/encaixe-caracol\/","title":{"rendered":"Encaixe Caracol"},"content":{"rendered":"<div class=\"ds-message _63c77b1\">\n<div class=\"ds-markdown\">\n<p class=\"ds-markdown-paragraph\"><strong>Encaixe Caracol<\/strong>\u00a0\u00e9 um brinquedo educativo em madeira que combina as funcionalidades de carrinho de puxar e jogo de encaixe em um \u00fanico produto. O conjunto \u00e9 composto por um simp\u00e1tico\u00a0<strong>caracol com rodinhas e cord\u00e3o<\/strong>, acompanhado de\u00a0<strong>pe\u00e7as coloridas<\/strong>\u00a0que a crian\u00e7a deve encaixar no corpo do brinquedo. Uma caracter\u00edstica marcante \u00e9 a\u00a0<strong>concha remov\u00edvel<\/strong>, que pode ser retirada para que a base funcionasse apenas como carrinho, ou mantida para a brincadeira de encaixar as formas geom\u00e9tricas, estimulando diferentes formas de intera\u00e7\u00e3o.<\/p>\n<p class=\"ds-markdown-paragraph\">O brinquedo desenvolve a <strong>coordena\u00e7\u00e3o motora fina e grossa, o reconhecimento de formas e cores, a concentra\u00e7\u00e3o e o racioc\u00ednio l\u00f3gico<\/strong>. Ao mesmo tempo, a fun\u00e7\u00e3o de puxar o caracol incentiva os\u00a0<strong>primeiros passos<\/strong>, o desenvolvimento do\u00a0<strong>equil\u00edbrio<\/strong>\u00a0e a\u00a0<strong>consci\u00eancia espacial,<\/strong>\u00a0\u00a0\u00e9 um brinquedo seguro e dur\u00e1vel, ideal tanto para o aprendizado em casa quanto para o uso em escolas.<\/p>\n<div class=\"details-table-wrapper\">\n<table class=\"product-details-table\">\n<tbody>\n<tr>\n<td>Marca<\/td>\n<td>BrinqMutti<\/td>\n<\/tr>\n<tr>\n<td>Material<\/td>\n<td>\u00a0MDF<\/td>\n<\/tr>\n<tr>\n<td>Faixa Et\u00e1ria<\/td>\n<td>A partir de 1 Ano<\/td>\n<\/tr>\n<\/tbody>\n<\/table>\n<\/div>\n<\/div>\n<\/div>\n","protected":false},"excerpt":{"rendered":"<p>Encaixe Caracol\u00a0\u00e9 um brinquedo educativo em madeira que combina as funcionalidades de carrinho de puxar e jogo de encaixe em um \u00fanico produto. O conjunto \u00e9 composto por um simp\u00e1tico\u00a0caracol com rodinhas e cord\u00e3o, acompanhado de\u00a0pe\u00e7as coloridas\u00a0que a crian\u00e7a deve<\/p>\n","protected":false},"featured_media":9199,"comment_status":"open","ping_status":"closed","template":"","meta":[],"product_brand":[229],"product_cat":[211],"product_tag":[],"class_list":{"0":"post-9198","1":"product","2":"type-product","3":"status-publish","6":"product_brand-brinqmutti","7":"product_cat-psicomotricidade-jogos-e-brinquedos","9":"first","10":"instock","11":"shipping-taxable","12":"purchasable","13":"product-type-simple"},"_links":{"self":[{"href":"https:\/\/educaredigital.online\/loja\/wp-json\/wp\/v2\/product\/9198","targetHints":{"allow":["GET"]}}],"collection":[{"href":"https:\/\/educaredigital.online\/loja\/wp-json\/wp\/v2\/product"}],"about":[{"href":"https:\/\/educaredigital.online\/loja\/wp-json\/wp\/v2\/types\/product"}],"replies":[{"embeddable":true,"href":"https:\/\/educaredigital.online\/loja\/wp-json\/wp\/v2\/comments?post=9198"}],"wp:featuredmedia":[{"embeddable":true,"href":"https:\/\/educaredigital.online\/loja\/wp-json\/wp\/v2\/media\/9199"}],"wp:attachment":[{"href":"https:\/\/educaredigital.online\/loja\/wp-json\/wp\/v2\/media?parent=9198"}],"wp:term":[{"taxonomy":"product_brand","embeddable":true,"href":"https:\/\/educaredigital.online\/loja\/wp-json\/wp\/v2\/product_brand?post=9198"},{"taxonomy":"product_cat","embeddable":true,"href":"https:\/\/educaredigital.online\/loja\/wp-json\/wp\/v2\/product_cat?post=9198"},{"taxonomy":"product_tag","embeddable":true,"href":"https:\/\/educaredigital.online\/loja\/wp-json\/wp\/v2\/product_tag?post=9198"}],"curies":[{"name":"wp","href":"https:\/\/api.w.org\/{rel}","templated":true}]}}