{"id":9196,"date":"2026-04-23T19:54:54","date_gmt":"2026-04-23T19:54:54","guid":{"rendered":"https:\/\/educaredigital.online\/loja\/?post_type=product&#038;p=9196"},"modified":"2026-04-24T19:37:54","modified_gmt":"2026-04-24T19:37:54","slug":"mapa-do-brasil-quadrado","status":"publish","type":"product","link":"https:\/\/educaredigital.online\/loja\/produto\/mapa-do-brasil-quadrado\/","title":{"rendered":"Mapa do Brasil Quadrado"},"content":{"rendered":"<p class=\"ds-markdown-paragraph\"><strong>Mapa do Brasil Quadrado<\/strong>\u00a0\u00e9 um quebra-cabe\u00e7a educativo de madeira que transforma o aprendizado da geografia brasileira em uma atividade interativa e divertida\u00a0. Composto por\u00a0<strong>26 pe\u00e7as coloridas<\/strong>\u00a0que representam os estados brasileiros (com suas respectivas capitais indicadas) e um\u00a0<strong>tabuleiro base com as regi\u00f5es e capitais<\/strong>, o desafio \u00e9 encaixar cada estado em seu local correto, exercitando a memoriza\u00e7\u00e3o da divis\u00e3o territorial do pa\u00eds de forma concreta e l\u00fadica\u00a0. Suas dimens\u00f5es s\u00e3o de aproximadamente\u00a0<strong>40 x 40 x 1 cm<\/strong>, sendo todo armazenado em uma pr\u00e1tica caixa\u00a0.<\/p>\n<p class=\"ds-markdown-paragraph\">\u00a0Desenvolve habilidades como <strong>racioc\u00ednio l\u00f3gico, percep\u00e7\u00e3o espacial, discrimina\u00e7\u00e3o visual, coordena\u00e7\u00e3o motora fina, concentra\u00e7\u00e3o e memoriza\u00e7\u00e3o<\/strong> dos estados e capitais sendo um excelente recurso pedag\u00f3gico para uso em casa, na escola ou em momentos em fam\u00edlia, estimulando o conhecimento sobre as diferentes regi\u00f5es do pa\u00eds de forma segura e envolvente\u00a0.<\/p>\n<div class=\"details-table-wrapper\">\n<table class=\"product-details-table\">\n<tbody>\n<tr>\n<td>Marca<\/td>\n<td>BrinqMutti<\/td>\n<\/tr>\n<tr>\n<td>Material<\/td>\n<td>\u00a0MDF<\/td>\n<\/tr>\n<tr>\n<td>Faixa Et\u00e1ria<\/td>\n<td>A partir de 3 Anos<\/td>\n<\/tr>\n<\/tbody>\n<\/table>\n<\/div>\n","protected":false},"excerpt":{"rendered":"<p>Mapa do Brasil Quadrado\u00a0\u00e9 um quebra-cabe\u00e7a educativo de madeira que transforma o aprendizado da geografia brasileira em uma atividade interativa e divertida\u00a0. Composto por\u00a026 pe\u00e7as coloridas\u00a0que representam os estados brasileiros (com suas respectivas capitais indicadas) e um\u00a0tabuleiro base com as<\/p>\n","protected":false},"featured_media":9197,"comment_status":"open","ping_status":"closed","template":"","meta":[],"product_brand":[229],"product_cat":[211],"product_tag":[],"class_list":{"0":"post-9196","1":"product","2":"type-product","3":"status-publish","6":"product_brand-brinqmutti","7":"product_cat-psicomotricidade-jogos-e-brinquedos","9":"first","10":"instock","11":"shipping-taxable","12":"purchasable","13":"product-type-simple"},"_links":{"self":[{"href":"https:\/\/educaredigital.online\/loja\/wp-json\/wp\/v2\/product\/9196","targetHints":{"allow":["GET"]}}],"collection":[{"href":"https:\/\/educaredigital.online\/loja\/wp-json\/wp\/v2\/product"}],"about":[{"href":"https:\/\/educaredigital.online\/loja\/wp-json\/wp\/v2\/types\/product"}],"replies":[{"embeddable":true,"href":"https:\/\/educaredigital.online\/loja\/wp-json\/wp\/v2\/comments?post=9196"}],"wp:featuredmedia":[{"embeddable":true,"href":"https:\/\/educaredigital.online\/loja\/wp-json\/wp\/v2\/media\/9197"}],"wp:attachment":[{"href":"https:\/\/educaredigital.online\/loja\/wp-json\/wp\/v2\/media?parent=9196"}],"wp:term":[{"taxonomy":"product_brand","embeddable":true,"href":"https:\/\/educaredigital.online\/loja\/wp-json\/wp\/v2\/product_brand?post=9196"},{"taxonomy":"product_cat","embeddable":true,"href":"https:\/\/educaredigital.online\/loja\/wp-json\/wp\/v2\/product_cat?post=9196"},{"taxonomy":"product_tag","embeddable":true,"href":"https:\/\/educaredigital.online\/loja\/wp-json\/wp\/v2\/product_tag?post=9196"}],"curies":[{"name":"wp","href":"https:\/\/api.w.org\/{rel}","templated":true}]}}