{"id":9194,"date":"2026-04-23T19:49:20","date_gmt":"2026-04-23T19:49:20","guid":{"rendered":"https:\/\/educaredigital.online\/loja\/?post_type=product&#038;p=9194"},"modified":"2026-04-24T19:37:54","modified_gmt":"2026-04-24T19:37:54","slug":"torre-hanoi","status":"publish","type":"product","link":"https:\/\/educaredigital.online\/loja\/produto\/torre-hanoi\/","title":{"rendered":"Torre Han\u00f3i"},"content":{"rendered":"<div class=\"ds-message _63c77b1\">\n<div class=\"ds-markdown\">\n<p class=\"ds-markdown-paragraph\"><strong>Torre de Han\u00f3i <\/strong>\u00a0\u00e9 um cl\u00e1ssico quebra-cabe\u00e7a de madeira composto por uma\u00a0<strong>base com tr\u00eas pinos e seis discos coloridos<\/strong>\u00a0de tamanhos diferentes\u00a0. O objetivo do desafio \u00e9 transferir todos os discos de um pino para outro, utilizando o terceiro pino como auxiliar, respeitando as regras:\u00a0<strong>mover apenas um disco por vez<\/strong>, sem nunca colocar um disco maior sobre um menor .<\/p>\n<p class=\"ds-markdown-paragraph\">Desenvolve habilidades como <strong>racioc\u00ednio l\u00f3gico, percep\u00e7\u00e3o visual e espacial, coordena\u00e7\u00e3o motora fina, aten\u00e7\u00e3o e resolu\u00e7\u00e3o de problemas<\/strong> . \u00c9 um excelente recurso pedag\u00f3gico que pode ser usado na escola ou em casa, desafiando crian\u00e7as e adultos a encontrar a sequ\u00eancia correta de movimentos de forma l\u00fadica e educativa.<\/p>\n<div class=\"details-table-wrapper\">\n<table class=\"product-details-table\">\n<tbody>\n<tr>\n<td>Marca<\/td>\n<td>BrinqMutti<\/td>\n<\/tr>\n<tr>\n<td>Material<\/td>\n<td>\u00a0MDF<\/td>\n<\/tr>\n<tr>\n<td>Faixa Et\u00e1ria<\/td>\n<td>A partir de 3 Anos<\/td>\n<\/tr>\n<\/tbody>\n<\/table>\n<\/div>\n<\/div>\n<\/div>\n","protected":false},"excerpt":{"rendered":"<p>Torre de Han\u00f3i \u00a0\u00e9 um cl\u00e1ssico quebra-cabe\u00e7a de madeira composto por uma\u00a0base com tr\u00eas pinos e seis discos coloridos\u00a0de tamanhos diferentes\u00a0. O objetivo do desafio \u00e9 transferir todos os discos de um pino para outro, utilizando o terceiro pino como<\/p>\n","protected":false},"featured_media":9195,"comment_status":"open","ping_status":"closed","template":"","meta":[],"product_brand":[229],"product_cat":[211],"product_tag":[],"class_list":{"0":"post-9194","1":"product","2":"type-product","3":"status-publish","6":"product_brand-brinqmutti","7":"product_cat-psicomotricidade-jogos-e-brinquedos","9":"first","10":"instock","11":"shipping-taxable","12":"purchasable","13":"product-type-simple"},"_links":{"self":[{"href":"https:\/\/educaredigital.online\/loja\/wp-json\/wp\/v2\/product\/9194","targetHints":{"allow":["GET"]}}],"collection":[{"href":"https:\/\/educaredigital.online\/loja\/wp-json\/wp\/v2\/product"}],"about":[{"href":"https:\/\/educaredigital.online\/loja\/wp-json\/wp\/v2\/types\/product"}],"replies":[{"embeddable":true,"href":"https:\/\/educaredigital.online\/loja\/wp-json\/wp\/v2\/comments?post=9194"}],"wp:featuredmedia":[{"embeddable":true,"href":"https:\/\/educaredigital.online\/loja\/wp-json\/wp\/v2\/media\/9195"}],"wp:attachment":[{"href":"https:\/\/educaredigital.online\/loja\/wp-json\/wp\/v2\/media?parent=9194"}],"wp:term":[{"taxonomy":"product_brand","embeddable":true,"href":"https:\/\/educaredigital.online\/loja\/wp-json\/wp\/v2\/product_brand?post=9194"},{"taxonomy":"product_cat","embeddable":true,"href":"https:\/\/educaredigital.online\/loja\/wp-json\/wp\/v2\/product_cat?post=9194"},{"taxonomy":"product_tag","embeddable":true,"href":"https:\/\/educaredigital.online\/loja\/wp-json\/wp\/v2\/product_tag?post=9194"}],"curies":[{"name":"wp","href":"https:\/\/api.w.org\/{rel}","templated":true}]}}