{"id":9192,"date":"2026-04-23T19:45:13","date_gmt":"2026-04-23T19:45:13","guid":{"rendered":"https:\/\/educaredigital.online\/loja\/?post_type=product&#038;p=9192"},"modified":"2026-04-24T19:37:54","modified_gmt":"2026-04-24T19:37:54","slug":"percepcao-visual","status":"publish","type":"product","link":"https:\/\/educaredigital.online\/loja\/produto\/percepcao-visual\/","title":{"rendered":"Percep\u00e7\u00e3o Visual"},"content":{"rendered":"<p class=\"ds-markdown-paragraph\"><strong>Percep\u00e7\u00e3o Visual <\/strong>\u00a0\u00e9 um jogo educativo em madeira que funciona como um quebra-cabe\u00e7a desafiador e divertido. O conjunto acompanha\u00a0<strong>40 fichas<\/strong>\u00a0que formam\u00a0<strong>20 pares<\/strong>, cada uma representando uma combina\u00e7\u00e3o espec\u00edfica de cores e tonalidades, acondicionadas em uma pr\u00e1tica\u00a0<strong>caixa de madeira<\/strong>\u00a0com dimens\u00f5es de 27 x 19 x 5 cm\u00a0. A proposta \u00e9 simples, mas muito inteligente: a crian\u00e7a deve combinar as imagens por meio das tonalidades, encontrando a &#8220;ficha correta&#8221; que completa cada par, instigando a livre explora\u00e7\u00e3o e o racioc\u00ednio\u00a0.<\/p>\n<p class=\"ds-markdown-paragraph\">O jogo trabalha uma s\u00e9rie de habilidades essenciais para o desenvolvimento infantil, como <strong>pareamento, coordena\u00e7\u00e3o motora fina, coordena\u00e7\u00e3o entre olhos e m\u00e3os, aten\u00e7\u00e3o e concentra\u00e7\u00e3o<\/strong> . Al\u00e9m disso, estimula o racioc\u00ednio l\u00f3gico e a solu\u00e7\u00e3o de problemas de forma l\u00fadica .<\/p>\n<div class=\"details-table-wrapper\">\n<table class=\"product-details-table\">\n<tbody>\n<tr>\n<td>Marca<\/td>\n<td>BrinqMutti<\/td>\n<\/tr>\n<tr>\n<td>Material<\/td>\n<td>\u00a0MDF<\/td>\n<\/tr>\n<tr>\n<td>Faixa Et\u00e1ria<\/td>\n<td>A partir de 3 Anos<\/td>\n<\/tr>\n<\/tbody>\n<\/table>\n<\/div>\n","protected":false},"excerpt":{"rendered":"<p>Percep\u00e7\u00e3o Visual \u00a0\u00e9 um jogo educativo em madeira que funciona como um quebra-cabe\u00e7a desafiador e divertido. O conjunto acompanha\u00a040 fichas\u00a0que formam\u00a020 pares, cada uma representando uma combina\u00e7\u00e3o espec\u00edfica de cores e tonalidades, acondicionadas em uma pr\u00e1tica\u00a0caixa de madeira\u00a0com dimens\u00f5es de<\/p>\n","protected":false},"featured_media":9193,"comment_status":"open","ping_status":"closed","template":"","meta":[],"product_brand":[229],"product_cat":[211],"product_tag":[],"class_list":{"0":"post-9192","1":"product","2":"type-product","3":"status-publish","6":"product_brand-brinqmutti","7":"product_cat-psicomotricidade-jogos-e-brinquedos","9":"first","10":"instock","11":"shipping-taxable","12":"purchasable","13":"product-type-simple"},"_links":{"self":[{"href":"https:\/\/educaredigital.online\/loja\/wp-json\/wp\/v2\/product\/9192","targetHints":{"allow":["GET"]}}],"collection":[{"href":"https:\/\/educaredigital.online\/loja\/wp-json\/wp\/v2\/product"}],"about":[{"href":"https:\/\/educaredigital.online\/loja\/wp-json\/wp\/v2\/types\/product"}],"replies":[{"embeddable":true,"href":"https:\/\/educaredigital.online\/loja\/wp-json\/wp\/v2\/comments?post=9192"}],"wp:featuredmedia":[{"embeddable":true,"href":"https:\/\/educaredigital.online\/loja\/wp-json\/wp\/v2\/media\/9193"}],"wp:attachment":[{"href":"https:\/\/educaredigital.online\/loja\/wp-json\/wp\/v2\/media?parent=9192"}],"wp:term":[{"taxonomy":"product_brand","embeddable":true,"href":"https:\/\/educaredigital.online\/loja\/wp-json\/wp\/v2\/product_brand?post=9192"},{"taxonomy":"product_cat","embeddable":true,"href":"https:\/\/educaredigital.online\/loja\/wp-json\/wp\/v2\/product_cat?post=9192"},{"taxonomy":"product_tag","embeddable":true,"href":"https:\/\/educaredigital.online\/loja\/wp-json\/wp\/v2\/product_tag?post=9192"}],"curies":[{"name":"wp","href":"https:\/\/api.w.org\/{rel}","templated":true}]}}