{"id":9188,"date":"2026-04-23T19:33:11","date_gmt":"2026-04-23T19:33:11","guid":{"rendered":"https:\/\/educaredigital.online\/loja\/?post_type=product&#038;p=9188"},"modified":"2026-04-24T19:37:54","modified_gmt":"2026-04-24T19:37:54","slug":"discos-de-fracoes","status":"publish","type":"product","link":"https:\/\/educaredigital.online\/loja\/produto\/discos-de-fracoes\/","title":{"rendered":"Discos de Fra\u00e7\u00f5es"},"content":{"rendered":"<p class=\"ds-markdown-paragraph\"><strong>Discos de Fra\u00e7\u00f5es<\/strong>\u00a0\u00e9 um brinquedo educativo em madeira que transforma o aprendizado de matem\u00e1tica em uma atividade concreta e visual. O conjunto acompanha\u00a0<strong>55 pe\u00e7as coloridas de tamanhos variados<\/strong>\u00a0(discos fracionados), acondicionadas em uma pr\u00e1tica\u00a0<strong>caixa tipo estojo tamb\u00e9m de madeira<\/strong>\u00a0. Cada disco representa uma fra\u00e7\u00e3o do inteiro (como 1\/2, 1\/3, 1\/4, etc.), permitindo que a crian\u00e7a manipule as partes para formar um todo, comparar tamanhos e explorar conceitos de equival\u00eancia de forma t\u00e1til e intuitiva\u00a0.<\/p>\n<p class=\"ds-markdown-paragraph\">\u00a0O brinquedo desenvolve habilidades como <strong>racioc\u00ednio l\u00f3gico-matem\u00e1tico, no\u00e7\u00e3o de equival\u00eancia entre fra\u00e7\u00f5es, percep\u00e7\u00e3o visual, coordena\u00e7\u00e3o motora fina e associa\u00e7\u00e3o de quantidades<\/strong> .\u00a0\u00c9 um excelente recurso pedag\u00f3gico para uso em casa ou na escola, ajudando a crian\u00e7a a visualizar e compreender o sistema fracion\u00e1rio de forma l\u00fadica e significativa.<\/p>\n<div class=\"details-table-wrapper\">\n<table class=\"product-details-table\">\n<tbody>\n<tr>\n<td>Marca<\/td>\n<td>BrinqMutti<\/td>\n<\/tr>\n<tr>\n<td>Material<\/td>\n<td>\u00a0MDF<\/td>\n<\/tr>\n<tr>\n<td>Faixa Et\u00e1ria<\/td>\n<td>A partir de 3 Anos<\/td>\n<\/tr>\n<\/tbody>\n<\/table>\n<\/div>\n","protected":false},"excerpt":{"rendered":"<p>Discos de Fra\u00e7\u00f5es\u00a0\u00e9 um brinquedo educativo em madeira que transforma o aprendizado de matem\u00e1tica em uma atividade concreta e visual. O conjunto acompanha\u00a055 pe\u00e7as coloridas de tamanhos variados\u00a0(discos fracionados), acondicionadas em uma pr\u00e1tica\u00a0caixa tipo estojo tamb\u00e9m de madeira\u00a0. Cada disco<\/p>\n","protected":false},"featured_media":9189,"comment_status":"open","ping_status":"closed","template":"","meta":[],"product_brand":[229],"product_cat":[210],"product_tag":[],"class_list":{"0":"post-9188","1":"product","2":"type-product","3":"status-publish","6":"product_brand-brinqmutti","7":"product_cat-matematica-jogos-e-brinquedos","9":"first","10":"instock","11":"shipping-taxable","12":"purchasable","13":"product-type-simple"},"_links":{"self":[{"href":"https:\/\/educaredigital.online\/loja\/wp-json\/wp\/v2\/product\/9188","targetHints":{"allow":["GET"]}}],"collection":[{"href":"https:\/\/educaredigital.online\/loja\/wp-json\/wp\/v2\/product"}],"about":[{"href":"https:\/\/educaredigital.online\/loja\/wp-json\/wp\/v2\/types\/product"}],"replies":[{"embeddable":true,"href":"https:\/\/educaredigital.online\/loja\/wp-json\/wp\/v2\/comments?post=9188"}],"wp:featuredmedia":[{"embeddable":true,"href":"https:\/\/educaredigital.online\/loja\/wp-json\/wp\/v2\/media\/9189"}],"wp:attachment":[{"href":"https:\/\/educaredigital.online\/loja\/wp-json\/wp\/v2\/media?parent=9188"}],"wp:term":[{"taxonomy":"product_brand","embeddable":true,"href":"https:\/\/educaredigital.online\/loja\/wp-json\/wp\/v2\/product_brand?post=9188"},{"taxonomy":"product_cat","embeddable":true,"href":"https:\/\/educaredigital.online\/loja\/wp-json\/wp\/v2\/product_cat?post=9188"},{"taxonomy":"product_tag","embeddable":true,"href":"https:\/\/educaredigital.online\/loja\/wp-json\/wp\/v2\/product_tag?post=9188"}],"curies":[{"name":"wp","href":"https:\/\/api.w.org\/{rel}","templated":true}]}}