{"id":9186,"date":"2026-04-23T19:29:11","date_gmt":"2026-04-23T19:29:11","guid":{"rendered":"https:\/\/educaredigital.online\/loja\/?post_type=product&#038;p=9186"},"modified":"2026-04-24T19:37:54","modified_gmt":"2026-04-24T19:37:54","slug":"jogo-tangram","status":"publish","type":"product","link":"https:\/\/educaredigital.online\/loja\/produto\/jogo-tangram\/","title":{"rendered":"Jogo Tangram"},"content":{"rendered":"<p class=\"ds-markdown-paragraph\"><strong>Jogo Tangram<\/strong>\u00a0\u00e9 um cl\u00e1ssico quebra-cabe\u00e7a chin\u00eas milenar, composto por\u00a0<strong>10 conjuntos completos<\/strong>, cada um com\u00a0<strong>7 pe\u00e7as geom\u00e9tricas<\/strong>\u00a0(5 tri\u00e2ngulos, 1 quadrado e 1 paralelogramo) em\u00a0<strong>cores variadas<\/strong>\u00a0. A proposta \u00e9 desafiadora e divertida: utilizando todas as 7 pe\u00e7as sem sobreposi\u00e7\u00e3o, a crian\u00e7a pode formar as mais diversas figuras &#8211; animais, letras, pessoas, casas e objetos &#8211; seja seguindo os modelos sugeridos ou explorando a pr\u00f3pria imagina\u00e7\u00e3o, criando infinitas possibilidades\u00a0.<\/p>\n<p class=\"ds-markdown-paragraph\">\u00a0Tangram desenvolve habilidades como <strong>criatividade, vis\u00e3o espacial, compreens\u00e3o de formas geom\u00e9tricas, racioc\u00ednio l\u00f3gico e imagina\u00e7\u00e3o<\/strong>\u00a0. \u00c9 uma excelente ferramenta pedag\u00f3gica que pode ser utilizada tanto individualmente quanto em grupo, sendo ideal para sala de aula (ensinando formas e resolu\u00e7\u00e3o de problemas), noites de jogos em fam\u00edlia, festas infantis ou como um passatempo criativo em dias tranquilos em casa\u00a0.<\/p>\n<div class=\"details-table-wrapper\">\n<table class=\"product-details-table\">\n<tbody>\n<tr>\n<td>Marca<\/td>\n<td>BrinqMutti<\/td>\n<\/tr>\n<tr>\n<td>Material<\/td>\n<td>\u00a0MDF<\/td>\n<\/tr>\n<tr>\n<td>Faixa Et\u00e1ria<\/td>\n<td>A partir de 3 Anos<\/td>\n<\/tr>\n<\/tbody>\n<\/table>\n<\/div>\n","protected":false},"excerpt":{"rendered":"<p>Jogo Tangram\u00a0\u00e9 um cl\u00e1ssico quebra-cabe\u00e7a chin\u00eas milenar, composto por\u00a010 conjuntos completos, cada um com\u00a07 pe\u00e7as geom\u00e9tricas\u00a0(5 tri\u00e2ngulos, 1 quadrado e 1 paralelogramo) em\u00a0cores variadas\u00a0. A proposta \u00e9 desafiadora e divertida: utilizando todas as 7 pe\u00e7as sem sobreposi\u00e7\u00e3o, a crian\u00e7a pode<\/p>\n","protected":false},"featured_media":9187,"comment_status":"open","ping_status":"closed","template":"","meta":[],"product_brand":[229],"product_cat":[211],"product_tag":[],"class_list":{"0":"post-9186","1":"product","2":"type-product","3":"status-publish","6":"product_brand-brinqmutti","7":"product_cat-psicomotricidade-jogos-e-brinquedos","9":"first","10":"instock","11":"shipping-taxable","12":"purchasable","13":"product-type-simple"},"_links":{"self":[{"href":"https:\/\/educaredigital.online\/loja\/wp-json\/wp\/v2\/product\/9186","targetHints":{"allow":["GET"]}}],"collection":[{"href":"https:\/\/educaredigital.online\/loja\/wp-json\/wp\/v2\/product"}],"about":[{"href":"https:\/\/educaredigital.online\/loja\/wp-json\/wp\/v2\/types\/product"}],"replies":[{"embeddable":true,"href":"https:\/\/educaredigital.online\/loja\/wp-json\/wp\/v2\/comments?post=9186"}],"wp:featuredmedia":[{"embeddable":true,"href":"https:\/\/educaredigital.online\/loja\/wp-json\/wp\/v2\/media\/9187"}],"wp:attachment":[{"href":"https:\/\/educaredigital.online\/loja\/wp-json\/wp\/v2\/media?parent=9186"}],"wp:term":[{"taxonomy":"product_brand","embeddable":true,"href":"https:\/\/educaredigital.online\/loja\/wp-json\/wp\/v2\/product_brand?post=9186"},{"taxonomy":"product_cat","embeddable":true,"href":"https:\/\/educaredigital.online\/loja\/wp-json\/wp\/v2\/product_cat?post=9186"},{"taxonomy":"product_tag","embeddable":true,"href":"https:\/\/educaredigital.online\/loja\/wp-json\/wp\/v2\/product_tag?post=9186"}],"curies":[{"name":"wp","href":"https:\/\/api.w.org\/{rel}","templated":true}]}}