{"id":9184,"date":"2026-04-23T19:24:23","date_gmt":"2026-04-23T19:24:23","guid":{"rendered":"https:\/\/educaredigital.online\/loja\/?post_type=product&#038;p=9184"},"modified":"2026-04-24T19:37:54","modified_gmt":"2026-04-24T19:37:54","slug":"blocos-logicos","status":"publish","type":"product","link":"https:\/\/educaredigital.online\/loja\/produto\/blocos-logicos\/","title":{"rendered":"Blocos L\u00f3gicos"},"content":{"rendered":"<p class=\"ds-markdown-paragraph\"><strong>Blocos L\u00f3gicos<\/strong>\u00a0s\u00e3o um cl\u00e1ssico material pedag\u00f3gico em madeira, composto por\u00a0<strong>48 pe\u00e7as<\/strong>\u00a0que se diferenciam por quatro atributos:\u00a0<strong>formas<\/strong>\u00a0(c\u00edrculo, quadrado, tri\u00e2ngulo e ret\u00e2ngulo),\u00a0<strong>cores<\/strong>\u00a0(amarelo, azul e vermelho),\u00a0<strong>tamanhos<\/strong>\u00a0(grande e pequeno) e\u00a0<strong>espessuras<\/strong>\u00a0(fino e grosso)\u00a0. Tudo \u00e9 armazenado em uma pr\u00e1tica\u00a0<strong>caixa tipo estojo tamb\u00e9m de madeira<\/strong>, que facilita a organiza\u00e7\u00e3o e o transporte das pe\u00e7as\u00a0.<\/p>\n<p class=\"ds-markdown-paragraph\">\u00a0S\u00e3o ferramentas essenciais para o desenvolvimento do <strong>racioc\u00ednio l\u00f3gico, da classifica\u00e7\u00e3o, seria\u00e7\u00e3o e da percep\u00e7\u00e3o visual<\/strong>\u00a0. Ao brincar, a crian\u00e7a explora conceitos matem\u00e1ticos fundamentais como\u00a0<strong>conjuntos, atributos, inclus\u00e3o e exclus\u00e3o<\/strong> de forma concreta e divertida .<\/p>\n<div class=\"details-table-wrapper\">\n<table class=\"product-details-table\">\n<tbody>\n<tr>\n<td>Marca<\/td>\n<td>BrinqMutti<\/td>\n<\/tr>\n<tr>\n<td>Material<\/td>\n<td>\u00a0MDF<\/td>\n<\/tr>\n<tr>\n<td>Faixa Et\u00e1ria<\/td>\n<td>A partir de 3 Anos<\/td>\n<\/tr>\n<\/tbody>\n<\/table>\n<\/div>\n","protected":false},"excerpt":{"rendered":"<p>Blocos L\u00f3gicos\u00a0s\u00e3o um cl\u00e1ssico material pedag\u00f3gico em madeira, composto por\u00a048 pe\u00e7as\u00a0que se diferenciam por quatro atributos:\u00a0formas\u00a0(c\u00edrculo, quadrado, tri\u00e2ngulo e ret\u00e2ngulo),\u00a0cores\u00a0(amarelo, azul e vermelho),\u00a0tamanhos\u00a0(grande e pequeno) e\u00a0espessuras\u00a0(fino e grosso)\u00a0. Tudo \u00e9 armazenado em uma pr\u00e1tica\u00a0caixa tipo estojo tamb\u00e9m de madeira, que<\/p>\n","protected":false},"featured_media":9185,"comment_status":"open","ping_status":"closed","template":"","meta":[],"product_brand":[229],"product_cat":[210],"product_tag":[],"class_list":{"0":"post-9184","1":"product","2":"type-product","3":"status-publish","6":"product_brand-brinqmutti","7":"product_cat-matematica-jogos-e-brinquedos","9":"first","10":"instock","11":"shipping-taxable","12":"purchasable","13":"product-type-simple"},"_links":{"self":[{"href":"https:\/\/educaredigital.online\/loja\/wp-json\/wp\/v2\/product\/9184","targetHints":{"allow":["GET"]}}],"collection":[{"href":"https:\/\/educaredigital.online\/loja\/wp-json\/wp\/v2\/product"}],"about":[{"href":"https:\/\/educaredigital.online\/loja\/wp-json\/wp\/v2\/types\/product"}],"replies":[{"embeddable":true,"href":"https:\/\/educaredigital.online\/loja\/wp-json\/wp\/v2\/comments?post=9184"}],"wp:featuredmedia":[{"embeddable":true,"href":"https:\/\/educaredigital.online\/loja\/wp-json\/wp\/v2\/media\/9185"}],"wp:attachment":[{"href":"https:\/\/educaredigital.online\/loja\/wp-json\/wp\/v2\/media?parent=9184"}],"wp:term":[{"taxonomy":"product_brand","embeddable":true,"href":"https:\/\/educaredigital.online\/loja\/wp-json\/wp\/v2\/product_brand?post=9184"},{"taxonomy":"product_cat","embeddable":true,"href":"https:\/\/educaredigital.online\/loja\/wp-json\/wp\/v2\/product_cat?post=9184"},{"taxonomy":"product_tag","embeddable":true,"href":"https:\/\/educaredigital.online\/loja\/wp-json\/wp\/v2\/product_tag?post=9184"}],"curies":[{"name":"wp","href":"https:\/\/api.w.org\/{rel}","templated":true}]}}