{"id":9182,"date":"2026-04-23T19:19:09","date_gmt":"2026-04-23T19:19:09","guid":{"rendered":"https:\/\/educaredigital.online\/loja\/?post_type=product&#038;p=9182"},"modified":"2026-04-24T19:37:54","modified_gmt":"2026-04-24T19:37:54","slug":"jogo-abre-e-fecha","status":"publish","type":"product","link":"https:\/\/educaredigital.online\/loja\/produto\/jogo-abre-e-fecha\/","title":{"rendered":"Jogo Abre e Fecha"},"content":{"rendered":"<p class=\"ds-markdown-paragraph\"><strong>Jogo Abre e Fecha<\/strong>\u00a0\u00e9 um jogo matem\u00e1tico em madeira que ensina soma e subtra\u00e7\u00e3o de forma l\u00fadica e interativa\u00a0. O conjunto acompanha\u00a0<strong>1 tabuleiro e 2 dados<\/strong>, com o diferencial de ter casinhas que &#8220;abrem e fecham&#8221;\u00a0. A din\u00e2mica do jogo \u00e9 a seguinte: na sua vez, a crian\u00e7a lan\u00e7a os dois dados e &#8220;fecha&#8221; (ou abaixa) as casinhas correspondentes \u00e0 soma ou subtra\u00e7\u00e3o do resultado tirado\u00a0. Ganha aquele que conseguir\u00a0<strong>abaixar todas as casinhas primeiro<\/strong>, tornando o aprendizado dos n\u00fameros uma competi\u00e7\u00e3o saud\u00e1vel e empolgante\u00a0.<\/p>\n<p class=\"ds-markdown-paragraph\">\u00a0O jogo pode ser disputado por <strong>2 a 4 participantes<\/strong>, sendo ideal para brincadeiras em fam\u00edlia ou com os amigos\u00a0. Fabricado em\u00a0<strong>madeira e pl\u00e1stico<\/strong>, com dimens\u00f5es aproximadas de 33x33x8cm\u00a0, o Jogo Abre e Fecha desenvolve habilidades como\u00a0<strong>racioc\u00ednio l\u00f3gico, concentra\u00e7\u00e3o, coordena\u00e7\u00e3o motora, memoriza\u00e7\u00e3o, cogni\u00e7\u00e3o e socializa\u00e7\u00e3o<\/strong>\u00a0\u00e9 uma excelente ferramenta pedag\u00f3gica que dispensa pilhas ou baterias, unindo divers\u00e3o e aprendizado matem\u00e1tico de forma sustent\u00e1vel e dur\u00e1vel.<\/p>\n<div class=\"details-table-wrapper\">\n<table class=\"product-details-table\">\n<tbody>\n<tr>\n<td>Marca<\/td>\n<td>BrinqMutti<\/td>\n<\/tr>\n<tr>\n<td>Material<\/td>\n<td>\u00a0MDF<\/td>\n<\/tr>\n<tr>\n<td>Faixa Et\u00e1ria<\/td>\n<td>A partir de 3 Anos<\/td>\n<\/tr>\n<\/tbody>\n<\/table>\n<\/div>\n","protected":false},"excerpt":{"rendered":"<p>Jogo Abre e Fecha\u00a0\u00e9 um jogo matem\u00e1tico em madeira que ensina soma e subtra\u00e7\u00e3o de forma l\u00fadica e interativa\u00a0. O conjunto acompanha\u00a01 tabuleiro e 2 dados, com o diferencial de ter casinhas que &#8220;abrem e fecham&#8221;\u00a0. A din\u00e2mica do jogo<\/p>\n","protected":false},"featured_media":9183,"comment_status":"open","ping_status":"closed","template":"","meta":[],"product_brand":[229],"product_cat":[210],"product_tag":[],"class_list":{"0":"post-9182","1":"product","2":"type-product","3":"status-publish","6":"product_brand-brinqmutti","7":"product_cat-matematica-jogos-e-brinquedos","9":"first","10":"instock","11":"shipping-taxable","12":"purchasable","13":"product-type-simple"},"_links":{"self":[{"href":"https:\/\/educaredigital.online\/loja\/wp-json\/wp\/v2\/product\/9182","targetHints":{"allow":["GET"]}}],"collection":[{"href":"https:\/\/educaredigital.online\/loja\/wp-json\/wp\/v2\/product"}],"about":[{"href":"https:\/\/educaredigital.online\/loja\/wp-json\/wp\/v2\/types\/product"}],"replies":[{"embeddable":true,"href":"https:\/\/educaredigital.online\/loja\/wp-json\/wp\/v2\/comments?post=9182"}],"wp:featuredmedia":[{"embeddable":true,"href":"https:\/\/educaredigital.online\/loja\/wp-json\/wp\/v2\/media\/9183"}],"wp:attachment":[{"href":"https:\/\/educaredigital.online\/loja\/wp-json\/wp\/v2\/media?parent=9182"}],"wp:term":[{"taxonomy":"product_brand","embeddable":true,"href":"https:\/\/educaredigital.online\/loja\/wp-json\/wp\/v2\/product_brand?post=9182"},{"taxonomy":"product_cat","embeddable":true,"href":"https:\/\/educaredigital.online\/loja\/wp-json\/wp\/v2\/product_cat?post=9182"},{"taxonomy":"product_tag","embeddable":true,"href":"https:\/\/educaredigital.online\/loja\/wp-json\/wp\/v2\/product_tag?post=9182"}],"curies":[{"name":"wp","href":"https:\/\/api.w.org\/{rel}","templated":true}]}}