{"id":9178,"date":"2026-04-23T19:01:12","date_gmt":"2026-04-23T19:01:12","guid":{"rendered":"https:\/\/educaredigital.online\/loja\/?post_type=product&#038;p=9178"},"modified":"2026-04-24T19:37:54","modified_gmt":"2026-04-24T19:37:54","slug":"os-equilibristas","status":"publish","type":"product","link":"https:\/\/educaredigital.online\/loja\/produto\/os-equilibristas\/","title":{"rendered":"Os Equilibristas"},"content":{"rendered":"<p class=\"ds-markdown-paragraph\"><strong>Os Equilibristas <\/strong>\u00e9 um jogo de empilhar composto por\u00a0<strong>20 bonequinhos de madeira colorida<\/strong>, cada um com aproximadamente 8 cm de altura e decorados de formas variadas\u00a0. O desafio \u00e9 empilhar as pe\u00e7as uma sobre a outra, formando a torre mais alta poss\u00edvel sem deixar ningu\u00e9m cair, testando o equil\u00edbrio e a paci\u00eancia da crian\u00e7a a cada nova tentativa\u00a0.<\/p>\n<p class=\"ds-markdown-paragraph\">\u00a0O brinquedo desenvolve a <strong>coordena\u00e7\u00e3o motora fina<\/strong>, a\u00a0<strong>percep\u00e7\u00e3o espacial<\/strong>, o\u00a0<strong>racioc\u00ednio l\u00f3gico<\/strong>\u00a0e a\u00a0<strong>concentra\u00e7\u00e3o<\/strong> , sendo um recurso pedag\u00f3gico que alia divers\u00e3o ao aprendizado por meio da experimenta\u00e7\u00e3o e da persist\u00eancia.<\/p>\n<div class=\"details-table-wrapper\">\n<table class=\"product-details-table\">\n<tbody>\n<tr>\n<td>Marca<\/td>\n<td>BrinqMutti<\/td>\n<\/tr>\n<tr>\n<td>Material<\/td>\n<td>\u00a0MDF<\/td>\n<\/tr>\n<tr>\n<td>Faixa Et\u00e1ria<\/td>\n<td>A partir de 3 Anos<\/td>\n<\/tr>\n<\/tbody>\n<\/table>\n<\/div>\n","protected":false},"excerpt":{"rendered":"<p>Os Equilibristas \u00e9 um jogo de empilhar composto por\u00a020 bonequinhos de madeira colorida, cada um com aproximadamente 8 cm de altura e decorados de formas variadas\u00a0. O desafio \u00e9 empilhar as pe\u00e7as uma sobre a outra, formando a torre mais<\/p>\n","protected":false},"featured_media":9179,"comment_status":"open","ping_status":"closed","template":"","meta":[],"product_brand":[229],"product_cat":[211],"product_tag":[],"class_list":{"0":"post-9178","1":"product","2":"type-product","3":"status-publish","6":"product_brand-brinqmutti","7":"product_cat-psicomotricidade-jogos-e-brinquedos","9":"first","10":"instock","11":"shipping-taxable","12":"purchasable","13":"product-type-simple"},"_links":{"self":[{"href":"https:\/\/educaredigital.online\/loja\/wp-json\/wp\/v2\/product\/9178","targetHints":{"allow":["GET"]}}],"collection":[{"href":"https:\/\/educaredigital.online\/loja\/wp-json\/wp\/v2\/product"}],"about":[{"href":"https:\/\/educaredigital.online\/loja\/wp-json\/wp\/v2\/types\/product"}],"replies":[{"embeddable":true,"href":"https:\/\/educaredigital.online\/loja\/wp-json\/wp\/v2\/comments?post=9178"}],"wp:featuredmedia":[{"embeddable":true,"href":"https:\/\/educaredigital.online\/loja\/wp-json\/wp\/v2\/media\/9179"}],"wp:attachment":[{"href":"https:\/\/educaredigital.online\/loja\/wp-json\/wp\/v2\/media?parent=9178"}],"wp:term":[{"taxonomy":"product_brand","embeddable":true,"href":"https:\/\/educaredigital.online\/loja\/wp-json\/wp\/v2\/product_brand?post=9178"},{"taxonomy":"product_cat","embeddable":true,"href":"https:\/\/educaredigital.online\/loja\/wp-json\/wp\/v2\/product_cat?post=9178"},{"taxonomy":"product_tag","embeddable":true,"href":"https:\/\/educaredigital.online\/loja\/wp-json\/wp\/v2\/product_tag?post=9178"}],"curies":[{"name":"wp","href":"https:\/\/api.w.org\/{rel}","templated":true}]}}