{"id":9176,"date":"2026-04-23T18:53:06","date_gmt":"2026-04-23T18:53:06","guid":{"rendered":"https:\/\/educaredigital.online\/loja\/?post_type=product&#038;p=9176"},"modified":"2026-04-24T19:37:54","modified_gmt":"2026-04-24T19:37:54","slug":"letras-e-figuras","status":"publish","type":"product","link":"https:\/\/educaredigital.online\/loja\/produto\/letras-e-figuras\/","title":{"rendered":"Letras e Figuras"},"content":{"rendered":"<p class=\"ds-markdown-paragraph\">\u00a0<strong>Letras e Figuras <\/strong>\u00e9 um jogo educativo em madeira que transforma o aprendizado do alfabeto em uma atividade l\u00fadica e interativa. O conjunto acompanha\u00a0<strong>1 tabuleiro (tipo estojo) e 78 pe\u00e7as em MDF<\/strong>\u00a0. A din\u00e2mica proposta \u00e9 desafiadora e divertida: a crian\u00e7a deve encaixar as letras na tampa do tabuleiro e, em seguida, encontrar\u00a0<strong>duas figuras que comecem com aquela mesma letra<\/strong>, fazendo a correspond\u00eancia correta\u00a0.<\/p>\n<p class=\"ds-markdown-paragraph\">\u00a0Este brinquedo trabalha habilidades essenciais para o processo de alfabetiza\u00e7\u00e3o de forma natural e envolvente. Ele estimula o <strong>reconhecimento de letras, a amplia\u00e7\u00e3o do vocabul\u00e1rio, o racioc\u00ednio l\u00f3gico, a associa\u00e7\u00e3o de fonemas iniciais<\/strong>\u00a0(letra-som) e a\u00a0<strong>coordena\u00e7\u00e3o motora fina<\/strong> ao manusear e encaixar as pe\u00e7as no tabuleiro\u00a0.<\/p>\n<div class=\"details-table-wrapper\">\n<table class=\"product-details-table\">\n<tbody>\n<tr>\n<td>Marca<\/td>\n<td>BrinqMutti<\/td>\n<\/tr>\n<tr>\n<td>Material<\/td>\n<td>\u00a0MDF<\/td>\n<\/tr>\n<tr>\n<td>Faixa Et\u00e1ria<\/td>\n<td>A partir de 3 Anos<\/td>\n<\/tr>\n<\/tbody>\n<\/table>\n<\/div>\n","protected":false},"excerpt":{"rendered":"<p>\u00a0Letras e Figuras \u00e9 um jogo educativo em madeira que transforma o aprendizado do alfabeto em uma atividade l\u00fadica e interativa. O conjunto acompanha\u00a01 tabuleiro (tipo estojo) e 78 pe\u00e7as em MDF\u00a0. A din\u00e2mica proposta \u00e9 desafiadora e divertida: a<\/p>\n","protected":false},"featured_media":9177,"comment_status":"open","ping_status":"closed","template":"","meta":[],"product_brand":[229],"product_cat":[209],"product_tag":[],"class_list":{"0":"post-9176","1":"product","2":"type-product","3":"status-publish","6":"product_brand-brinqmutti","7":"product_cat-letramento-jogos-e-brinquedos","9":"first","10":"instock","11":"shipping-taxable","12":"purchasable","13":"product-type-simple"},"_links":{"self":[{"href":"https:\/\/educaredigital.online\/loja\/wp-json\/wp\/v2\/product\/9176","targetHints":{"allow":["GET"]}}],"collection":[{"href":"https:\/\/educaredigital.online\/loja\/wp-json\/wp\/v2\/product"}],"about":[{"href":"https:\/\/educaredigital.online\/loja\/wp-json\/wp\/v2\/types\/product"}],"replies":[{"embeddable":true,"href":"https:\/\/educaredigital.online\/loja\/wp-json\/wp\/v2\/comments?post=9176"}],"wp:featuredmedia":[{"embeddable":true,"href":"https:\/\/educaredigital.online\/loja\/wp-json\/wp\/v2\/media\/9177"}],"wp:attachment":[{"href":"https:\/\/educaredigital.online\/loja\/wp-json\/wp\/v2\/media?parent=9176"}],"wp:term":[{"taxonomy":"product_brand","embeddable":true,"href":"https:\/\/educaredigital.online\/loja\/wp-json\/wp\/v2\/product_brand?post=9176"},{"taxonomy":"product_cat","embeddable":true,"href":"https:\/\/educaredigital.online\/loja\/wp-json\/wp\/v2\/product_cat?post=9176"},{"taxonomy":"product_tag","embeddable":true,"href":"https:\/\/educaredigital.online\/loja\/wp-json\/wp\/v2\/product_tag?post=9176"}],"curies":[{"name":"wp","href":"https:\/\/api.w.org\/{rel}","templated":true}]}}