{"id":9174,"date":"2026-04-23T18:40:24","date_gmt":"2026-04-23T18:40:24","guid":{"rendered":"https:\/\/educaredigital.online\/loja\/?post_type=product&#038;p=9174"},"modified":"2026-04-24T19:37:54","modified_gmt":"2026-04-24T19:37:54","slug":"pescando-com-matematica","status":"publish","type":"product","link":"https:\/\/educaredigital.online\/loja\/produto\/pescando-com-matematica\/","title":{"rendered":"Pescando com Matem\u00e1tica"},"content":{"rendered":"<p class=\"ds-markdown-paragraph\"><strong>Pescando com a Matem\u00e1tica<\/strong>\u00a0transforma a cl\u00e1ssica brincadeira de pescaria em uma divertida ferramenta de aprendizado matem\u00e1tico\u00a0. O conjunto \u00e9 composto por\u00a0<strong>20 peixes numerados de 1 a 20, 5 peixes com s\u00edmbolos matem\u00e1ticos (+, -, =), 40 varetas, e 2 varas de pescar<\/strong>, tudo armazenado em uma pr\u00e1tica caixa\u00a0. A din\u00e2mica envolve &#8220;pescar&#8221; as pe\u00e7as e realizar os c\u00e1lculos propostos, trabalhando desde a livre explora\u00e7\u00e3o at\u00e9 desafios com dificuldades progressivas\u00a0.<\/p>\n<p class=\"ds-markdown-paragraph\">O brinquedo desenvolve habilidades como <strong>racioc\u00ednio l\u00f3gico, reconhecimento dos n\u00fameros e opera\u00e7\u00f5es matem\u00e1ticas b\u00e1sicas, coordena\u00e7\u00e3o motora fina (ao manusear a vara de pescar), regras e paci\u00eancia,<\/strong>\u00a0possui dimens\u00f5es aproximadas de 40 x 16,5 x 9cm\u00a0. \u00c9 uma forma l\u00fadica e eficiente de ensinar matem\u00e1tica, unindo o &#8220;faz de conta&#8221; ao aprendizado sistem\u00e1tico de forma prazerosa.<\/p>\n<div class=\"details-table-wrapper\">\n<table class=\"product-details-table\">\n<tbody>\n<tr>\n<td>Marca<\/td>\n<td>BrinqMutti<\/td>\n<\/tr>\n<tr>\n<td>Material<\/td>\n<td>\u00a0MDF<\/td>\n<\/tr>\n<tr>\n<td>Faixa Et\u00e1ria<\/td>\n<td>A partir de 3 Anos<\/td>\n<\/tr>\n<\/tbody>\n<\/table>\n<\/div>\n","protected":false},"excerpt":{"rendered":"<p>Pescando com a Matem\u00e1tica\u00a0transforma a cl\u00e1ssica brincadeira de pescaria em uma divertida ferramenta de aprendizado matem\u00e1tico\u00a0. O conjunto \u00e9 composto por\u00a020 peixes numerados de 1 a 20, 5 peixes com s\u00edmbolos matem\u00e1ticos (+, -, =), 40 varetas, e 2 varas<\/p>\n","protected":false},"featured_media":9175,"comment_status":"open","ping_status":"closed","template":"","meta":[],"product_brand":[229],"product_cat":[210],"product_tag":[],"class_list":{"0":"post-9174","1":"product","2":"type-product","3":"status-publish","6":"product_brand-brinqmutti","7":"product_cat-matematica-jogos-e-brinquedos","9":"first","10":"instock","11":"shipping-taxable","12":"purchasable","13":"product-type-simple"},"_links":{"self":[{"href":"https:\/\/educaredigital.online\/loja\/wp-json\/wp\/v2\/product\/9174","targetHints":{"allow":["GET"]}}],"collection":[{"href":"https:\/\/educaredigital.online\/loja\/wp-json\/wp\/v2\/product"}],"about":[{"href":"https:\/\/educaredigital.online\/loja\/wp-json\/wp\/v2\/types\/product"}],"replies":[{"embeddable":true,"href":"https:\/\/educaredigital.online\/loja\/wp-json\/wp\/v2\/comments?post=9174"}],"wp:featuredmedia":[{"embeddable":true,"href":"https:\/\/educaredigital.online\/loja\/wp-json\/wp\/v2\/media\/9175"}],"wp:attachment":[{"href":"https:\/\/educaredigital.online\/loja\/wp-json\/wp\/v2\/media?parent=9174"}],"wp:term":[{"taxonomy":"product_brand","embeddable":true,"href":"https:\/\/educaredigital.online\/loja\/wp-json\/wp\/v2\/product_brand?post=9174"},{"taxonomy":"product_cat","embeddable":true,"href":"https:\/\/educaredigital.online\/loja\/wp-json\/wp\/v2\/product_cat?post=9174"},{"taxonomy":"product_tag","embeddable":true,"href":"https:\/\/educaredigital.online\/loja\/wp-json\/wp\/v2\/product_tag?post=9174"}],"curies":[{"name":"wp","href":"https:\/\/api.w.org\/{rel}","templated":true}]}}