{"id":9075,"date":"2026-04-22T14:10:59","date_gmt":"2026-04-22T14:10:59","guid":{"rendered":"https:\/\/educaredigital.online\/loja\/?post_type=product&#038;p=9075"},"modified":"2026-04-24T19:46:34","modified_gmt":"2026-04-24T19:46:34","slug":"domino-subtracao-gigante","status":"publish","type":"product","link":"https:\/\/educaredigital.online\/loja\/produto\/domino-subtracao-gigante\/","title":{"rendered":"Domin\u00f3 Subtra\u00e7\u00e3o Gigante"},"content":{"rendered":"<ul>\n<li>Confecionado em espuma, revestido em corino.<\/li>\n<li>Com impress\u00e3o digital<\/li>\n<li>Cont\u00e9m 28 pe\u00e7as.<\/li>\n<li>Acondicionado em sacola PVC cristal, com al\u00e7a e ziper.<\/li>\n<\/ul>\n<p><!-- notionvc: 1743382f-79d6-4f08-9fbc-33c0ea80aff6 --><\/p>\n","protected":false},"excerpt":{"rendered":"<p>Dimens\u00f5es de cada pe\u00e7a: 15 x 10 x 03 <!-- notionvc: ea9aa55a-462d-4f82-8d75-37e8045e5928 --><\/p>\n","protected":false},"featured_media":9065,"comment_status":"open","ping_status":"closed","template":"","meta":[],"product_brand":[230],"product_cat":[48],"product_tag":[],"class_list":{"0":"post-9075","1":"product","2":"type-product","3":"status-publish","6":"product_brand-brink-sul","7":"product_cat-jogosdeequipe","9":"first","10":"instock","11":"shipping-taxable","12":"purchasable","13":"product-type-simple"},"_links":{"self":[{"href":"https:\/\/educaredigital.online\/loja\/wp-json\/wp\/v2\/product\/9075","targetHints":{"allow":["GET"]}}],"collection":[{"href":"https:\/\/educaredigital.online\/loja\/wp-json\/wp\/v2\/product"}],"about":[{"href":"https:\/\/educaredigital.online\/loja\/wp-json\/wp\/v2\/types\/product"}],"replies":[{"embeddable":true,"href":"https:\/\/educaredigital.online\/loja\/wp-json\/wp\/v2\/comments?post=9075"}],"wp:featuredmedia":[{"embeddable":true,"href":"https:\/\/educaredigital.online\/loja\/wp-json\/wp\/v2\/media\/9065"}],"wp:attachment":[{"href":"https:\/\/educaredigital.online\/loja\/wp-json\/wp\/v2\/media?parent=9075"}],"wp:term":[{"taxonomy":"product_brand","embeddable":true,"href":"https:\/\/educaredigital.online\/loja\/wp-json\/wp\/v2\/product_brand?post=9075"},{"taxonomy":"product_cat","embeddable":true,"href":"https:\/\/educaredigital.online\/loja\/wp-json\/wp\/v2\/product_cat?post=9075"},{"taxonomy":"product_tag","embeddable":true,"href":"https:\/\/educaredigital.online\/loja\/wp-json\/wp\/v2\/product_tag?post=9075"}],"curies":[{"name":"wp","href":"https:\/\/api.w.org\/{rel}","templated":true}]}}