{"id":9069,"date":"2026-04-22T14:07:57","date_gmt":"2026-04-22T14:07:57","guid":{"rendered":"https:\/\/educaredigital.online\/loja\/?post_type=product&#038;p=9069"},"modified":"2026-04-24T19:47:16","modified_gmt":"2026-04-24T19:47:16","slug":"domino-adicao-gigante","status":"publish","type":"product","link":"https:\/\/educaredigital.online\/loja\/produto\/domino-adicao-gigante\/","title":{"rendered":"Domin\u00f3 Adi\u00e7\u00e3o Gigante"},"content":{"rendered":"<ul>\n<li>Confecionado em espuma, revestido em corino.<\/li>\n<li>Com impress\u00e3o digital<\/li>\n<li>Cont\u00e9m 28 pe\u00e7as.<\/li>\n<li>Acondicionado em sacola PVC cristal, com al\u00e7a e ziper.<\/li>\n<\/ul>\n<p><!-- notionvc: 94a65f19-ff3f-4d97-8633-bf8a50c1098e --><\/p>\n","protected":false},"excerpt":{"rendered":"<p>Dimens\u00f5es de cada pe\u00e7a: 15 x 10 x 03 <!-- notionvc: e6c3df19-60ea-4b3a-85c2-40f69ccfb122 --><\/p>\n","protected":false},"featured_media":9061,"comment_status":"open","ping_status":"closed","template":"","meta":[],"product_brand":[230],"product_cat":[48],"product_tag":[],"class_list":{"0":"post-9069","1":"product","2":"type-product","3":"status-publish","6":"product_brand-brink-sul","7":"product_cat-jogosdeequipe","9":"first","10":"instock","11":"shipping-taxable","12":"purchasable","13":"product-type-simple"},"_links":{"self":[{"href":"https:\/\/educaredigital.online\/loja\/wp-json\/wp\/v2\/product\/9069","targetHints":{"allow":["GET"]}}],"collection":[{"href":"https:\/\/educaredigital.online\/loja\/wp-json\/wp\/v2\/product"}],"about":[{"href":"https:\/\/educaredigital.online\/loja\/wp-json\/wp\/v2\/types\/product"}],"replies":[{"embeddable":true,"href":"https:\/\/educaredigital.online\/loja\/wp-json\/wp\/v2\/comments?post=9069"}],"wp:featuredmedia":[{"embeddable":true,"href":"https:\/\/educaredigital.online\/loja\/wp-json\/wp\/v2\/media\/9061"}],"wp:attachment":[{"href":"https:\/\/educaredigital.online\/loja\/wp-json\/wp\/v2\/media?parent=9069"}],"wp:term":[{"taxonomy":"product_brand","embeddable":true,"href":"https:\/\/educaredigital.online\/loja\/wp-json\/wp\/v2\/product_brand?post=9069"},{"taxonomy":"product_cat","embeddable":true,"href":"https:\/\/educaredigital.online\/loja\/wp-json\/wp\/v2\/product_cat?post=9069"},{"taxonomy":"product_tag","embeddable":true,"href":"https:\/\/educaredigital.online\/loja\/wp-json\/wp\/v2\/product_tag?post=9069"}],"curies":[{"name":"wp","href":"https:\/\/api.w.org\/{rel}","templated":true}]}}